{"id":13042,"date":"2025-07-20T10:47:33","date_gmt":"2025-07-20T08:47:33","guid":{"rendered":"https:\/\/candeebaar.ee\/?post_type=product&#038;p=13042"},"modified":"2026-02-10T08:20:57","modified_gmt":"2026-02-10T06:20:57","slug":"kakkulevy-1-cm-d58","status":"publish","type":"product","link":"https:\/\/candeebaar.ee\/fi\/kauppa\/kakkulevy-1-cm-d58\/","title":{"rendered":"Kakkulevy 1 cm d58"},"content":{"rendered":"<p>Vahvistettu pohja, jonka paksuus on 12 mm, sopii raskaille h\u00e4\u00e4kakuille.<br \/>\nHalkaisija: 580 mm<br \/>\nMateriaali: laminoitu vahvistettu aaltopahvi<br \/>\nV\u00e4ri: valkoinen<br \/>\n<strong>Toimitus vain Smartpostilla (Omnivan laatikot ovat liian pieni\u00e4)<\/strong><\/p>","protected":false},"excerpt":{"rendered":"<p>Vahvistettu pohja, paksuus 12 mm, raskaille h\u00e4\u00e4kakuille. Halkaisija: 580 mm. Materiaali: laminoitu vahvistettu aaltopahvi. V\u00e4ri: valkoinen. Toimitus vain Smartpostilla (Omniva-laatikot ovat liian pieni\u00e4).<\/p>","protected":false},"featured_media":6811,"template":"","meta":{"_seopress_robots_primary_cat":"none","_seopress_titles_title":"","_seopress_titles_desc":"","_seopress_robots_index":""},"product_brand":[],"product_cat":[180,15,148,106],"product_tag":[],"class_list":{"0":"post-13042","1":"product","2":"type-product","3":"status-publish","4":"has-post-thumbnail","6":"product_cat-wedding-products","7":"product_cat-all-products","8":"product_cat-32cm-and-bigger","9":"product_cat-new","11":"first","12":"instock","13":"taxable","14":"shipping-taxable","15":"purchasable","16":"product-type-simple"},"_links":{"self":[{"href":"https:\/\/candeebaar.ee\/fi\/wp-json\/wp\/v2\/product\/13042","targetHints":{"allow":["GET"]}}],"collection":[{"href":"https:\/\/candeebaar.ee\/fi\/wp-json\/wp\/v2\/product"}],"about":[{"href":"https:\/\/candeebaar.ee\/fi\/wp-json\/wp\/v2\/types\/product"}],"version-history":[{"count":1,"href":"https:\/\/candeebaar.ee\/fi\/wp-json\/wp\/v2\/product\/13042\/revisions"}],"predecessor-version":[{"id":13043,"href":"https:\/\/candeebaar.ee\/fi\/wp-json\/wp\/v2\/product\/13042\/revisions\/13043"}],"wp:featuredmedia":[{"embeddable":true,"href":"https:\/\/candeebaar.ee\/fi\/wp-json\/wp\/v2\/media\/6811"}],"wp:attachment":[{"href":"https:\/\/candeebaar.ee\/fi\/wp-json\/wp\/v2\/media?parent=13042"}],"wp:term":[{"taxonomy":"product_brand","embeddable":true,"href":"https:\/\/candeebaar.ee\/fi\/wp-json\/wp\/v2\/product_brand?post=13042"},{"taxonomy":"product_cat","embeddable":true,"href":"https:\/\/candeebaar.ee\/fi\/wp-json\/wp\/v2\/product_cat?post=13042"},{"taxonomy":"product_tag","embeddable":true,"href":"https:\/\/candeebaar.ee\/fi\/wp-json\/wp\/v2\/product_tag?post=13042"}],"curies":[{"name":"wp","href":"https:\/\/api.w.org\/{rel}","templated":true}]}}