{"id":13252,"date":"2025-08-13T18:29:51","date_gmt":"2025-08-13T16:29:51","guid":{"rendered":"https:\/\/candeebaar.ee\/?post_type=product&#038;p=13252"},"modified":"2026-04-15T15:39:24","modified_gmt":"2026-04-15T13:39:24","slug":"valkoinen-kakkulevy-2323-cm3-mm-nelio","status":"publish","type":"product","link":"https:\/\/candeebaar.ee\/fi\/kauppa\/valkoinen-kakkulevy-2323-cm3-mm-nelio\/","title":{"rendered":"Valkoinen kakkulevy 23 * 23 cm * 3 mm neli\u00f6"},"content":{"rendered":"<p>Tihe\u00e4st\u00e4 vahvistetun kartongin nelikulmainen pohja, kosteutta ja rasvaa hylkiv\u00e4.<br \/>\nV\u00e4ri: valkoinen<br \/>\nKoko: 230 * 230 mm<br \/>\nPaksuus: 3mm<\/p>","protected":false},"excerpt":{"rendered":"<p>Neli\u00f6nmuotoinen pohja tihe\u00e4st\u00e4 vahvistetusta pahvista, kosteutta ja rasvaa hylkiv\u00e4. V\u00e4ri: valkoinen. Koko: 230 * 230 mm. Paksuus: 3 mm.<\/p>","protected":false},"featured_media":7501,"template":"","meta":{"_seopress_robots_primary_cat":"none","_seopress_titles_title":"","_seopress_titles_desc":"","_seopress_robots_index":""},"product_brand":[],"product_cat":[15,142,143,149,106],"product_tag":[],"class_list":{"0":"post-13252","1":"product","2":"type-product","3":"status-publish","4":"has-post-thumbnail","6":"product_cat-all-products","7":"product_cat-22cm","8":"product_cat-24cm","9":"product_cat-square-and-rectangular","10":"product_cat-new","12":"first","13":"instock","14":"taxable","15":"shipping-taxable","16":"purchasable","17":"product-type-simple"},"_links":{"self":[{"href":"https:\/\/candeebaar.ee\/fi\/wp-json\/wp\/v2\/product\/13252","targetHints":{"allow":["GET"]}}],"collection":[{"href":"https:\/\/candeebaar.ee\/fi\/wp-json\/wp\/v2\/product"}],"about":[{"href":"https:\/\/candeebaar.ee\/fi\/wp-json\/wp\/v2\/types\/product"}],"version-history":[{"count":1,"href":"https:\/\/candeebaar.ee\/fi\/wp-json\/wp\/v2\/product\/13252\/revisions"}],"predecessor-version":[{"id":13253,"href":"https:\/\/candeebaar.ee\/fi\/wp-json\/wp\/v2\/product\/13252\/revisions\/13253"}],"wp:featuredmedia":[{"embeddable":true,"href":"https:\/\/candeebaar.ee\/fi\/wp-json\/wp\/v2\/media\/7501"}],"wp:attachment":[{"href":"https:\/\/candeebaar.ee\/fi\/wp-json\/wp\/v2\/media?parent=13252"}],"wp:term":[{"taxonomy":"product_brand","embeddable":true,"href":"https:\/\/candeebaar.ee\/fi\/wp-json\/wp\/v2\/product_brand?post=13252"},{"taxonomy":"product_cat","embeddable":true,"href":"https:\/\/candeebaar.ee\/fi\/wp-json\/wp\/v2\/product_cat?post=13252"},{"taxonomy":"product_tag","embeddable":true,"href":"https:\/\/candeebaar.ee\/fi\/wp-json\/wp\/v2\/product_tag?post=13252"}],"curies":[{"name":"wp","href":"https:\/\/api.w.org\/{rel}","templated":true}]}}