{"id":13590,"date":"2025-09-19T08:01:37","date_gmt":"2025-09-19T06:01:37","guid":{"rendered":"https:\/\/candeebaar.ee\/?post_type=product&#038;p=13590"},"modified":"2026-04-13T16:47:50","modified_gmt":"2026-04-13T14:47:50","slug":"valkoinen-rasia-yhdelle-kuppikakulle-ikkunakopiolla","status":"publish","type":"product","link":"https:\/\/candeebaar.ee\/fi\/kauppa\/valkoinen-rasia-yhdelle-kuppikakulle-ikkunakopiolla\/","title":{"rendered":"Valkoinen ikkunallinen rasia yhdelle kuppikakulle"},"content":{"rendered":"<p>Cupcake laatikko.<br \/>\nSiin\u00e4 on erityinen sis\u00e4ke, joka pit\u00e4\u00e4 kuppikakun tukevasti paikallaan. Ikkuna on valmistettu l\u00e4pin\u00e4kyv\u00e4st\u00e4 muovista.<br \/>\nLeveys: 10 cm<br \/>\nPituus: 10 cm<br \/>\nKorkeus: 6,5 cm<br \/>\nV\u00e4ri: valkoinen<br \/>\nMateriaali: pahvi<br \/>\nHelppo koota<\/p>\n<p>&nbsp;<\/p>","protected":false},"excerpt":{"rendered":"<p>Kuppikakkurasia. Siin\u00e4 on erityinen sis\u00e4ke, joka pit\u00e4\u00e4 kuppikakun tukevasti paikallaan. Ikkuna l\u00e4pin\u00e4kyv\u00e4\u00e4 muovia. Leveys: 10 cm Pituus: 10 cm Korkeus: 6,5 cm V\u00e4ri: valkoinen Materiaali: pahvi Helppo koota &nbsp;<\/p>","protected":false},"featured_media":13592,"template":"","meta":{"_seopress_robots_primary_cat":"none","_seopress_titles_title":"","_seopress_titles_desc":"","_seopress_robots_index":""},"product_brand":[],"product_cat":[15,152,93,106],"product_tag":[],"class_list":{"0":"post-13590","1":"product","2":"type-product","3":"status-publish","4":"has-post-thumbnail","6":"product_cat-all-products","7":"product_cat-cupcakes","8":"product_cat-gift-packaging","9":"product_cat-new","11":"first","12":"instock","13":"taxable","14":"shipping-taxable","15":"purchasable","16":"product-type-simple"},"_links":{"self":[{"href":"https:\/\/candeebaar.ee\/fi\/wp-json\/wp\/v2\/product\/13590","targetHints":{"allow":["GET"]}}],"collection":[{"href":"https:\/\/candeebaar.ee\/fi\/wp-json\/wp\/v2\/product"}],"about":[{"href":"https:\/\/candeebaar.ee\/fi\/wp-json\/wp\/v2\/types\/product"}],"version-history":[{"count":1,"href":"https:\/\/candeebaar.ee\/fi\/wp-json\/wp\/v2\/product\/13590\/revisions"}],"predecessor-version":[{"id":13593,"href":"https:\/\/candeebaar.ee\/fi\/wp-json\/wp\/v2\/product\/13590\/revisions\/13593"}],"wp:featuredmedia":[{"embeddable":true,"href":"https:\/\/candeebaar.ee\/fi\/wp-json\/wp\/v2\/media\/13592"}],"wp:attachment":[{"href":"https:\/\/candeebaar.ee\/fi\/wp-json\/wp\/v2\/media?parent=13590"}],"wp:term":[{"taxonomy":"product_brand","embeddable":true,"href":"https:\/\/candeebaar.ee\/fi\/wp-json\/wp\/v2\/product_brand?post=13590"},{"taxonomy":"product_cat","embeddable":true,"href":"https:\/\/candeebaar.ee\/fi\/wp-json\/wp\/v2\/product_cat?post=13590"},{"taxonomy":"product_tag","embeddable":true,"href":"https:\/\/candeebaar.ee\/fi\/wp-json\/wp\/v2\/product_tag?post=13590"}],"curies":[{"name":"wp","href":"https:\/\/api.w.org\/{rel}","templated":true}]}}