{"id":13607,"date":"2025-09-22T07:41:24","date_gmt":"2025-09-22T05:41:24","guid":{"rendered":"https:\/\/candeebaar.ee\/?post_type=product&#038;p=13607"},"modified":"2025-10-28T10:26:38","modified_gmt":"2025-10-28T08:26:38","slug":"strosselit-karkkia-tai-herkkua-45-g","status":"publish","type":"product","link":"https:\/\/candeebaar.ee\/fi\/kauppa\/strosselit-karkkia-tai-herkkua-45-g\/","title":{"rendered":"Str\u00f6sselit \u201cKarkki vai herkku\u201d 45g"},"content":{"rendered":"<p>Sprinkleet sekoitetaan.<\/p>\n<p>Ainekset:<\/p>\n<p>Sokeri, t\u00e4rkkelys (<strong>VEHN\u00c4<\/strong>, maissi, peruna, riisi), jauhot (<strong>VEHN\u00c4<\/strong>, riisi), kasvi\u00f6ljyt (auringonkukka, rapsi, kookos), kasvirasva (palmu\u00f6ljy), glukoosisiirappi, dekstroosi, maltodekstriini, t\u00e4ysjyv\u00e4vilja <strong>MAITO<\/strong> jauhe, liuennut<strong> MAITO<\/strong> proteiini, kaakaovoi, kaakaomassa, v\u00e4ri (E100, E110*, E120, E132, E153, E160b, E172, E174), elintarvikev\u00e4ri (tiiviste, omenamehu, porkkanamehu, paprika, punajuurimehu, sitruuna, acerola-kirsikka), aromi, luontainen vaniljan aromi, keinotekoinen vaniljan aromi, lakritsijauhe, pintak\u00e4sittelyaine (E901, E903, E904), sakeuttamisaine (E414), emulgointiaine (lesitiini (auringonkukka, rapsi, SOIJA), E473), gelatiini (naudanliha), irrotusaine (E470b, E553b), kosteudens\u00e4ilytt\u00e4j\u00e4 (E422), happamuudens\u00e4\u00e4t\u00f6aine (E330). Saattaa sis\u00e4lt\u00e4\u00e4 j\u00e4\u00e4mi\u00e4 <strong>P\u00c4HKIN\u00c4T<\/strong> ja <strong>MUNAT<\/strong>.<\/p>\n<p><span style=\"text-decoration: underline;\">Ravitsemustiedot per 100g:<\/span><\/p>\n<p>Kcal: 396; Kj: 1678; Rasvaa: 1,9 g; josta tyydyttynytt\u00e4: 1,6 g; Hiilihydraatteja: 93,9 g; josta sokereita: 82,7; Proteiinia: 0,3 g; Suolaa: 0,00 g<\/p>\n<p>Ei sovellu alle 3-vuotiaille lapsille. Jotkut elementit voivat olla hampaille hankalia.<br \/>\nValmistaja: Saksa<br \/>\nS\u00e4ilyvyysaika: syyskuu 2027<\/p>","protected":false},"excerpt":{"rendered":"<p>Str\u00f6sselijauhe. Ainesosat: Sokeri, t\u00e4rkkelys (VEHN\u00c4, maissi, peruna, riisi), jauhot (VEHN\u00c4, riisi), kasvi\u00f6ljyt (auringonkukka, rapsi, kookos), kasvirasva (palmu\u00f6ljy), glukoosisiirappi, dekstroosi, maltodekstriini, t\u00e4ysMAITOjauhe, liuennut MAITOproteiini, kaakaovoi, kaakaomassa, v\u00e4ri (E100, E110*, E120, E132, E153, E160b, E172, E174), elintarvikev\u00e4ri (tiiviste, omenamehu, porkkanamehu, paprika, punajuurimehu, [\u2026]<\/p>","protected":false},"featured_media":13608,"template":"","meta":{"_seopress_robots_primary_cat":"none","_seopress_titles_title":"","_seopress_titles_desc":"","_seopress_robots_index":""},"product_brand":[],"product_cat":[15,104,106],"product_tag":[],"class_list":{"0":"post-13607","1":"product","2":"type-product","3":"status-publish","4":"has-post-thumbnail","6":"product_cat-all-products","7":"product_cat-sprinkles","8":"product_cat-new","10":"first","11":"outofstock","12":"taxable","13":"shipping-taxable","14":"purchasable","15":"product-type-simple"},"_links":{"self":[{"href":"https:\/\/candeebaar.ee\/fi\/wp-json\/wp\/v2\/product\/13607","targetHints":{"allow":["GET"]}}],"collection":[{"href":"https:\/\/candeebaar.ee\/fi\/wp-json\/wp\/v2\/product"}],"about":[{"href":"https:\/\/candeebaar.ee\/fi\/wp-json\/wp\/v2\/types\/product"}],"version-history":[{"count":1,"href":"https:\/\/candeebaar.ee\/fi\/wp-json\/wp\/v2\/product\/13607\/revisions"}],"predecessor-version":[{"id":13609,"href":"https:\/\/candeebaar.ee\/fi\/wp-json\/wp\/v2\/product\/13607\/revisions\/13609"}],"wp:featuredmedia":[{"embeddable":true,"href":"https:\/\/candeebaar.ee\/fi\/wp-json\/wp\/v2\/media\/13608"}],"wp:attachment":[{"href":"https:\/\/candeebaar.ee\/fi\/wp-json\/wp\/v2\/media?parent=13607"}],"wp:term":[{"taxonomy":"product_brand","embeddable":true,"href":"https:\/\/candeebaar.ee\/fi\/wp-json\/wp\/v2\/product_brand?post=13607"},{"taxonomy":"product_cat","embeddable":true,"href":"https:\/\/candeebaar.ee\/fi\/wp-json\/wp\/v2\/product_cat?post=13607"},{"taxonomy":"product_tag","embeddable":true,"href":"https:\/\/candeebaar.ee\/fi\/wp-json\/wp\/v2\/product_tag?post=13607"}],"curies":[{"name":"wp","href":"https:\/\/api.w.org\/{rel}","templated":true}]}}