{"id":13610,"date":"2025-09-22T07:48:26","date_gmt":"2025-09-22T05:48:26","guid":{"rendered":"https:\/\/candeebaar.ee\/?post_type=product&#038;p=13610"},"modified":"2026-03-21T14:36:52","modified_gmt":"2026-03-21T12:36:52","slug":"laventeli-vari-myllyoljysekoitus-20ml","status":"publish","type":"product","link":"https:\/\/candeebaar.ee\/fi\/kauppa\/laventeli-vari-myllyoljysekoitus-20ml\/","title":{"rendered":"Laventeli \u2013 Colour Mill -\u00f6ljysekoitus 20ml"},"content":{"rendered":"<p>Geelipohjainen \u00f6ljyinen elintarvikev\u00e4ri sopii erinomaisesti suklaalle ja muille rasvamassoille. Huomaa, ett\u00e4 v\u00e4riaine vaatii jonkin aikaa liukenemaan, joten lis\u00e4\u00e4 vain pieni\u00e4 m\u00e4\u00e4ri\u00e4 parhaan tuloksen saavuttamiseksi.<br \/>\nAinekset:<br \/>\nGlyseroli, rapsi\u00f6ljy, lesitiini, v\u00e4riaineet (E120, E132)<br \/>\nTuotanto: Australia<\/p>","protected":false},"excerpt":{"rendered":"<p>Geelipohjainen \u00f6ljypohjainen elintarvikev\u00e4ri sopii t\u00e4ydellisesti suklaalle ja muille rasvaisille massoille. Huomaa, ett\u00e4 v\u00e4rin liukeneminen vie jonkin aikaa, joten lis\u00e4\u00e4 sit\u00e4 vain pieni\u00e4 m\u00e4\u00e4ri\u00e4 optimaalisen tuloksen saavuttamiseksi. Ainesosat: Glyseroli, rapsi\u00f6ljy, lesitiini, v\u00e4riaineet (E120, E132) Valmistusmaa: Australia<\/p>","protected":false},"featured_media":13617,"template":"","meta":{"_seopress_robots_primary_cat":"none","_seopress_titles_title":"%%post_title%% %%sitetitle%%","_seopress_titles_desc":"Gel based oil food coloring is perfect for chocolate and other fat masses. Production: Australia","_seopress_robots_index":""},"product_brand":[],"product_cat":[15,176,106],"product_tag":[],"class_list":{"0":"post-13610","1":"product","2":"type-product","3":"status-publish","4":"has-post-thumbnail","6":"product_cat-all-products","7":"product_cat-gel-dyes-fat-soluble","8":"product_cat-new","10":"first","11":"instock","12":"taxable","13":"shipping-taxable","14":"purchasable","15":"product-type-simple"},"_links":{"self":[{"href":"https:\/\/candeebaar.ee\/fi\/wp-json\/wp\/v2\/product\/13610","targetHints":{"allow":["GET"]}}],"collection":[{"href":"https:\/\/candeebaar.ee\/fi\/wp-json\/wp\/v2\/product"}],"about":[{"href":"https:\/\/candeebaar.ee\/fi\/wp-json\/wp\/v2\/types\/product"}],"version-history":[{"count":1,"href":"https:\/\/candeebaar.ee\/fi\/wp-json\/wp\/v2\/product\/13610\/revisions"}],"predecessor-version":[{"id":13618,"href":"https:\/\/candeebaar.ee\/fi\/wp-json\/wp\/v2\/product\/13610\/revisions\/13618"}],"wp:featuredmedia":[{"embeddable":true,"href":"https:\/\/candeebaar.ee\/fi\/wp-json\/wp\/v2\/media\/13617"}],"wp:attachment":[{"href":"https:\/\/candeebaar.ee\/fi\/wp-json\/wp\/v2\/media?parent=13610"}],"wp:term":[{"taxonomy":"product_brand","embeddable":true,"href":"https:\/\/candeebaar.ee\/fi\/wp-json\/wp\/v2\/product_brand?post=13610"},{"taxonomy":"product_cat","embeddable":true,"href":"https:\/\/candeebaar.ee\/fi\/wp-json\/wp\/v2\/product_cat?post=13610"},{"taxonomy":"product_tag","embeddable":true,"href":"https:\/\/candeebaar.ee\/fi\/wp-json\/wp\/v2\/product_tag?post=13610"}],"curies":[{"name":"wp","href":"https:\/\/api.w.org\/{rel}","templated":true}]}}