{"id":13611,"date":"2025-09-22T07:48:28","date_gmt":"2025-09-22T05:48:28","guid":{"rendered":"https:\/\/candeebaar.ee\/?post_type=product&#038;p=13611"},"modified":"2026-03-03T22:20:49","modified_gmt":"2026-03-03T20:20:49","slug":"midnight-colour-oljysekoitus-mylly-20-ml","status":"publish","type":"product","link":"https:\/\/candeebaar.ee\/fi\/kauppa\/midnight-colour-oljysekoitus-mylly-20-ml\/","title":{"rendered":"Keskiy\u00f6 \u2013 Colour Mill -\u00f6ljysekoitus 20ml"},"content":{"rendered":"<p>Geelipohjainen \u00f6ljyinen elintarvikev\u00e4ri sopii erinomaisesti suklaalle ja muille rasvamassoille. Huomaa, ett\u00e4 v\u00e4riaine vaatii jonkin aikaa liukenemaan, joten lis\u00e4\u00e4 vain pieni\u00e4 m\u00e4\u00e4ri\u00e4 parhaan tuloksen saavuttamiseksi.<br \/>\nAinekset:<br \/>\nGlyseroli, rapsi\u00f6ljy, lesitiini, v\u00e4riaineet (E120, E132, E172)<br \/>\nTuotanto: Australia<\/p>","protected":false},"excerpt":{"rendered":"<p>Geelipohjainen \u00f6ljypohjainen elintarvikev\u00e4ri sopii t\u00e4ydellisesti suklaalle ja muille rasvaisille massoille. Huomaa, ett\u00e4 v\u00e4rin liukeneminen vie jonkin aikaa, joten lis\u00e4\u00e4 sit\u00e4 vain pieni\u00e4 m\u00e4\u00e4ri\u00e4 optimaalisen tuloksen saavuttamiseksi. Ainesosat: Glyseroli, rapsi\u00f6ljy, lesitiini, v\u00e4riaineet (E120, E132, E172) Valmistusmaa: Australia<\/p>","protected":false},"featured_media":13613,"template":"","meta":{"_seopress_robots_primary_cat":"none","_seopress_titles_title":"%%post_title%% %%sitetitle%%","_seopress_titles_desc":"Gel based oil food coloring is perfect for chocolate and other fat masses. Production: Australia","_seopress_robots_index":""},"product_brand":[],"product_cat":[15,176,106],"product_tag":[],"class_list":{"0":"post-13611","1":"product","2":"type-product","3":"status-publish","4":"has-post-thumbnail","6":"product_cat-all-products","7":"product_cat-gel-dyes-fat-soluble","8":"product_cat-new","10":"first","11":"outofstock","12":"taxable","13":"shipping-taxable","14":"purchasable","15":"product-type-simple"},"_links":{"self":[{"href":"https:\/\/candeebaar.ee\/fi\/wp-json\/wp\/v2\/product\/13611","targetHints":{"allow":["GET"]}}],"collection":[{"href":"https:\/\/candeebaar.ee\/fi\/wp-json\/wp\/v2\/product"}],"about":[{"href":"https:\/\/candeebaar.ee\/fi\/wp-json\/wp\/v2\/types\/product"}],"version-history":[{"count":1,"href":"https:\/\/candeebaar.ee\/fi\/wp-json\/wp\/v2\/product\/13611\/revisions"}],"predecessor-version":[{"id":13614,"href":"https:\/\/candeebaar.ee\/fi\/wp-json\/wp\/v2\/product\/13611\/revisions\/13614"}],"wp:featuredmedia":[{"embeddable":true,"href":"https:\/\/candeebaar.ee\/fi\/wp-json\/wp\/v2\/media\/13613"}],"wp:attachment":[{"href":"https:\/\/candeebaar.ee\/fi\/wp-json\/wp\/v2\/media?parent=13611"}],"wp:term":[{"taxonomy":"product_brand","embeddable":true,"href":"https:\/\/candeebaar.ee\/fi\/wp-json\/wp\/v2\/product_brand?post=13611"},{"taxonomy":"product_cat","embeddable":true,"href":"https:\/\/candeebaar.ee\/fi\/wp-json\/wp\/v2\/product_cat?post=13611"},{"taxonomy":"product_tag","embeddable":true,"href":"https:\/\/candeebaar.ee\/fi\/wp-json\/wp\/v2\/product_tag?post=13611"}],"curies":[{"name":"wp","href":"https:\/\/api.w.org\/{rel}","templated":true}]}}