{"id":13773,"date":"2025-10-14T12:30:18","date_gmt":"2025-10-14T10:30:18","guid":{"rendered":"https:\/\/candeebaar.ee\/?post_type=product&#038;p=13773"},"modified":"2026-04-07T02:13:49","modified_gmt":"2026-04-07T00:13:49","slug":"kaakaovoita-500-g","status":"publish","type":"product","link":"https:\/\/candeebaar.ee\/fi\/kauppa\/kaakaovoita-500-g\/","title":{"rendered":"Kaakaovoi 500 g"},"content":{"rendered":"<p>Kaakaovoi, tipat, hajuton.<br \/>\nPakkaus: 500 g (+-1 g)<br \/>\n100g sis\u00e4lt\u00e4\u00e4:<br \/>\nRasvat: 99,8 g<br \/>\nProteiinit: 0 g<br \/>\nHiilihydraatit: 0 g<br \/>\nSuola: 0 g<br \/>\nSokeri: 0 g<br \/>\nRavintoarvo:<br \/>\n3692,6 kJ\/898,2 kcal<br \/>\nValmistaja: Saksa<br \/>\nS\u00e4ilyt\u00e4 16-18\u00b0C l\u00e4mp\u00f6tilassa kuivassa ja pime\u00e4ss\u00e4 paikassa.<\/p>\n<p>&nbsp;<\/p>","protected":false},"excerpt":{"rendered":"<p>Kaakaovoi, tippoja, hajuton. Pakkaus: 500 g (+-1 g) 100 g sis\u00e4lt\u00e4\u00e4: Rasvaa: 99,8 g Proteiinia: 0 g Hiilihydraattia: 0 g Suolaa: 0 g Sokeria: 0 g Ravintosis\u00e4lt\u00f6: 3692,6 kJ\/898,2 kcal Valmistaja: Saksa S\u00e4ilyt\u00e4 16\u201318 \u00b0C:n l\u00e4mp\u00f6tilassa kuivassa ja pime\u00e4ss\u00e4 paikassa. &nbsp;<\/p>","protected":false},"featured_media":13771,"template":"","meta":{"_seopress_robots_primary_cat":"none","_seopress_titles_title":"","_seopress_titles_desc":"","_seopress_robots_index":""},"product_brand":[],"product_cat":[15,111,110,106],"product_tag":[],"class_list":{"0":"post-13773","1":"product","2":"type-product","3":"status-publish","4":"has-post-thumbnail","6":"product_cat-all-products","7":"product_cat-cacao-mill","8":"product_cat-callebaut","9":"product_cat-new","11":"first","12":"instock","13":"taxable","14":"shipping-taxable","15":"purchasable","16":"product-type-simple"},"_links":{"self":[{"href":"https:\/\/candeebaar.ee\/fi\/wp-json\/wp\/v2\/product\/13773","targetHints":{"allow":["GET"]}}],"collection":[{"href":"https:\/\/candeebaar.ee\/fi\/wp-json\/wp\/v2\/product"}],"about":[{"href":"https:\/\/candeebaar.ee\/fi\/wp-json\/wp\/v2\/types\/product"}],"version-history":[{"count":1,"href":"https:\/\/candeebaar.ee\/fi\/wp-json\/wp\/v2\/product\/13773\/revisions"}],"predecessor-version":[{"id":13774,"href":"https:\/\/candeebaar.ee\/fi\/wp-json\/wp\/v2\/product\/13773\/revisions\/13774"}],"wp:featuredmedia":[{"embeddable":true,"href":"https:\/\/candeebaar.ee\/fi\/wp-json\/wp\/v2\/media\/13771"}],"wp:attachment":[{"href":"https:\/\/candeebaar.ee\/fi\/wp-json\/wp\/v2\/media?parent=13773"}],"wp:term":[{"taxonomy":"product_brand","embeddable":true,"href":"https:\/\/candeebaar.ee\/fi\/wp-json\/wp\/v2\/product_brand?post=13773"},{"taxonomy":"product_cat","embeddable":true,"href":"https:\/\/candeebaar.ee\/fi\/wp-json\/wp\/v2\/product_cat?post=13773"},{"taxonomy":"product_tag","embeddable":true,"href":"https:\/\/candeebaar.ee\/fi\/wp-json\/wp\/v2\/product_tag?post=13773"}],"curies":[{"name":"wp","href":"https:\/\/api.w.org\/{rel}","templated":true}]}}