{"id":13980,"date":"2025-10-31T10:48:11","date_gmt":"2025-10-31T08:48:11","guid":{"rendered":"https:\/\/candeebaar.ee\/?post_type=product&#038;p=13980"},"modified":"2026-04-13T19:50:25","modified_gmt":"2026-04-13T17:50:25","slug":"sprinkles-syva-viidakko","status":"publish","type":"product","link":"https:\/\/candeebaar.ee\/fi\/kauppa\/sprinkles-syva-viidakko\/","title":{"rendered":"Str\u00f6sselit \u201cSyv\u00e4 viidakko\u201d 45g"},"content":{"rendered":"<p>Str\u00f6sselit j\u00e4lkiruoan koristeluun.<\/p>\n<p><strong>Ainesosat<\/strong>:<\/p>\n<p>Sokeri, dekstroosi, maissit\u00e4rkkelys, dekstriini, paisutettu riisi, riisijauho, valkoinen sokeri, puhdistettu deodoroitu palmu\u00f6ljy, melassi, tomusokeri, hydraamaton palmu\u00f6ljy, kookos\u00f6ljy, lesitiini, magnesiumstearaatti, karnaubavaha (E903); pintak\u00e4sittelyaineet: arabikumi (E414), talkki (E553b), sellakka (E904); sakeuttamisaine: karboksimetyyliselluloosa (CMC) (E466); aromi: vanilja; v\u00e4riaineet: tartrasiini (E102), Ponceau 4R (E124), patenttisininen V (E131), sy\u00f6t\u00e4v\u00e4 hopea (E174).<\/p>\n<p>Saattaa sis\u00e4lt\u00e4\u00e4 j\u00e4lki\u00e4 <strong>munat, maito ja p\u00e4hkin\u00e4t<\/strong>.<\/p>\n<p>Sis\u00e4lt\u00e4\u00e4 tartrasiinia (E102) ja Ponceau 4R:\u00e4\u00e4 (E124), joilla voi olla haitallinen vaikutus lasten aktiivisuuteen ja tarkkaavaisuuteen.<\/p>\n<p><strong>Ravitsemustietoa:<\/strong><\/p>\n<table width=\"510\">\n<tbody>\n<tr>\n<td colspan=\"2\" width=\"510\">100g sis\u00e4lt\u00e4\u00e4 keskiarvon:<\/td>\n<\/tr>\n<tr>\n<td width=\"200\">Kaloriarvo<\/td>\n<td width=\"310\">1653 kJ \/ 394 kcal<\/td>\n<\/tr>\n<tr>\n<td width=\"200\">Proteiinit<\/td>\n<td width=\"310\">0,33 g<\/td>\n<\/tr>\n<tr>\n<td width=\"200\">Rasvat<\/p>\n<p>\u2013 Kyll\u00e4stynyt<\/td>\n<td width=\"310\">0,72 g<\/p>\n<p>- 0,01 g<\/td>\n<\/tr>\n<tr>\n<td width=\"200\">Kokonaishiilihydraatti - Sokeri<\/td>\n<td width=\"310\">96,7 g\u201370,02 g<\/td>\n<\/tr>\n<tr>\n<td width=\"200\">Suolaa<\/td>\n<td width=\"310\">0 g<\/td>\n<\/tr>\n<\/tbody>\n<\/table>\n<p style=\"font-weight: 400;\">Ei sovellu alle 3-vuotiaille lapsille. Useimmissa elementeiss\u00e4 on pehme\u00e4 riisipohja sis\u00e4ll\u00e4, kun taas jotkut voivat olla kovia.<br \/>\nS\u00e4ilyt\u00e4 suljettuna huoneenl\u00e4mm\u00f6ss\u00e4 ja normaalissa (40-75%) kosteudessa.<br \/>\nValmistaja: Saksa<br \/>\nS\u00e4ilyvyys: joulukuu 2026<\/p>","protected":false},"excerpt":{"rendered":"<p>J\u00e4lkiruokien koristeluun tarkoitettuja str\u00f6sseleit\u00e4. Ainesosat: Sokeri, dekstroosi, maissit\u00e4rkkelys, dekstriini, paisutettu riisi, riisijauho, valkoinen sokeri, puhdistettu deodoroitu palmu\u00f6ljy, melassi, tomusokeri, hydraamaton palmu\u00f6ljy, kookos\u00f6ljy, lesitiini, magnesiumstearaatti, karnaubavaha (E903); pintak\u00e4sittelyaineet: arabikumi (E414), talkki (E553b), sellakka (E904); sakeuttamisaine: karboksimetyyliselluloosa (CMC) (E466); aromi: vanilja; v\u00e4riaineet: tartrasiini (E102), Ponceau 4R (E124), [\u2026]<\/p>","protected":false},"featured_media":13985,"template":"","meta":{"_seopress_robots_primary_cat":"none","_seopress_titles_title":"","_seopress_titles_desc":"","_seopress_robots_index":""},"product_brand":[],"product_cat":[15,104,106],"product_tag":[],"class_list":{"0":"post-13980","1":"product","2":"type-product","3":"status-publish","4":"has-post-thumbnail","6":"product_cat-all-products","7":"product_cat-sprinkles","8":"product_cat-new","10":"first","11":"instock","12":"taxable","13":"shipping-taxable","14":"purchasable","15":"product-type-simple"},"_links":{"self":[{"href":"https:\/\/candeebaar.ee\/fi\/wp-json\/wp\/v2\/product\/13980","targetHints":{"allow":["GET"]}}],"collection":[{"href":"https:\/\/candeebaar.ee\/fi\/wp-json\/wp\/v2\/product"}],"about":[{"href":"https:\/\/candeebaar.ee\/fi\/wp-json\/wp\/v2\/types\/product"}],"version-history":[{"count":2,"href":"https:\/\/candeebaar.ee\/fi\/wp-json\/wp\/v2\/product\/13980\/revisions"}],"predecessor-version":[{"id":13990,"href":"https:\/\/candeebaar.ee\/fi\/wp-json\/wp\/v2\/product\/13980\/revisions\/13990"}],"wp:featuredmedia":[{"embeddable":true,"href":"https:\/\/candeebaar.ee\/fi\/wp-json\/wp\/v2\/media\/13985"}],"wp:attachment":[{"href":"https:\/\/candeebaar.ee\/fi\/wp-json\/wp\/v2\/media?parent=13980"}],"wp:term":[{"taxonomy":"product_brand","embeddable":true,"href":"https:\/\/candeebaar.ee\/fi\/wp-json\/wp\/v2\/product_brand?post=13980"},{"taxonomy":"product_cat","embeddable":true,"href":"https:\/\/candeebaar.ee\/fi\/wp-json\/wp\/v2\/product_cat?post=13980"},{"taxonomy":"product_tag","embeddable":true,"href":"https:\/\/candeebaar.ee\/fi\/wp-json\/wp\/v2\/product_tag?post=13980"}],"curies":[{"name":"wp","href":"https:\/\/api.w.org\/{rel}","templated":true}]}}