{"id":13998,"date":"2025-10-31T11:04:07","date_gmt":"2025-10-31T09:04:07","guid":{"rendered":"https:\/\/candeebaar.ee\/?post_type=product&#038;p=13998"},"modified":"2025-11-02T20:40:54","modified_gmt":"2025-11-02T18:40:54","slug":"strosselit-sulje-silmasi","status":"publish","type":"product","link":"https:\/\/candeebaar.ee\/fi\/kauppa\/strosselit-sulje-silmasi\/","title":{"rendered":"Str\u00f6sselit \u201cSulje silm\u00e4si\u201d 45g"},"content":{"rendered":"<p>Str\u00f6sselit j\u00e4lkiruoan koristeluun.<\/p>\n<p><strong>Ainesosat<\/strong>:<\/p>\n<p>Sokeri, dekstroosi, maissit\u00e4rkkelys, dekstriini, paisutettu riisi, riisijauho, valkoinen sokeri, puhdistettu deodoroitu palmu\u00f6ljy, melassi, tomusokeri, hydraamaton palmu\u00f6ljy, kookos\u00f6ljy, lesitiini, magnesiumstearaatti, karnaubavaha (E903); pintak\u00e4sittelyaineet: arabikumi (E414), talkki (E553b), sellakka (E904); sakeuttamisaine: karboksimetyyliselluloosa (CMC) (E466); aromi: vanilja; elintarvikev\u00e4rit: tartrasiini (E102), Ponceau 4R (E124), patenttisininen V (E131), briljanttimusta BN (E151), sy\u00f6t\u00e4v\u00e4 hopea (E174).<\/p>\n<p>Saattaa sis\u00e4lt\u00e4\u00e4 j\u00e4lki\u00e4 <strong>munat, maito ja p\u00e4hkin\u00e4t<\/strong>.<\/p>\n<p>Sis\u00e4lt\u00e4\u00e4 tartrasiinia (E102) ja Ponceau 4R:\u00e4\u00e4 (E124), jotka voivat heikent\u00e4\u00e4 lasten aktiivisuutta ja tarkkaavaisuutta.<\/p>\n<p><strong>Ravitsemustietoa:<\/strong><\/p>\n<table width=\"510\">\n<tbody>\n<tr>\n<td colspan=\"2\" width=\"510\">100g sis\u00e4lt\u00e4\u00e4 keskiarvon:<\/td>\n<\/tr>\n<tr>\n<td width=\"200\">Energia-arvo<\/td>\n<td width=\"310\">1638 kJ \/ 391,2 kcal<\/td>\n<\/tr>\n<tr>\n<td width=\"200\">Proteiinit<\/td>\n<td width=\"310\">0,4 g<\/td>\n<\/tr>\n<tr>\n<td width=\"200\">Rasvat<\/p>\n<p>\u2013 Kyll\u00e4stynyt<\/td>\n<td width=\"310\">1,59 g<\/p>\n<p>\u2013 0,67 g<\/td>\n<\/tr>\n<tr>\n<td width=\"200\">Kokonaishiilihydraatti - Sokeri<\/td>\n<td width=\"310\">93,26 g - 73,52 g<\/td>\n<\/tr>\n<tr>\n<td width=\"200\">Suolaa<\/td>\n<td width=\"310\">0 g<\/td>\n<\/tr>\n<\/tbody>\n<\/table>\n<p style=\"font-weight: 400;\">Ei sovellu alle 3-vuotiaille lapsille. Useimmissa elementeiss\u00e4 on pehme\u00e4 riisipohja sis\u00e4ll\u00e4, kun taas jotkut voivat olla kovia.<br \/>\nS\u00e4ilyt\u00e4 suljettuna huoneenl\u00e4mm\u00f6ss\u00e4 ja normaalissa (40-75%) kosteudessa.<br \/>\nValmistaja: Saksa<br \/>\nS\u00e4ilyvyys: joulukuu 2026<\/p>","protected":false},"excerpt":{"rendered":"<p>J\u00e4lkiruokien koristeluun tarkoitettuja str\u00f6sseleit\u00e4. Ainesosat: Sokeri, dekstroosi, maissit\u00e4rkkelys, dekstriini, paisutettu riisi, riisijauho, valkoinen sokeri, puhdistettu deodoroitu palmu\u00f6ljy, melassi, tomusokeri, hydraamaton palmu\u00f6ljy, kookos\u00f6ljy, lesitiini, magnesiumstearaatti, karnaubavaha (E903); pintak\u00e4sittelyaineet: arabikumi (E414), talkki (E553b), sellakka (E904); sakeuttamisaine: karboksimetyyliselluloosa (CMC) (E466); aromi: vanilja; elintarvikev\u00e4rit: tartrasiini (E102), Ponceau 4R (E124), [\u2026]<\/p>","protected":false},"featured_media":13988,"template":"","meta":{"_seopress_robots_primary_cat":"none","_seopress_titles_title":"","_seopress_titles_desc":"","_seopress_robots_index":""},"product_brand":[],"product_cat":[15,104,106],"product_tag":[],"class_list":{"0":"post-13998","1":"product","2":"type-product","3":"status-publish","4":"has-post-thumbnail","6":"product_cat-all-products","7":"product_cat-sprinkles","8":"product_cat-new","10":"first","11":"instock","12":"taxable","13":"shipping-taxable","14":"purchasable","15":"product-type-simple"},"_links":{"self":[{"href":"https:\/\/candeebaar.ee\/fi\/wp-json\/wp\/v2\/product\/13998","targetHints":{"allow":["GET"]}}],"collection":[{"href":"https:\/\/candeebaar.ee\/fi\/wp-json\/wp\/v2\/product"}],"about":[{"href":"https:\/\/candeebaar.ee\/fi\/wp-json\/wp\/v2\/types\/product"}],"version-history":[{"count":1,"href":"https:\/\/candeebaar.ee\/fi\/wp-json\/wp\/v2\/product\/13998\/revisions"}],"predecessor-version":[{"id":13999,"href":"https:\/\/candeebaar.ee\/fi\/wp-json\/wp\/v2\/product\/13998\/revisions\/13999"}],"wp:featuredmedia":[{"embeddable":true,"href":"https:\/\/candeebaar.ee\/fi\/wp-json\/wp\/v2\/media\/13988"}],"wp:attachment":[{"href":"https:\/\/candeebaar.ee\/fi\/wp-json\/wp\/v2\/media?parent=13998"}],"wp:term":[{"taxonomy":"product_brand","embeddable":true,"href":"https:\/\/candeebaar.ee\/fi\/wp-json\/wp\/v2\/product_brand?post=13998"},{"taxonomy":"product_cat","embeddable":true,"href":"https:\/\/candeebaar.ee\/fi\/wp-json\/wp\/v2\/product_cat?post=13998"},{"taxonomy":"product_tag","embeddable":true,"href":"https:\/\/candeebaar.ee\/fi\/wp-json\/wp\/v2\/product_tag?post=13998"}],"curies":[{"name":"wp","href":"https:\/\/api.w.org\/{rel}","templated":true}]}}