{"id":14009,"date":"2025-10-31T11:19:20","date_gmt":"2025-10-31T09:19:20","guid":{"rendered":"https:\/\/candeebaar.ee\/?post_type=product&#038;p=14009"},"modified":"2025-12-04T10:49:30","modified_gmt":"2025-12-04T08:49:30","slug":"strosselit-talviloma","status":"publish","type":"product","link":"https:\/\/candeebaar.ee\/fi\/kauppa\/strosselit-talviloma\/","title":{"rendered":"Str\u00f6sselit \u201cTalviloma\u201d 45g"},"content":{"rendered":"<p>Str\u00f6sselit j\u00e4lkiruoan koristeluun.<\/p>\n<p><strong>Ainesosat<\/strong>:<\/p>\n<p>Paisutettu riisi, sokerisiirappi, maissit\u00e4rkkelys, tomusokeri, E170, E102, E124, E174, <b>VEHN\u00c4\u00a0<\/b>jauhot, vesi, glukoosi, palmu\u00f6ljy (ei-hydrattu), riisijauho, maltodekstriini, akaasiakumi, Capol\u00ae-kiillotusaine<\/p>\n<p>Saattaa sis\u00e4lt\u00e4\u00e4 j\u00e4lki\u00e4 <strong>munat, maito ja p\u00e4hkin\u00e4t<\/strong>.<\/p>\n<p>Sis\u00e4lt\u00e4\u00e4 E102- ja E124-v\u00e4riaineita, joilla voi olla haitallinen vaikutus lasten aktiivisuuteen ja tarkkaavaisuuteen.<\/p>\n<p><strong>Ravitsemustietoa:<\/strong><\/p>\n<table width=\"510\">\n<tbody>\n<tr>\n<td colspan=\"2\" width=\"510\">100g sis\u00e4lt\u00e4\u00e4 keskiarvon:<\/td>\n<\/tr>\n<tr>\n<td width=\"200\">Energia-arvo<\/td>\n<td width=\"310\">1545 kJ \/ 369 kcal<\/td>\n<\/tr>\n<tr>\n<td width=\"200\">Proteiinit<\/td>\n<td width=\"310\">3,4 g<\/td>\n<\/tr>\n<tr>\n<td width=\"200\">Rasvat<\/p>\n<p>\u2013 Kyll\u00e4stynyt<\/td>\n<td width=\"310\">0,3 g<\/p>\n<p>\u2013 0,1 g<\/td>\n<\/tr>\n<tr>\n<td width=\"200\">Kokonaishiilihydraatti - Sokeri<\/td>\n<td width=\"310\">91 g\u201372,4 g<\/td>\n<\/tr>\n<tr>\n<td width=\"200\">Suolaa<\/td>\n<td width=\"310\">0 g<\/td>\n<\/tr>\n<\/tbody>\n<\/table>\n<p style=\"font-weight: 400;\">Ei sovellu alle 3-vuotiaille lapsille. Useimmissa elementeiss\u00e4 on pehme\u00e4 riisipohja sis\u00e4ll\u00e4, kun taas jotkut voivat olla kovia.<br \/>\nS\u00e4ilyt\u00e4 suljettuna huoneenl\u00e4mm\u00f6ss\u00e4 ja normaalissa (40-75%) kosteudessa.<br \/>\nValmistaja: Saksa<br \/>\nS\u00e4ilyvyys: joulukuu 2026<\/p>","protected":false},"excerpt":{"rendered":"<p>J\u00e4lkiruoan koristeluun str\u00f6sseleit\u00e4. Ainesosat: Paisutettu riisi, sokerisiirappi, maissit\u00e4rkkelys, tomusokeri, E170, E102, E124, E174, VEHN\u00c4jauho, vesi, glukoosi, palmu\u00f6ljy (ei-hydrattu), riisijauho, maltodekstriini, akaasiakumi, Capol\u00ae-kiillotusaine. Saattaa sis\u00e4lt\u00e4\u00e4 j\u00e4\u00e4mi\u00e4 munista, maidosta ja p\u00e4hkin\u00f6ist\u00e4. Sis\u00e4lt\u00e4\u00e4 E102, E124, joilla voi olla haitallinen vaikutus lasten aktiivisuuteen ja tarkkaavaisuuteen. Ravintosis\u00e4lt\u00f6 [\u2026]<\/p>","protected":false},"featured_media":13981,"template":"","meta":{"_seopress_robots_primary_cat":"none","_seopress_titles_title":"","_seopress_titles_desc":"","_seopress_robots_index":""},"product_brand":[],"product_cat":[182,181,15,104,106],"product_tag":[],"class_list":{"0":"post-14009","1":"product","2":"type-product","3":"status-publish","4":"has-post-thumbnail","6":"product_cat-christmas","7":"product_cat-christmas-new-year","8":"product_cat-all-products","9":"product_cat-sprinkles","10":"product_cat-new","12":"first","13":"outofstock","14":"taxable","15":"shipping-taxable","16":"purchasable","17":"product-type-simple"},"_links":{"self":[{"href":"https:\/\/candeebaar.ee\/fi\/wp-json\/wp\/v2\/product\/14009","targetHints":{"allow":["GET"]}}],"collection":[{"href":"https:\/\/candeebaar.ee\/fi\/wp-json\/wp\/v2\/product"}],"about":[{"href":"https:\/\/candeebaar.ee\/fi\/wp-json\/wp\/v2\/types\/product"}],"version-history":[{"count":1,"href":"https:\/\/candeebaar.ee\/fi\/wp-json\/wp\/v2\/product\/14009\/revisions"}],"predecessor-version":[{"id":14010,"href":"https:\/\/candeebaar.ee\/fi\/wp-json\/wp\/v2\/product\/14009\/revisions\/14010"}],"wp:featuredmedia":[{"embeddable":true,"href":"https:\/\/candeebaar.ee\/fi\/wp-json\/wp\/v2\/media\/13981"}],"wp:attachment":[{"href":"https:\/\/candeebaar.ee\/fi\/wp-json\/wp\/v2\/media?parent=14009"}],"wp:term":[{"taxonomy":"product_brand","embeddable":true,"href":"https:\/\/candeebaar.ee\/fi\/wp-json\/wp\/v2\/product_brand?post=14009"},{"taxonomy":"product_cat","embeddable":true,"href":"https:\/\/candeebaar.ee\/fi\/wp-json\/wp\/v2\/product_cat?post=14009"},{"taxonomy":"product_tag","embeddable":true,"href":"https:\/\/candeebaar.ee\/fi\/wp-json\/wp\/v2\/product_tag?post=14009"}],"curies":[{"name":"wp","href":"https:\/\/api.w.org\/{rel}","templated":true}]}}