{"id":14198,"date":"2025-11-12T09:47:17","date_gmt":"2025-11-12T07:47:17","guid":{"rendered":"https:\/\/candeebaar.ee\/?post_type=product&#038;p=14198"},"modified":"2025-12-16T13:43:33","modified_gmt":"2025-12-16T11:43:33","slug":"strosselit-lahja-aika-45g","status":"publish","type":"product","link":"https:\/\/candeebaar.ee\/fi\/kauppa\/strosselit-lahja-aika-45g\/","title":{"rendered":"Str\u00f6sselit \u201cLahja-aika\u201d 45g"},"content":{"rendered":"<p>Str\u00f6sselit j\u00e4lkiruoan koristeluun.<\/p>\n<p><strong>Ainesosat<\/strong>:<\/p>\n<p>Sokeri, t\u00e4rkkelys (<strong>VEHN\u00c4<\/strong>, maissi, peruna, riisi), jauhot (<strong>VEHN\u00c4, riisi<\/strong>), <strong>VEHN\u00c4<\/strong> mannasuurimot, kasvi\u00f6ljyt (auringonkukka, rapsi, t\u00e4ysin kovetettu rapsi, kookos), glukoosisiirappi, dekstroosi, maltodekstriini, t\u00e4ysjyv\u00e4vilja <strong>MAITO<\/strong> kaakaojauhe, kaakaovoi, kaakaomassa, v\u00e4ri (E100, E120, E129*, E131, E133, E160a, E172, E174), elintarvikev\u00e4ri (omenamehutiiviste, herukka, porkkanamehu, retiisi, sitruuna), aromi, luontainen vaniljan aromi, pintak\u00e4sittelyaine (E901, E903, E904), sakeuttamisaine (E414), emulgointiaine (lesitiini (auringonkukka, <strong>SOIJA<\/strong>), E473), gelatiini (naudanliha), irrotusaine (E470b, E553b, E555). Saattaa sis\u00e4lt\u00e4\u00e4 j\u00e4\u00e4mi\u00e4 <strong>P\u00c4HKIN\u00c4T<\/strong>. *\u201dE129: Saattaa vaikuttaa haitallisesti lasten aktiivisuuteen ja tarkkaavaisuuteen\u201d.<\/p>\n<p><strong>Ravitsemustietoa:<\/strong><\/p>\n<table width=\"510\">\n<tbody>\n<tr>\n<td colspan=\"2\" width=\"510\">100g sis\u00e4lt\u00e4\u00e4 keskiarvon:<\/td>\n<\/tr>\n<tr>\n<td width=\"200\">Energia-arvo<\/td>\n<td width=\"310\">1708 kJ \/ 405 kcal<\/td>\n<\/tr>\n<tr>\n<td width=\"200\">Proteiinit<\/td>\n<td width=\"310\">0,9 g<\/td>\n<\/tr>\n<tr>\n<td width=\"200\">Rasvat<\/p>\n<p>\u2013 Kyll\u00e4stynyt<\/td>\n<td width=\"310\">3,5 g<\/p>\n<p>\u2013 1,9 g<\/td>\n<\/tr>\n<tr>\n<td width=\"200\">Kokonaishiilihydraatti - Sokeri<\/td>\n<td width=\"310\">91,7\u201379 g<\/td>\n<\/tr>\n<tr>\n<td width=\"200\">Suolaa<\/td>\n<td width=\"310\">0,1 g<\/td>\n<\/tr>\n<\/tbody>\n<\/table>\n<p style=\"font-weight: 400;\">Ei sovellu alle 3-vuotiaille lapsille.<br \/>\nS\u00e4ilyt\u00e4 suljettuna huoneenl\u00e4mm\u00f6ss\u00e4 ja normaalissa (40-75%) kosteudessa.<br \/>\nValmistaja: Saksa<br \/>\nS\u00e4ilyvyysaika: syyskuu 2027<\/p>","protected":false},"excerpt":{"rendered":"<p>J\u00e4lkiruoan koristeluun str\u00f6sseleit\u00e4. Ainesosat: Sokeri, t\u00e4rkkelys (VEHN\u00c4, maissi, peruna, riisi), jauhot (VEHN\u00c4, riisi), VEHN\u00c4jauho, kasvi\u00f6ljyt (auringonkukka, rapsi, t\u00e4ysin kovetettu rapsi, kookos), glukoosisiirappi, dekstroosi, maltodekstriini, t\u00e4ysMAITOjauhe, kaakaovoi, kaakaomassa, v\u00e4rit (E100, E120, E129*, E131, E133, E160a, E172, E174), elintarvikev\u00e4ri (omenamehutiiviste, herukka, porkkanamehu, retiisi, sitruuna), [\u2026]<\/p>","protected":false},"featured_media":14199,"template":"","meta":{"_seopress_robots_primary_cat":"none","_seopress_titles_title":"","_seopress_titles_desc":"","_seopress_robots_index":""},"product_brand":[],"product_cat":[182,181,15,104,106],"product_tag":[],"class_list":{"0":"post-14198","1":"product","2":"type-product","3":"status-publish","4":"has-post-thumbnail","6":"product_cat-christmas","7":"product_cat-christmas-new-year","8":"product_cat-all-products","9":"product_cat-sprinkles","10":"product_cat-new","12":"first","13":"outofstock","14":"taxable","15":"shipping-taxable","16":"purchasable","17":"product-type-simple"},"_links":{"self":[{"href":"https:\/\/candeebaar.ee\/fi\/wp-json\/wp\/v2\/product\/14198","targetHints":{"allow":["GET"]}}],"collection":[{"href":"https:\/\/candeebaar.ee\/fi\/wp-json\/wp\/v2\/product"}],"about":[{"href":"https:\/\/candeebaar.ee\/fi\/wp-json\/wp\/v2\/types\/product"}],"version-history":[{"count":1,"href":"https:\/\/candeebaar.ee\/fi\/wp-json\/wp\/v2\/product\/14198\/revisions"}],"predecessor-version":[{"id":14200,"href":"https:\/\/candeebaar.ee\/fi\/wp-json\/wp\/v2\/product\/14198\/revisions\/14200"}],"wp:featuredmedia":[{"embeddable":true,"href":"https:\/\/candeebaar.ee\/fi\/wp-json\/wp\/v2\/media\/14199"}],"wp:attachment":[{"href":"https:\/\/candeebaar.ee\/fi\/wp-json\/wp\/v2\/media?parent=14198"}],"wp:term":[{"taxonomy":"product_brand","embeddable":true,"href":"https:\/\/candeebaar.ee\/fi\/wp-json\/wp\/v2\/product_brand?post=14198"},{"taxonomy":"product_cat","embeddable":true,"href":"https:\/\/candeebaar.ee\/fi\/wp-json\/wp\/v2\/product_cat?post=14198"},{"taxonomy":"product_tag","embeddable":true,"href":"https:\/\/candeebaar.ee\/fi\/wp-json\/wp\/v2\/product_tag?post=14198"}],"curies":[{"name":"wp","href":"https:\/\/api.w.org\/{rel}","templated":true}]}}