{"id":14380,"date":"2025-11-27T12:22:39","date_gmt":"2025-11-27T10:22:39","guid":{"rendered":"https:\/\/candeebaar.ee\/?post_type=product&#038;p=14380"},"modified":"2026-04-06T08:35:44","modified_gmt":"2026-04-06T06:35:44","slug":"sitrusamidoitu-pektiini-100-g","status":"publish","type":"product","link":"https:\/\/candeebaar.ee\/fi\/kauppa\/sitrusamidoitu-pektiini-100-g\/","title":{"rendered":"Sitrusamidoitu pektiini 100 g"},"content":{"rendered":"<div class=\"tab-content\">\n<div id=\"desc\" class=\"tab-pane active\" role=\"tabpanel\">\n<div id=\"product-full-desc\" class=\"user-inner\" data-ng-non-bindable=\"\">\n<p style=\"padding-left: 30px;\">Ainesosat: pektiini (E440ii), dekstroosi.<strong><br \/>\n<\/strong>Sis\u00e4lt\u00f6 per 100g:<br \/>\nEnergia: 1070 kJ\/256 kcal<br \/>\nRasvaa (tyydyttynytt\u00e4): 1,5 g (0,5 g)<br \/>\nKuituja: 45 g<br \/>\nProteiini: 5 g<br \/>\nSuola: 0,01 g<br \/>\nHiilihydraatit (sokerit): 33 g (30 g)<br \/>\nSaattaa sis\u00e4lt\u00e4\u00e4 j\u00e4\u00e4mi\u00e4: <strong>p\u00e4hkin\u00e4t, soija, gluteeni<\/strong><br \/>\nPaino: 100g<br \/>\nTuottaja: Italia<\/p>\n<\/div>\n<\/div>\n<\/div>","protected":false},"excerpt":{"rendered":"<p>Ainesosat: pektiini (E440ii), dekstroosi. Sis\u00e4lt\u00f6 per 100 g: Energia: 1070 kJ\/256 kcal Rasvaa (tyydyttynytt\u00e4): 1,5 g (0,5 g) Kuitua: 45 g Proteiinia: 5 g Suolaa: 0,01 g Hiilihydraatteja (sokereita): 33 g (30 g) Saattaa sis\u00e4lt\u00e4\u00e4 j\u00e4\u00e4mi\u00e4: p\u00e4hkin\u00f6it\u00e4, soijaa, gluteenia Massa: 100 g Tuottaja: Italia<\/p>","protected":false},"featured_media":14484,"template":"","meta":{"_seopress_robots_primary_cat":"none","_seopress_titles_title":"","_seopress_titles_desc":"","_seopress_robots_index":""},"product_brand":[],"product_cat":[15,100,106],"product_tag":[],"class_list":{"0":"post-14380","1":"product","2":"type-product","3":"status-publish","4":"has-post-thumbnail","6":"product_cat-all-products","7":"product_cat-thickeners","8":"product_cat-new","10":"first","11":"outofstock","12":"taxable","13":"shipping-taxable","14":"purchasable","15":"product-type-simple"},"_links":{"self":[{"href":"https:\/\/candeebaar.ee\/fi\/wp-json\/wp\/v2\/product\/14380","targetHints":{"allow":["GET"]}}],"collection":[{"href":"https:\/\/candeebaar.ee\/fi\/wp-json\/wp\/v2\/product"}],"about":[{"href":"https:\/\/candeebaar.ee\/fi\/wp-json\/wp\/v2\/types\/product"}],"version-history":[{"count":1,"href":"https:\/\/candeebaar.ee\/fi\/wp-json\/wp\/v2\/product\/14380\/revisions"}],"predecessor-version":[{"id":14485,"href":"https:\/\/candeebaar.ee\/fi\/wp-json\/wp\/v2\/product\/14380\/revisions\/14485"}],"wp:featuredmedia":[{"embeddable":true,"href":"https:\/\/candeebaar.ee\/fi\/wp-json\/wp\/v2\/media\/14484"}],"wp:attachment":[{"href":"https:\/\/candeebaar.ee\/fi\/wp-json\/wp\/v2\/media?parent=14380"}],"wp:term":[{"taxonomy":"product_brand","embeddable":true,"href":"https:\/\/candeebaar.ee\/fi\/wp-json\/wp\/v2\/product_brand?post=14380"},{"taxonomy":"product_cat","embeddable":true,"href":"https:\/\/candeebaar.ee\/fi\/wp-json\/wp\/v2\/product_cat?post=14380"},{"taxonomy":"product_tag","embeddable":true,"href":"https:\/\/candeebaar.ee\/fi\/wp-json\/wp\/v2\/product_tag?post=14380"}],"curies":[{"name":"wp","href":"https:\/\/api.w.org\/{rel}","templated":true}]}}