{"id":14430,"date":"2025-12-01T14:47:37","date_gmt":"2025-12-01T12:47:37","guid":{"rendered":"https:\/\/candeebaar.ee\/?post_type=product&#038;p=14430"},"modified":"2026-02-26T23:34:23","modified_gmt":"2026-02-26T21:34:23","slug":"mustikkasose-1000g-menii","status":"publish","type":"product","link":"https:\/\/candeebaar.ee\/fi\/kauppa\/mustikkasose-1000g-menii\/","title":{"rendered":"Mustikkasose 1000g Menii"},"content":{"rendered":"<p>Mustikkasosetta luonnonmarjoista. T\u00e4ydellinen moussekakkujen, vaahtokarkkien, kermien jne. valmistukseen.<br \/>\nPaino: 1000g<br \/>\nKoostumus: Mustikka 90%, Sokeri 10%<br \/>\nEi sis\u00e4ll\u00e4 maku-, v\u00e4ri- tai s\u00e4il\u00f6nt\u00e4aineita.<br \/>\nS\u00e4ilyt\u00e4 pime\u00e4ss\u00e4, viile\u00e4ss\u00e4 paikassa.<br \/>\nS\u00e4ilyvyys: katso pakkaus<br \/>\nValmistaja: Menii, Puola<\/p>\n<p>&nbsp;<\/p>\n<p>&nbsp;<\/p>\n<p>&nbsp;<\/p>","protected":false},"excerpt":{"rendered":"<p>Mustikkasosetta, joka on valmistettu luonnonmarjoista. T\u00e4ydellinen moussekakkujen, vaahtokarkkien, kermien jne. valmistukseen. Paino: 1000 g Koostumus: Mustikka 90%, Sokeri 10% Ei sis\u00e4ll\u00e4 aromiaineita, v\u00e4riaineita tai s\u00e4il\u00f6nt\u00e4aineita. S\u00e4ilyt\u00e4 pime\u00e4ss\u00e4 ja viile\u00e4ss\u00e4 paikassa. S\u00e4ilyvyysaika: katso pakkaus. Valmistaja: Menii, Puola. &nbsp; &nbsp; &nbsp;<\/p>","protected":false},"featured_media":14432,"template":"","meta":{"_seopress_robots_primary_cat":"none","_seopress_titles_title":"","_seopress_titles_desc":"","_seopress_robots_index":""},"product_brand":[],"product_cat":[183,15,99,106],"product_tag":[],"class_list":{"0":"post-14430","1":"product","2":"type-product","3":"status-publish","4":"has-post-thumbnail","6":"product_cat-valentines-day","7":"product_cat-all-products","8":"product_cat-fruit-purees","9":"product_cat-new","11":"first","12":"instock","13":"taxable","14":"shipping-taxable","15":"purchasable","16":"product-type-simple"},"_links":{"self":[{"href":"https:\/\/candeebaar.ee\/fi\/wp-json\/wp\/v2\/product\/14430","targetHints":{"allow":["GET"]}}],"collection":[{"href":"https:\/\/candeebaar.ee\/fi\/wp-json\/wp\/v2\/product"}],"about":[{"href":"https:\/\/candeebaar.ee\/fi\/wp-json\/wp\/v2\/types\/product"}],"version-history":[{"count":1,"href":"https:\/\/candeebaar.ee\/fi\/wp-json\/wp\/v2\/product\/14430\/revisions"}],"predecessor-version":[{"id":14433,"href":"https:\/\/candeebaar.ee\/fi\/wp-json\/wp\/v2\/product\/14430\/revisions\/14433"}],"wp:featuredmedia":[{"embeddable":true,"href":"https:\/\/candeebaar.ee\/fi\/wp-json\/wp\/v2\/media\/14432"}],"wp:attachment":[{"href":"https:\/\/candeebaar.ee\/fi\/wp-json\/wp\/v2\/media?parent=14430"}],"wp:term":[{"taxonomy":"product_brand","embeddable":true,"href":"https:\/\/candeebaar.ee\/fi\/wp-json\/wp\/v2\/product_brand?post=14430"},{"taxonomy":"product_cat","embeddable":true,"href":"https:\/\/candeebaar.ee\/fi\/wp-json\/wp\/v2\/product_cat?post=14430"},{"taxonomy":"product_tag","embeddable":true,"href":"https:\/\/candeebaar.ee\/fi\/wp-json\/wp\/v2\/product_tag?post=14430"}],"curies":[{"name":"wp","href":"https:\/\/api.w.org\/{rel}","templated":true}]}}