{"id":14434,"date":"2025-12-01T14:52:07","date_gmt":"2025-12-01T12:52:07","guid":{"rendered":"https:\/\/candeebaar.ee\/?post_type=product&#038;p=14434"},"modified":"2026-03-06T17:07:07","modified_gmt":"2026-03-06T15:07:07","slug":"sose-kirsikka-menii-1kg","status":"publish","type":"product","link":"https:\/\/candeebaar.ee\/fi\/kauppa\/sose-kirsikka-menii-1kg\/","title":{"rendered":"Kirsikkasose 1000g Menii"},"content":{"rendered":"<p>Luonnollisista marjoista valmistettua kirsikkasosetta. T\u00e4ydellinen moussekakkujen, vaahtokarkkien, kermien jne. valmistukseen.<br \/>\nPaino: 1000g<br \/>\nKoostumus: Kirsikka 90%, Sokeri 10%<br \/>\nEi sis\u00e4ll\u00e4 maku-, v\u00e4ri- tai s\u00e4il\u00f6nt\u00e4aineita.<br \/>\nS\u00e4ilyt\u00e4 pime\u00e4ss\u00e4, viile\u00e4ss\u00e4 paikassa.<br \/>\nS\u00e4ilyvyys: katso pakkaus<br \/>\nValmistaja: Menii, Puola<\/p>\n<p>&nbsp;<\/p>\n<p>&nbsp;<\/p>\n<p>&nbsp;<\/p>","protected":false},"excerpt":{"rendered":"<p>Kirsikkasosetta luonnonmarjoista. T\u00e4ydellinen moussekakkujen, vaahtokarkkien, kermien jne. valmistukseen. Paino: 1000 g Koostumus: Kirsikka 90%, Sokeri 10% Ei sis\u00e4ll\u00e4 aromiaineita, v\u00e4riaineita tai s\u00e4il\u00f6nt\u00e4aineita. S\u00e4ilyt\u00e4 pime\u00e4ss\u00e4 ja viile\u00e4ss\u00e4 paikassa. S\u00e4ilyvyysaika: katso pakkaus. Valmistaja: Menii, Puola. &nbsp; &nbsp; &nbsp;<\/p>","protected":false},"featured_media":14435,"template":"","meta":{"_seopress_robots_primary_cat":"none","_seopress_titles_title":"","_seopress_titles_desc":"","_seopress_robots_index":""},"product_brand":[],"product_cat":[183,15,99,106],"product_tag":[],"class_list":{"0":"post-14434","1":"product","2":"type-product","3":"status-publish","4":"has-post-thumbnail","6":"product_cat-valentines-day","7":"product_cat-all-products","8":"product_cat-fruit-purees","9":"product_cat-new","11":"first","12":"outofstock","13":"taxable","14":"shipping-taxable","15":"purchasable","16":"product-type-simple"},"_links":{"self":[{"href":"https:\/\/candeebaar.ee\/fi\/wp-json\/wp\/v2\/product\/14434","targetHints":{"allow":["GET"]}}],"collection":[{"href":"https:\/\/candeebaar.ee\/fi\/wp-json\/wp\/v2\/product"}],"about":[{"href":"https:\/\/candeebaar.ee\/fi\/wp-json\/wp\/v2\/types\/product"}],"version-history":[{"count":2,"href":"https:\/\/candeebaar.ee\/fi\/wp-json\/wp\/v2\/product\/14434\/revisions"}],"predecessor-version":[{"id":14448,"href":"https:\/\/candeebaar.ee\/fi\/wp-json\/wp\/v2\/product\/14434\/revisions\/14448"}],"wp:featuredmedia":[{"embeddable":true,"href":"https:\/\/candeebaar.ee\/fi\/wp-json\/wp\/v2\/media\/14435"}],"wp:attachment":[{"href":"https:\/\/candeebaar.ee\/fi\/wp-json\/wp\/v2\/media?parent=14434"}],"wp:term":[{"taxonomy":"product_brand","embeddable":true,"href":"https:\/\/candeebaar.ee\/fi\/wp-json\/wp\/v2\/product_brand?post=14434"},{"taxonomy":"product_cat","embeddable":true,"href":"https:\/\/candeebaar.ee\/fi\/wp-json\/wp\/v2\/product_cat?post=14434"},{"taxonomy":"product_tag","embeddable":true,"href":"https:\/\/candeebaar.ee\/fi\/wp-json\/wp\/v2\/product_tag?post=14434"}],"curies":[{"name":"wp","href":"https:\/\/api.w.org\/{rel}","templated":true}]}}