{"id":14460,"date":"2025-12-01T17:10:52","date_gmt":"2025-12-01T15:10:52","guid":{"rendered":"https:\/\/candeebaar.ee\/?post_type=product&#038;p=14460"},"modified":"2026-02-18T11:45:07","modified_gmt":"2026-02-18T09:45:07","slug":"aprikoositahnaa-500-g","status":"publish","type":"product","link":"https:\/\/candeebaar.ee\/fi\/kauppa\/aprikoositahnaa-500-g\/","title":{"rendered":"Hedelm\u00e4tahna \u201cAprikoosi\u201d 500g"},"content":{"rendered":"<p>L\u00e4mp\u00f6stabiili aprikoosinmakuinen hedelm\u00e4tahna 0,5 kg<br \/>\nTuotekuvaus<br \/>\nAprikoosinmakuinen hedelm\u00e4tahna on korkealaatuinen tuote, joka on suunniteltu ammattik\u00e4ytt\u00f6\u00f6n makeisissa ja leivonnassa sek\u00e4 t\u00e4ydellisesti kotiruoanlaittoon. Sill\u00e4 on miellytt\u00e4v\u00e4, intensiivinen aprikoosin tuoksu ja tasainen, sile\u00e4 koostumus, joka helpottaa levitt\u00e4mist\u00e4 ja tasaista jakautumista t\u00e4ytteisiin. L\u00e4mp\u00f6stabiilisuutensa ansiosta tahna s\u00e4ilytt\u00e4\u00e4 v\u00e4rins\u00e4, makunsa ja koostumuksensa my\u00f6s paistamisen tai pakastamisen j\u00e4lkeen, joten se on ihanteellinen ainesosa hiivatuotteille, croissanteille, murotaikinalle, s\u00e4mpyl\u00f6iden, j\u00e4lkiruokien ja muiden makeiden leivonnaisten valmistukseen.<\/p>\n<p>Koostumus<br \/>\nTuote on valmistettu luonnollisesta omenasoseesta, jota on huimat 94,5 g \/ 100 g levitett\u00e4. T\u00e4m\u00e4 sose sis\u00e4lt\u00e4\u00e4 pieni\u00e4 m\u00e4\u00e4ri\u00e4 rikkidioksidia (\u2264 0,01%). Lis\u00e4ksi ainesosiin kuuluvat valkoinen kiteinen sokeri, joka antaa hienovaraisen makeuden, aprikoosin maku korostaa hedelm\u00e4n omaleimaista makua, ja kaliumsorbaatti, s\u00e4il\u00f6nt\u00e4aine, joka varmistaa pidemm\u00e4n s\u00e4ilyvyyden. E110-elintarvikev\u00e4ri antaa levitteelle sen houkuttelevan v\u00e4rin.<\/p>\n<p>Hakemus<br \/>\nL\u00e4mp\u00f6stabiilia aprikoositahnaa suositellaan ensisijaisesti leipomo- ja makeistuotteille, jotka vaativat korkeita l\u00e4mp\u00f6tiloja. Se sopii erinomaisesti kakkujen, croissanttien, leivonnaisten, donitsien, keksien ja muffinien t\u00e4ytteeksi. Se toimii my\u00f6s hyvin makukerroksena kakuissa, kerroskakuissa, j\u00e4lkiruoissa, pannukakuissa ja vohveleissa. Sit\u00e4 voidaan k\u00e4ytt\u00e4\u00e4 my\u00f6s pakastetuissa tuotteissa, jolloin se s\u00e4ilytt\u00e4\u00e4 t\u00e4yden makunsa ja arominsa sulatuksen j\u00e4lkeen.<\/p>\n<p>S\u00e4ilytys<br \/>\nS\u00e4ilyt\u00e4 viile\u00e4ss\u00e4, kuivassa paikassa, poissa suorasta auringonvalosta. Avattuasi tuotetta suositellaan s\u00e4ilytett\u00e4v\u00e4n j\u00e4\u00e4kaapissa ja k\u00e4ytett\u00e4v\u00e4n muutaman p\u00e4iv\u00e4n kuluessa tuoreuden, aromin ja t\u00e4yden maun s\u00e4ilytt\u00e4miseksi.<\/p>\n<p>Ravintoarvo<br \/>\nEnergia-arvo: 1131 kJ \/ 267 kcal \/ 100 g tuotetta. Rasvaa: 0 g, tyydyttynytt\u00e4 rasvahappoa: 0 g, hiilihydraatteja: 66 g, sokereita: 61 g, t\u00e4rkkelyst\u00e4: 5,3 g, kuitua: 0,05 g, proteiinia: 0,6 g, suolaa: 0,01 g.<\/p>\n<p>Nettopaino<br \/>\n0,5 kg<\/p>\n<p>Valmistaja: Romania<\/p>\n<p>&nbsp;<\/p>\n<p>&nbsp;<\/p>\n<p>&nbsp;<\/p>","protected":false},"excerpt":{"rendered":"<p>L\u00e4mp\u00f6stabiili aprikoosinmakuinen hedelm\u00e4tahna 0,5 kg Tuotekuvaus Aprikoosinmakuinen hedelm\u00e4tahna on korkealaatuinen tuote, joka on suunniteltu ammattik\u00e4ytt\u00f6\u00f6n makeisissa ja leivonnassa sek\u00e4 t\u00e4ydellisesti kotiruoanlaittoon. Siin\u00e4 on miellytt\u00e4v\u00e4, intensiivinen aprikoosin tuoksu ja tasainen, sile\u00e4 koostumus, joka helpottaa levitt\u00e4mist\u00e4 ja tasaista jakautumista t\u00e4ytteisiin. Sen [\u2026]<\/p>","protected":false},"featured_media":14464,"template":"","meta":{"_seopress_robots_primary_cat":"none","_seopress_titles_title":"","_seopress_titles_desc":"","_seopress_robots_index":""},"product_brand":[],"product_cat":[15,99],"product_tag":[],"class_list":{"0":"post-14460","1":"product","2":"type-product","3":"status-publish","4":"has-post-thumbnail","6":"product_cat-all-products","7":"product_cat-fruit-purees","9":"first","10":"instock","11":"taxable","12":"shipping-taxable","13":"purchasable","14":"product-type-simple"},"_links":{"self":[{"href":"https:\/\/candeebaar.ee\/fi\/wp-json\/wp\/v2\/product\/14460","targetHints":{"allow":["GET"]}}],"collection":[{"href":"https:\/\/candeebaar.ee\/fi\/wp-json\/wp\/v2\/product"}],"about":[{"href":"https:\/\/candeebaar.ee\/fi\/wp-json\/wp\/v2\/types\/product"}],"version-history":[{"count":1,"href":"https:\/\/candeebaar.ee\/fi\/wp-json\/wp\/v2\/product\/14460\/revisions"}],"predecessor-version":[{"id":14465,"href":"https:\/\/candeebaar.ee\/fi\/wp-json\/wp\/v2\/product\/14460\/revisions\/14465"}],"wp:featuredmedia":[{"embeddable":true,"href":"https:\/\/candeebaar.ee\/fi\/wp-json\/wp\/v2\/media\/14464"}],"wp:attachment":[{"href":"https:\/\/candeebaar.ee\/fi\/wp-json\/wp\/v2\/media?parent=14460"}],"wp:term":[{"taxonomy":"product_brand","embeddable":true,"href":"https:\/\/candeebaar.ee\/fi\/wp-json\/wp\/v2\/product_brand?post=14460"},{"taxonomy":"product_cat","embeddable":true,"href":"https:\/\/candeebaar.ee\/fi\/wp-json\/wp\/v2\/product_cat?post=14460"},{"taxonomy":"product_tag","embeddable":true,"href":"https:\/\/candeebaar.ee\/fi\/wp-json\/wp\/v2\/product_tag?post=14460"}],"curies":[{"name":"wp","href":"https:\/\/api.w.org\/{rel}","templated":true}]}}