{"id":14461,"date":"2025-12-01T17:10:53","date_gmt":"2025-12-01T15:10:53","guid":{"rendered":"https:\/\/candeebaar.ee\/?post_type=product&#038;p=14461"},"modified":"2026-03-22T12:06:56","modified_gmt":"2026-03-22T10:06:56","slug":"kirsikkatahna-500-g","status":"publish","type":"product","link":"https:\/\/candeebaar.ee\/fi\/kauppa\/kirsikkatahna-500-g\/","title":{"rendered":"Hedelm\u00e4tahna &quot;Kirsikka&quot; 500g"},"content":{"rendered":"<p>L\u00e4mp\u00f6stabiili hedelm\u00e4tahna kirsikanmakuinen 0,5 kg<br \/>\nTuotekuvaus<br \/>\nKirsikanmakuinen hedelm\u00e4levite on korkealaatuinen tuote, joka on suunniteltu ammattik\u00e4ytt\u00f6\u00f6n makeisissa ja leivonnassa sek\u00e4 t\u00e4ydellisesti kotiruoanlaittoon. Siin\u00e4 on miellytt\u00e4v\u00e4, intensiivinen kirsikan tuoksu ja tasainen, sile\u00e4 koostumus, joka helpottaa levitt\u00e4mist\u00e4 ja tasaista jakautumista t\u00e4ytteisiin. L\u00e4mp\u00f6stabiilisuutensa ansiosta levite s\u00e4ilytt\u00e4\u00e4 v\u00e4rins\u00e4, makunsa ja koostumuksensa my\u00f6s paistamisen tai pakastamisen j\u00e4lkeen, joten se on ihanteellinen ainesosa hiivataikinatuotteille, croissanteille, murotaikinaleivonnaisille, s\u00e4mpyl\u00f6iden, j\u00e4lkiruokien ja muiden makeiden leivonnaisten valmistukseen.<\/p>\n<p>Koostumus<br \/>\nTuote on valmistettu luonnonmukaisesta omenasoseesta, jota on 94,5 g \/ 100 g levitett\u00e4. T\u00e4m\u00e4 mousse sis\u00e4lt\u00e4\u00e4 pieni\u00e4 m\u00e4\u00e4ri\u00e4 rikkidioksidia (\u2264 0,01%). Lis\u00e4ksi ainesosiin kuuluvat valkoinen kiteinen sokeri, joka antaa hienovaraisen makeuden, kirsikanmaku, joka korostaa hedelm\u00e4n omaleimaista makua, ja s\u00e4il\u00f6nt\u00e4aine kaliumsorbaatti, joka varmistaa pidemm\u00e4n s\u00e4ilyvyyden. E110-elintarvikev\u00e4ri antaa levitteelle sen houkuttelevan v\u00e4rin.<\/p>\n<p>Hakemus<br \/>\nL\u00e4mp\u00f6stabiilia kirsikkatahnaa suositellaan ensisijaisesti leipomo- ja makeistuotteille, jotka vaativat korkeita l\u00e4mp\u00f6tiloja. Se sopii erinomaisesti kakkujen, croissanttien, leivonnaisten, donitsien, keksien ja muffinien t\u00e4ytteeksi. Se toimii my\u00f6s hyvin makukerroksena kakuissa, kerroskakuissa, j\u00e4lkiruoissa, pannukakuissa ja vohveleissa. Sit\u00e4 voidaan k\u00e4ytt\u00e4\u00e4 my\u00f6s pakastetuotteissa, jolloin se s\u00e4ilytt\u00e4\u00e4 t\u00e4yden makunsa ja arominsa sulatuksen j\u00e4lkeen.<\/p>\n<p>S\u00e4ilytys<br \/>\nS\u00e4ilyt\u00e4 viile\u00e4ss\u00e4, kuivassa paikassa, poissa suorasta auringonvalosta. Avattuasi tuotetta suositellaan s\u00e4ilytett\u00e4v\u00e4n j\u00e4\u00e4kaapissa ja k\u00e4ytett\u00e4v\u00e4n muutaman p\u00e4iv\u00e4n kuluessa tuoreuden, aromin ja t\u00e4yden maun s\u00e4ilytt\u00e4miseksi.<\/p>\n<p>Ravintoarvo<br \/>\nEnergia-arvo: 1131 kJ \/ 267 kcal \/ 100 g tuotetta. Rasvaa: 0 g, tyydyttynytt\u00e4 rasvahappoa: 0 g, hiilihydraatteja: 66 g, sokereita: 61 g, t\u00e4rkkelyst\u00e4: 5,3 g, kuitua: 0,05 g, proteiinia: 0,6 g, suolaa: 0,01 g.<\/p>\n<p>Nettopaino<br \/>\n0,5 kg<\/p>\n<p>Valmistaja: Romania<\/p>\n<p>&nbsp;<\/p>\n<p>&nbsp;<\/p>\n<p>&nbsp;<\/p>","protected":false},"excerpt":{"rendered":"<p>L\u00e4mp\u00f6stabiili hedelm\u00e4tahna kirsikanmakuisella 0,5 kg Tuotekuvaus Kirsikanmakuinen hedelm\u00e4levite on korkealaatuinen tuote, joka on suunniteltu ammattik\u00e4ytt\u00f6\u00f6n makeisissa ja leivonnassa sek\u00e4 t\u00e4ydellisesti kotiruoanlaittoon. Siin\u00e4 on miellytt\u00e4v\u00e4, intensiivinen kirsikan tuoksu ja tasainen, sile\u00e4 koostumus, joka helpottaa levitt\u00e4mist\u00e4 ja tasaista jakautumista t\u00e4ytteisiin. Sen [\u2026]<\/p>","protected":false},"featured_media":14466,"template":"","meta":{"_seopress_robots_primary_cat":"none","_seopress_titles_title":"","_seopress_titles_desc":"","_seopress_robots_index":""},"product_brand":[],"product_cat":[15,99],"product_tag":[],"class_list":{"0":"post-14461","1":"product","2":"type-product","3":"status-publish","4":"has-post-thumbnail","6":"product_cat-all-products","7":"product_cat-fruit-purees","9":"first","10":"outofstock","11":"taxable","12":"shipping-taxable","13":"purchasable","14":"product-type-simple"},"_links":{"self":[{"href":"https:\/\/candeebaar.ee\/fi\/wp-json\/wp\/v2\/product\/14461","targetHints":{"allow":["GET"]}}],"collection":[{"href":"https:\/\/candeebaar.ee\/fi\/wp-json\/wp\/v2\/product"}],"about":[{"href":"https:\/\/candeebaar.ee\/fi\/wp-json\/wp\/v2\/types\/product"}],"version-history":[{"count":1,"href":"https:\/\/candeebaar.ee\/fi\/wp-json\/wp\/v2\/product\/14461\/revisions"}],"predecessor-version":[{"id":14467,"href":"https:\/\/candeebaar.ee\/fi\/wp-json\/wp\/v2\/product\/14461\/revisions\/14467"}],"wp:featuredmedia":[{"embeddable":true,"href":"https:\/\/candeebaar.ee\/fi\/wp-json\/wp\/v2\/media\/14466"}],"wp:attachment":[{"href":"https:\/\/candeebaar.ee\/fi\/wp-json\/wp\/v2\/media?parent=14461"}],"wp:term":[{"taxonomy":"product_brand","embeddable":true,"href":"https:\/\/candeebaar.ee\/fi\/wp-json\/wp\/v2\/product_brand?post=14461"},{"taxonomy":"product_cat","embeddable":true,"href":"https:\/\/candeebaar.ee\/fi\/wp-json\/wp\/v2\/product_cat?post=14461"},{"taxonomy":"product_tag","embeddable":true,"href":"https:\/\/candeebaar.ee\/fi\/wp-json\/wp\/v2\/product_tag?post=14461"}],"curies":[{"name":"wp","href":"https:\/\/api.w.org\/{rel}","templated":true}]}}