{"id":14472,"date":"2025-12-01T17:41:02","date_gmt":"2025-12-01T15:41:02","guid":{"rendered":"https:\/\/candeebaar.ee\/?post_type=product&#038;p=14472"},"modified":"2026-04-01T20:11:12","modified_gmt":"2026-04-01T18:11:12","slug":"kultainen-kakkulevy-25-cm-3-mm","status":"publish","type":"product","link":"https:\/\/candeebaar.ee\/fi\/kauppa\/kultainen-kakkulevy-25-cm-3-mm\/","title":{"rendered":"Kultainen kakkulevy 25cm * 3mm"},"content":{"rendered":"<p>Py\u00f6re\u00e4 pohja tiivist\u00e4 vahvistetusta kartongista, kosteutta ja rasvaa hylkiv\u00e4.<br \/>\nV\u00e4ri: kulta<br \/>\nHalkaisija: 247 mm<br \/>\nPaksuus: 3mm<\/p>","protected":false},"excerpt":{"rendered":"<p>Py\u00f6re\u00e4 pohja tihe\u00e4st\u00e4 vahvistetusta pahvista, kosteutta ja rasvaa hylkiv\u00e4. V\u00e4ri: kulta. Halkaisija: 247 mm. Paksuus: 3 mm.<\/p>","protected":false},"featured_media":14473,"template":"","meta":{"_seopress_robots_primary_cat":"none","_seopress_titles_title":"","_seopress_titles_desc":"","_seopress_robots_index":""},"product_brand":[],"product_cat":[15,144,106],"product_tag":[],"class_list":{"0":"post-14472","1":"product","2":"type-product","3":"status-publish","4":"has-post-thumbnail","6":"product_cat-all-products","7":"product_cat-25cm","8":"product_cat-new","10":"first","11":"instock","12":"taxable","13":"shipping-taxable","14":"purchasable","15":"product-type-simple"},"_links":{"self":[{"href":"https:\/\/candeebaar.ee\/fi\/wp-json\/wp\/v2\/product\/14472","targetHints":{"allow":["GET"]}}],"collection":[{"href":"https:\/\/candeebaar.ee\/fi\/wp-json\/wp\/v2\/product"}],"about":[{"href":"https:\/\/candeebaar.ee\/fi\/wp-json\/wp\/v2\/types\/product"}],"version-history":[{"count":1,"href":"https:\/\/candeebaar.ee\/fi\/wp-json\/wp\/v2\/product\/14472\/revisions"}],"predecessor-version":[{"id":14474,"href":"https:\/\/candeebaar.ee\/fi\/wp-json\/wp\/v2\/product\/14472\/revisions\/14474"}],"wp:featuredmedia":[{"embeddable":true,"href":"https:\/\/candeebaar.ee\/fi\/wp-json\/wp\/v2\/media\/14473"}],"wp:attachment":[{"href":"https:\/\/candeebaar.ee\/fi\/wp-json\/wp\/v2\/media?parent=14472"}],"wp:term":[{"taxonomy":"product_brand","embeddable":true,"href":"https:\/\/candeebaar.ee\/fi\/wp-json\/wp\/v2\/product_brand?post=14472"},{"taxonomy":"product_cat","embeddable":true,"href":"https:\/\/candeebaar.ee\/fi\/wp-json\/wp\/v2\/product_cat?post=14472"},{"taxonomy":"product_tag","embeddable":true,"href":"https:\/\/candeebaar.ee\/fi\/wp-json\/wp\/v2\/product_tag?post=14472"}],"curies":[{"name":"wp","href":"https:\/\/api.w.org\/{rel}","templated":true}]}}