{"id":14479,"date":"2025-12-01T17:56:27","date_gmt":"2025-12-01T15:56:27","guid":{"rendered":"https:\/\/candeebaar.ee\/?post_type=product&#038;p=14479"},"modified":"2026-04-06T19:00:52","modified_gmt":"2026-04-06T17:00:52","slug":"kuninkaallinen-kuorrutusjauhe-100-g","status":"publish","type":"product","link":"https:\/\/candeebaar.ee\/fi\/kauppa\/kuninkaallinen-kuorrutusjauhe-100-g\/","title":{"rendered":"Kuninkaallinen kuorrute 100 g (jauhe)"},"content":{"rendered":"<div>Ainesosat: Tomusokeri, tomusokeri <strong>muna<\/strong> valkoiset (albumiini), sitruunahappo.<br \/>\nKuorrutusohjeet per 100 g tuotetta: Lis\u00e4\u00e4 noin 15\u201320 ml vett\u00e4 (aluksi v\u00e4hemm\u00e4n, sitten muutama tippa lis\u00e4\u00e4 tarvittaessa). Vatkaa noin 5 minuuttia, kunnes seos on tasaista, kiilt\u00e4v\u00e4\u00e4 ja kovaa. Voit lis\u00e4t\u00e4 geeliv\u00e4ri\u00e4 tai glyseriini\u00e4 (jos haluat joustavamman kuorrutteen varjostuksia varten). Ohjeet per 1 kg kuivaa seosta: 150\u2013200 ml vett\u00e4 (halutusta tiheydest\u00e4 riippuen).<br \/>\nYksinkertaistettu muunnos: paksu (\u00e4\u00e4riviiva): 150 ml keskipaksu (t\u00e4yte): 170\u2013180 ml ohut (kuorrute): 190\u2013200 ml Kuorrutuksen j\u00e4lkeen anna kuivua.<\/div>\n<div dir=\"auto\"><\/div>\n<div dir=\"auto\">Alkuper\u00e4maa: Puola<\/div>\n<div dir=\"auto\"><\/div>\n<div dir=\"auto\">S\u00e4ilytysolosuhteet: S\u00e4ilyt\u00e4 tiiviisti suljetussa astiassa.<\/div>\n<div dir=\"auto\"><\/div>\n<div dir=\"auto\">Parasta ennen: 14.07.2027<\/div>","protected":false},"excerpt":{"rendered":"<p>Ainesosat: Tomusokeri, kananmunanvalkuaisjauhe (albumiini), sitruunahappo. Kuorrutusohjeet per 100 g tuotetta: Lis\u00e4\u00e4 noin 15\u201320 ml vett\u00e4 (aluksi v\u00e4hemm\u00e4n, sitten muutama tippa lis\u00e4\u00e4 tarvittaessa). Vatkaa noin 5 minuuttia, kunnes seos on tasaista, kiilt\u00e4v\u00e4\u00e4 ja kovaa. Voit lis\u00e4t\u00e4 geeliv\u00e4ri\u00e4 tai glyseriini\u00e4 (jos haluat joustavamman kuorrutteen [\u2026]<\/p>","protected":false},"featured_media":15742,"template":"","meta":{"_seopress_robots_primary_cat":"none","_seopress_titles_title":"","_seopress_titles_desc":"","_seopress_robots_index":""},"product_brand":[],"product_cat":[182,181,15,102,106],"product_tag":[],"class_list":{"0":"post-14479","1":"product","2":"type-product","3":"status-publish","4":"has-post-thumbnail","6":"product_cat-christmas","7":"product_cat-christmas-new-year","8":"product_cat-all-products","9":"product_cat-sugars","10":"product_cat-new","12":"first","13":"instock","14":"taxable","15":"shipping-taxable","16":"purchasable","17":"product-type-simple"},"_links":{"self":[{"href":"https:\/\/candeebaar.ee\/fi\/wp-json\/wp\/v2\/product\/14479","targetHints":{"allow":["GET"]}}],"collection":[{"href":"https:\/\/candeebaar.ee\/fi\/wp-json\/wp\/v2\/product"}],"about":[{"href":"https:\/\/candeebaar.ee\/fi\/wp-json\/wp\/v2\/types\/product"}],"version-history":[{"count":3,"href":"https:\/\/candeebaar.ee\/fi\/wp-json\/wp\/v2\/product\/14479\/revisions"}],"predecessor-version":[{"id":14483,"href":"https:\/\/candeebaar.ee\/fi\/wp-json\/wp\/v2\/product\/14479\/revisions\/14483"}],"wp:featuredmedia":[{"embeddable":true,"href":"https:\/\/candeebaar.ee\/fi\/wp-json\/wp\/v2\/media\/15742"}],"wp:attachment":[{"href":"https:\/\/candeebaar.ee\/fi\/wp-json\/wp\/v2\/media?parent=14479"}],"wp:term":[{"taxonomy":"product_brand","embeddable":true,"href":"https:\/\/candeebaar.ee\/fi\/wp-json\/wp\/v2\/product_brand?post=14479"},{"taxonomy":"product_cat","embeddable":true,"href":"https:\/\/candeebaar.ee\/fi\/wp-json\/wp\/v2\/product_cat?post=14479"},{"taxonomy":"product_tag","embeddable":true,"href":"https:\/\/candeebaar.ee\/fi\/wp-json\/wp\/v2\/product_tag?post=14479"}],"curies":[{"name":"wp","href":"https:\/\/api.w.org\/{rel}","templated":true}]}}