{"id":14597,"date":"2025-12-08T09:52:01","date_gmt":"2025-12-08T07:52:01","guid":{"rendered":"https:\/\/candeebaar.ee\/?post_type=product&#038;p=14597"},"modified":"2026-04-06T19:00:52","modified_gmt":"2026-04-06T17:00:52","slug":"lumihiutaleet","status":"publish","type":"product","link":"https:\/\/candeebaar.ee\/fi\/kauppa\/lumihiutaleet\/","title":{"rendered":"Str\u00f6sselit \u201cLumihiutaleet\u201d 45g"},"content":{"rendered":"<p>Str\u00f6sselit j\u00e4lkiruoan koristeluun.<\/p>\n<p><strong>Ainesosat<\/strong>:<\/p>\n<p>Valkoinen sokeri, riisijauho, puhdistettu hajuton palmu\u00f6ljy, maissit\u00e4rkkelys, melassi; sakeuttamisaine: karboksimetyyliselluloosa (CMC) (E466); pintak\u00e4sittelyaineet: arabikumi (E414), talkki (E553b); aromi: vanilja.<br \/>\nSaattaa sis\u00e4lt\u00e4\u00e4 j\u00e4lki\u00e4 <strong>munat, maito ja p\u00e4hkin\u00e4t<\/strong>.<\/p>\n<p><strong>Ravitsemustietoa:<\/strong><\/p>\n<table width=\"510\">\n<tbody>\n<tr>\n<td colspan=\"2\" width=\"510\">100g sis\u00e4lt\u00e4\u00e4 keskiarvon:<\/td>\n<\/tr>\n<tr>\n<td width=\"200\">Energia-arvo<\/td>\n<td width=\"310\">1544 kJ \/ 369 kcal<\/td>\n<\/tr>\n<tr>\n<td width=\"200\">Proteiinit<\/td>\n<td width=\"310\">1,7 g<\/td>\n<\/tr>\n<tr>\n<td width=\"200\">Rasvat<\/p>\n<p>\u2013 Kyll\u00e4stynyt<\/td>\n<td width=\"310\">3,8 g<\/p>\n<p>\u2013 1,6 g<\/td>\n<\/tr>\n<tr>\n<td width=\"200\">Kokonaishiilihydraatti - Sokeri<\/td>\n<td width=\"310\">82\u201367 g<\/td>\n<\/tr>\n<tr>\n<td width=\"200\">Suolaa<\/td>\n<td width=\"310\">0 g<\/td>\n<\/tr>\n<\/tbody>\n<\/table>\n<p style=\"font-weight: 400;\">Ei sovellu alle 3-vuotiaille lapsille.<br \/>\nS\u00e4ilyt\u00e4 suljettuna huoneenl\u00e4mm\u00f6ss\u00e4 ja normaalissa (40-75%) kosteudessa.<br \/>\nValmistaja: Saksa<br \/>\nS\u00e4ilyvyys: tammikuu 2027<\/p>","protected":false},"excerpt":{"rendered":"<p>Str\u00f6sselit j\u00e4lkiruoan koristeluun. Ainesosat: Valkoinen sokeri, riisijauho, puhdistettu hajuton palmu\u00f6ljy, maissit\u00e4rkkelys, melassi; sakeuttamisaine: karboksimetyyliselluloosa (CMC) (E466); pintak\u00e4sittelyaineet: arabikumi (E414), talkki (E553b); aromi: vanilja. Saattaa sis\u00e4lt\u00e4\u00e4 j\u00e4\u00e4mi\u00e4 kananmunasta, maidosta ja p\u00e4hkin\u00f6ist\u00e4. Ravintosis\u00e4lt\u00f6: 100 g sis\u00e4lt\u00e4\u00e4 keskim\u00e4\u00e4rin: Energiaa 1544 kJ \/ 369 kcal Proteiineja 1,7 g Rasvaa \u2013 tyydyttynytt\u00e4 [\u2026]<\/p>","protected":false},"featured_media":14598,"template":"","meta":{"_seopress_robots_primary_cat":"none","_seopress_titles_title":"","_seopress_titles_desc":"","_seopress_robots_index":""},"product_brand":[],"product_cat":[182,181,15,104,106],"product_tag":[],"class_list":{"0":"post-14597","1":"product","2":"type-product","3":"status-publish","4":"has-post-thumbnail","6":"product_cat-christmas","7":"product_cat-christmas-new-year","8":"product_cat-all-products","9":"product_cat-sprinkles","10":"product_cat-new","12":"first","13":"instock","14":"taxable","15":"shipping-taxable","16":"purchasable","17":"product-type-simple"},"_links":{"self":[{"href":"https:\/\/candeebaar.ee\/fi\/wp-json\/wp\/v2\/product\/14597","targetHints":{"allow":["GET"]}}],"collection":[{"href":"https:\/\/candeebaar.ee\/fi\/wp-json\/wp\/v2\/product"}],"about":[{"href":"https:\/\/candeebaar.ee\/fi\/wp-json\/wp\/v2\/types\/product"}],"version-history":[{"count":1,"href":"https:\/\/candeebaar.ee\/fi\/wp-json\/wp\/v2\/product\/14597\/revisions"}],"predecessor-version":[{"id":14599,"href":"https:\/\/candeebaar.ee\/fi\/wp-json\/wp\/v2\/product\/14597\/revisions\/14599"}],"wp:featuredmedia":[{"embeddable":true,"href":"https:\/\/candeebaar.ee\/fi\/wp-json\/wp\/v2\/media\/14598"}],"wp:attachment":[{"href":"https:\/\/candeebaar.ee\/fi\/wp-json\/wp\/v2\/media?parent=14597"}],"wp:term":[{"taxonomy":"product_brand","embeddable":true,"href":"https:\/\/candeebaar.ee\/fi\/wp-json\/wp\/v2\/product_brand?post=14597"},{"taxonomy":"product_cat","embeddable":true,"href":"https:\/\/candeebaar.ee\/fi\/wp-json\/wp\/v2\/product_cat?post=14597"},{"taxonomy":"product_tag","embeddable":true,"href":"https:\/\/candeebaar.ee\/fi\/wp-json\/wp\/v2\/product_tag?post=14597"}],"curies":[{"name":"wp","href":"https:\/\/api.w.org\/{rel}","templated":true}]}}