{"id":14600,"date":"2025-12-08T10:11:14","date_gmt":"2025-12-08T08:11:14","guid":{"rendered":"https:\/\/candeebaar.ee\/?post_type=product&#038;p=14600"},"modified":"2026-04-03T14:08:02","modified_gmt":"2026-04-03T12:08:02","slug":"strosselit-punaisia-helmia-45g","status":"publish","type":"product","link":"https:\/\/candeebaar.ee\/fi\/kauppa\/strosselit-punaisia-helmia-45g\/","title":{"rendered":"Str\u00f6sselit \u201cPunaiset helmet\u201d 45g (pehme\u00e4t)"},"content":{"rendered":"<p>Sprinklej\u00e4 j\u00e4lkiruokien koristeluun. Helmien koko on satunnaisesti 1-10 mm.<\/p>\n<p><strong>Ainesosat<\/strong>:<\/p>\n<p>Paisutettu riisi (10%), sokeri, tomusokeri, maissit\u00e4rkkelys, elintarvikev\u00e4ri: Ponceau 4R (E124); pintak\u00e4sittelyaine: karnaubavaha (E903).<\/p>\n<p>Sis\u00e4lt\u00e4\u00e4 Ponzo 4R -v\u00e4riainetta (E124) ja voi siksi heikent\u00e4\u00e4 lasten aktiivisuutta ja tarkkaavaisuutta.<\/p>\n<p>Saattaa sis\u00e4lt\u00e4\u00e4 j\u00e4lki\u00e4 <strong>munat, maito ja p\u00e4hkin\u00e4t<\/strong>.<\/p>\n<p><strong>Ravitsemustietoa:<\/strong><\/p>\n<table width=\"510\">\n<tbody>\n<tr>\n<td colspan=\"2\" width=\"510\">100g sis\u00e4lt\u00e4\u00e4 keskiarvon:<\/td>\n<\/tr>\n<tr>\n<td width=\"200\">Kaloriarvo<\/td>\n<td width=\"310\">1660kJ \/ 392kcal<\/td>\n<\/tr>\n<tr>\n<td width=\"200\">Proteiinit<\/td>\n<td width=\"310\">0,4 g<\/td>\n<\/tr>\n<tr>\n<td width=\"200\">Rasvat<\/p>\n<p>\u2013 Kyll\u00e4stynyt<\/td>\n<td width=\"310\">0,1 g<\/p>\n<p>\u2013 0 g<\/td>\n<\/tr>\n<tr>\n<td width=\"200\">Kokonaishiilihydraatti - Sokeri<\/td>\n<td width=\"310\">95,9-60 g<\/td>\n<\/tr>\n<tr>\n<td width=\"200\">Suolaa<\/td>\n<td width=\"310\">0,00 g<\/td>\n<\/tr>\n<\/tbody>\n<\/table>\n<p style=\"font-weight: 400;\">Ei sovellu alle 3-vuotiaille lapsille. Useimmissa elementeiss\u00e4 on pehme\u00e4 riisipohja sis\u00e4ll\u00e4, kun taas jotkut voivat olla kovia.<br \/>\nS\u00e4ilyt\u00e4 suljettuna huoneenl\u00e4mm\u00f6ss\u00e4 ja normaalissa (40-75%) kosteudessa.<br \/>\nValmistaja: Saksa<br \/>\nS\u00e4ilyvyysaika: maaliskuu 2027<\/p>","protected":false},"excerpt":{"rendered":"<p>J\u00e4lkiruokien koristeluun tarkoitettuja str\u00f6sseleit\u00e4. Helmet ovat kooltaan satunnaisia 1\u201310 mm. Ainesosat: Paisutettu riisi (10%), sokeri, tomusokeri, maissit\u00e4rkkelys, elintarvikev\u00e4ri: Ponceau 4R (E124); pintak\u00e4sittelyaine: karnaubavaha (E903). Sis\u00e4lt\u00e4\u00e4 Ponzo 4R (E124) -v\u00e4riainetta ja voi siksi heikent\u00e4\u00e4 lasten aktiivisuutta ja tarkkaavaisuutta. Saattaa sis\u00e4lt\u00e4\u00e4 j\u00e4\u00e4mi\u00e4 kananmunasta, maidosta ja p\u00e4hkin\u00f6ist\u00e4. Ravintosis\u00e4lt\u00f6: 100 g [\u2026]<\/p>","protected":false},"featured_media":11992,"template":"","meta":{"_seopress_robots_primary_cat":"none","_seopress_titles_title":"","_seopress_titles_desc":"","_seopress_robots_index":""},"product_brand":[],"product_cat":[182,181,15,104,106],"product_tag":[],"class_list":{"0":"post-14600","1":"product","2":"type-product","3":"status-publish","4":"has-post-thumbnail","6":"product_cat-christmas","7":"product_cat-christmas-new-year","8":"product_cat-all-products","9":"product_cat-sprinkles","10":"product_cat-new","12":"first","13":"instock","14":"taxable","15":"shipping-taxable","16":"purchasable","17":"product-type-simple"},"_links":{"self":[{"href":"https:\/\/candeebaar.ee\/fi\/wp-json\/wp\/v2\/product\/14600","targetHints":{"allow":["GET"]}}],"collection":[{"href":"https:\/\/candeebaar.ee\/fi\/wp-json\/wp\/v2\/product"}],"about":[{"href":"https:\/\/candeebaar.ee\/fi\/wp-json\/wp\/v2\/types\/product"}],"version-history":[{"count":3,"href":"https:\/\/candeebaar.ee\/fi\/wp-json\/wp\/v2\/product\/14600\/revisions"}],"predecessor-version":[{"id":15177,"href":"https:\/\/candeebaar.ee\/fi\/wp-json\/wp\/v2\/product\/14600\/revisions\/15177"}],"wp:featuredmedia":[{"embeddable":true,"href":"https:\/\/candeebaar.ee\/fi\/wp-json\/wp\/v2\/media\/11992"}],"wp:attachment":[{"href":"https:\/\/candeebaar.ee\/fi\/wp-json\/wp\/v2\/media?parent=14600"}],"wp:term":[{"taxonomy":"product_brand","embeddable":true,"href":"https:\/\/candeebaar.ee\/fi\/wp-json\/wp\/v2\/product_brand?post=14600"},{"taxonomy":"product_cat","embeddable":true,"href":"https:\/\/candeebaar.ee\/fi\/wp-json\/wp\/v2\/product_cat?post=14600"},{"taxonomy":"product_tag","embeddable":true,"href":"https:\/\/candeebaar.ee\/fi\/wp-json\/wp\/v2\/product_tag?post=14600"}],"curies":[{"name":"wp","href":"https:\/\/api.w.org\/{rel}","templated":true}]}}