{"id":14619,"date":"2025-12-08T10:58:15","date_gmt":"2025-12-08T08:58:15","guid":{"rendered":"https:\/\/candeebaar.ee\/?post_type=product&#038;p=14619"},"modified":"2026-04-07T06:46:30","modified_gmt":"2026-04-07T04:46:30","slug":"strosselit-peilinsiniset-helmet-45g","status":"publish","type":"product","link":"https:\/\/candeebaar.ee\/fi\/kauppa\/strosselit-peilinsiniset-helmet-45g\/","title":{"rendered":"Str\u00f6sselit \u201cMirror Blue Pearls\u201d 45g (pehme\u00e4t)"},"content":{"rendered":"<p>Sprinklej\u00e4 j\u00e4lkiruokien koristeluun. Helmien koko on satunnaisesti 1-10 mm.<\/p>\n<p><strong>Ainesosat<\/strong>:<\/p>\n<p>paisutettu riisi, tomusokeri, maissit\u00e4rkkelys, elintarvikev\u00e4ri:\u00a0<span lang=\"DE\">Timanttisininen (E133)<\/span>, elintarvikehopea (E174), pinnoite: Capol (sellakka, kasvi\u00f6ljy, etanoli).<\/p>\n<p>Saattaa sis\u00e4lt\u00e4\u00e4 j\u00e4lki\u00e4 <strong>munat, maito ja p\u00e4hkin\u00e4t<\/strong>.<\/p>\n<p><strong>Ravitsemustietoa:<\/strong><\/p>\n<table width=\"510\">\n<tbody>\n<tr>\n<td colspan=\"2\" width=\"510\">100g sis\u00e4lt\u00e4\u00e4 keskiarvon:<\/td>\n<\/tr>\n<tr>\n<td width=\"200\">Kaloriarvo<\/td>\n<td width=\"310\">1627 kJ \/ 389 kcal<\/td>\n<\/tr>\n<tr>\n<td width=\"200\">Proteiinit<\/td>\n<td width=\"310\">1,9 g<\/td>\n<\/tr>\n<tr>\n<td width=\"200\">Rasvat<\/p>\n<p>\u2013 Kyll\u00e4stynyt<\/td>\n<td width=\"310\">0,63 g<\/p>\n<p>\u2013 0 g<\/td>\n<\/tr>\n<tr>\n<td width=\"200\">Kokonaishiilihydraatti - Sokeri<\/td>\n<td width=\"310\">92,6\u201352,1 g<\/td>\n<\/tr>\n<tr>\n<td width=\"200\">Suolaa<\/td>\n<td width=\"310\">0,00 g<\/td>\n<\/tr>\n<\/tbody>\n<\/table>\n<p style=\"font-weight: 400;\">Ei sovellu alle 3-vuotiaille lapsille. Useimmissa elementeiss\u00e4 on pehme\u00e4 riisipohja sis\u00e4ll\u00e4, kun taas jotkut voivat olla kovia.<br \/>\nS\u00e4ilyt\u00e4 suljettuna huoneenl\u00e4mm\u00f6ss\u00e4 ja normaalissa (40-75%) kosteudessa.<br \/>\nValmistaja: Saksa<br \/>\nS\u00e4ilyvyys: joulukuu 2026<\/p>","protected":false},"excerpt":{"rendered":"<p>J\u00e4lkiruokien koristeluun tarkoitettuja str\u00f6sseleit\u00e4. Helmet ovat kooltaan satunnaisia 1\u201310 mm. Ainesosat: paisutettu riisi, tomusokeri, maissit\u00e4rkkelys, elintarvikev\u00e4ri: timanttisininen (E133), elintarvikehopea (E174), pintak\u00e4sittelyaine: Capol (sellakka, kasvi\u00f6ljy, etanoli). Saattaa sis\u00e4lt\u00e4\u00e4 j\u00e4\u00e4mi\u00e4 kananmunasta, maidosta ja p\u00e4hkin\u00f6ist\u00e4. Ravintosis\u00e4lt\u00f6: 100 g sis\u00e4lt\u00e4\u00e4 keskim\u00e4\u00e4rin: Kalorit 1627 kJ \/ 389 kcal Proteiinit [\u2026]<\/p>","protected":false},"featured_media":14620,"template":"","meta":{"_seopress_robots_primary_cat":"none","_seopress_titles_title":"","_seopress_titles_desc":"","_seopress_robots_index":""},"product_brand":[],"product_cat":[15,104,106],"product_tag":[],"class_list":{"0":"post-14619","1":"product","2":"type-product","3":"status-publish","4":"has-post-thumbnail","6":"product_cat-all-products","7":"product_cat-sprinkles","8":"product_cat-new","10":"first","11":"instock","12":"taxable","13":"shipping-taxable","14":"purchasable","15":"product-type-simple"},"_links":{"self":[{"href":"https:\/\/candeebaar.ee\/fi\/wp-json\/wp\/v2\/product\/14619","targetHints":{"allow":["GET"]}}],"collection":[{"href":"https:\/\/candeebaar.ee\/fi\/wp-json\/wp\/v2\/product"}],"about":[{"href":"https:\/\/candeebaar.ee\/fi\/wp-json\/wp\/v2\/types\/product"}],"version-history":[{"count":2,"href":"https:\/\/candeebaar.ee\/fi\/wp-json\/wp\/v2\/product\/14619\/revisions"}],"predecessor-version":[{"id":14625,"href":"https:\/\/candeebaar.ee\/fi\/wp-json\/wp\/v2\/product\/14619\/revisions\/14625"}],"wp:featuredmedia":[{"embeddable":true,"href":"https:\/\/candeebaar.ee\/fi\/wp-json\/wp\/v2\/media\/14620"}],"wp:attachment":[{"href":"https:\/\/candeebaar.ee\/fi\/wp-json\/wp\/v2\/media?parent=14619"}],"wp:term":[{"taxonomy":"product_brand","embeddable":true,"href":"https:\/\/candeebaar.ee\/fi\/wp-json\/wp\/v2\/product_brand?post=14619"},{"taxonomy":"product_cat","embeddable":true,"href":"https:\/\/candeebaar.ee\/fi\/wp-json\/wp\/v2\/product_cat?post=14619"},{"taxonomy":"product_tag","embeddable":true,"href":"https:\/\/candeebaar.ee\/fi\/wp-json\/wp\/v2\/product_tag?post=14619"}],"curies":[{"name":"wp","href":"https:\/\/api.w.org\/{rel}","templated":true}]}}