{"id":14622,"date":"2025-12-08T11:04:21","date_gmt":"2025-12-08T09:04:21","guid":{"rendered":"https:\/\/candeebaar.ee\/?post_type=product&#038;p=14622"},"modified":"2026-01-28T21:43:05","modified_gmt":"2026-01-28T19:43:05","slug":"strosselit-uudenvuoden-unelma-45g-pehmea","status":"publish","type":"product","link":"https:\/\/candeebaar.ee\/fi\/kauppa\/strosselit-uudenvuoden-unelma-45g-pehmea\/","title":{"rendered":"Str\u00f6sselit \u201cUudenvuoden unelma\u201d 45g (pehme\u00e4t)"},"content":{"rendered":"<p>Pehmeit\u00e4 str\u00f6sseleit\u00e4 j\u00e4lkiruoan koristeluun.<br \/>\nKoko: noin 5 mm<\/p>\n<p><strong>Ainesosat<\/strong>:<\/p>\n<p>paisutettu riisi, sokerisiirappi, maissit\u00e4rkkelys, tomusokeri, E174, E102, E124, E131, Capol\u00ae-kiillotusaine<\/p>\n<p>Sis\u00e4lt\u00e4\u00e4 E102- ja E124-v\u00e4riaineita, joilla voi olla haitallinen vaikutus lasten aktiivisuuteen ja tarkkaavaisuuteen.<\/p>\n<p>Saattaa sis\u00e4lt\u00e4\u00e4 j\u00e4lki\u00e4 <strong>munat, maito ja p\u00e4hkin\u00e4t<\/strong>.<\/p>\n<p><strong>Ravitsemustietoa:<\/strong><\/p>\n<table width=\"510\">\n<tbody>\n<tr>\n<td colspan=\"2\" width=\"510\">100g sis\u00e4lt\u00e4\u00e4 keskiarvon:<\/td>\n<\/tr>\n<tr>\n<td width=\"200\">Energia-arvo<\/td>\n<td width=\"310\">1545 kJ \/ 369 kcal<\/td>\n<\/tr>\n<tr>\n<td width=\"200\">Proteiinit<\/td>\n<td width=\"310\">3,4 g<\/td>\n<\/tr>\n<tr>\n<td width=\"200\">Rasvat<\/p>\n<p>\u2013 Kyll\u00e4stynyt<\/td>\n<td width=\"310\">0,3 g<\/p>\n<p>\u2013 0,1 g<\/td>\n<\/tr>\n<tr>\n<td width=\"200\">Kokonaishiilihydraatti - Sokeri<\/td>\n<td width=\"310\">91 g\u201372,4 g<\/td>\n<\/tr>\n<tr>\n<td width=\"200\">Suolaa<\/td>\n<td width=\"310\">0 g<\/td>\n<\/tr>\n<\/tbody>\n<\/table>\n<p style=\"font-weight: 400;\">\nS\u00e4ilyt\u00e4 suljettuna huoneenl\u00e4mm\u00f6ss\u00e4 ja normaalissa (40-75%) kosteudessa.<br \/>\nValmistaja: Saksa<br \/>\nS\u00e4ilyvyys: joulukuu 2026<\/p>","protected":false},"excerpt":{"rendered":"<p>Pehmeit\u00e4 str\u00f6sseleit\u00e4 j\u00e4lkiruoan koristeluun. Koko: noin 5 mm. Ainesosat: paisutettu riisi, sokerisiirappi, maissit\u00e4rkkelys, tomusokeri, E174, E102, E124, E131, Capol\u00ae-kiillotusaine. Sis\u00e4lt\u00e4\u00e4 E102- ja E124-v\u00e4riaineita, joilla voi olla haitallinen vaikutus lasten aktiivisuuteen ja tarkkaavaisuuteen. Saattaa sis\u00e4lt\u00e4\u00e4 j\u00e4\u00e4mi\u00e4 munista, maidosta ja p\u00e4hkin\u00f6ist\u00e4. Ravintosis\u00e4lt\u00f6: 100 g sis\u00e4lt\u00e4\u00e4 keskim\u00e4\u00e4rin: [\u2026]<\/p>","protected":false},"featured_media":14623,"template":"","meta":{"_seopress_robots_primary_cat":"none","_seopress_titles_title":"","_seopress_titles_desc":"","_seopress_robots_index":""},"product_brand":[],"product_cat":[182,181,15,104,106],"product_tag":[],"class_list":{"0":"post-14622","1":"product","2":"type-product","3":"status-publish","4":"has-post-thumbnail","6":"product_cat-christmas","7":"product_cat-christmas-new-year","8":"product_cat-all-products","9":"product_cat-sprinkles","10":"product_cat-new","12":"first","13":"instock","14":"taxable","15":"shipping-taxable","16":"purchasable","17":"product-type-simple"},"_links":{"self":[{"href":"https:\/\/candeebaar.ee\/fi\/wp-json\/wp\/v2\/product\/14622","targetHints":{"allow":["GET"]}}],"collection":[{"href":"https:\/\/candeebaar.ee\/fi\/wp-json\/wp\/v2\/product"}],"about":[{"href":"https:\/\/candeebaar.ee\/fi\/wp-json\/wp\/v2\/types\/product"}],"version-history":[{"count":1,"href":"https:\/\/candeebaar.ee\/fi\/wp-json\/wp\/v2\/product\/14622\/revisions"}],"predecessor-version":[{"id":14624,"href":"https:\/\/candeebaar.ee\/fi\/wp-json\/wp\/v2\/product\/14622\/revisions\/14624"}],"wp:featuredmedia":[{"embeddable":true,"href":"https:\/\/candeebaar.ee\/fi\/wp-json\/wp\/v2\/media\/14623"}],"wp:attachment":[{"href":"https:\/\/candeebaar.ee\/fi\/wp-json\/wp\/v2\/media?parent=14622"}],"wp:term":[{"taxonomy":"product_brand","embeddable":true,"href":"https:\/\/candeebaar.ee\/fi\/wp-json\/wp\/v2\/product_brand?post=14622"},{"taxonomy":"product_cat","embeddable":true,"href":"https:\/\/candeebaar.ee\/fi\/wp-json\/wp\/v2\/product_cat?post=14622"},{"taxonomy":"product_tag","embeddable":true,"href":"https:\/\/candeebaar.ee\/fi\/wp-json\/wp\/v2\/product_tag?post=14622"}],"curies":[{"name":"wp","href":"https:\/\/api.w.org\/{rel}","templated":true}]}}