{"id":14911,"date":"2026-01-05T10:49:47","date_gmt":"2026-01-05T08:49:47","guid":{"rendered":"https:\/\/candeebaar.ee\/?post_type=product&#038;p=14911"},"modified":"2026-03-11T14:55:26","modified_gmt":"2026-03-11T12:55:26","slug":"strosselit-mustat-sydamet-45g","status":"publish","type":"product","link":"https:\/\/candeebaar.ee\/fi\/kauppa\/strosselit-mustat-sydamet-45g\/","title":{"rendered":"Str\u00f6sselit \u201cMustat syd\u00e4met\u201d 45g"},"content":{"rendered":"<p>Sprinklej\u00e4 j\u00e4lkiruokien koristeluun.<br \/>\nSyd\u00e4men koko: 6 mm<br \/>\nPaino: 45g<br \/>\nAinesosat: Valkoinen sokeri, riisijauho, puhdistettu hajuton palmu\u00f6ljy, maissit\u00e4rkkelys, melassi, sakeuttamisaine: karboksimetyyliselluloosa (CMC) (E466), pintak\u00e4sittelyaineet: arabikumi (E414), talkki (E553b), aromi: vanilja, elintarvikev\u00e4rit: Briljanttimusta BN (E151).<\/p>\n<p>Ravintoarvo: 1544 kJ\/369 kcal<br \/>\nRasvaa (tyydyttynytt\u00e4): 3,8 (1,6) g<br \/>\nHiilihydraatit (sokeri): 82 (67) g<br \/>\nProteiineja: 1,7 g<br \/>\nSuola: 0 g<br \/>\nEi sovellu alle 3-vuotiaille lapsille.<\/p>\n<p><strong data-start=\"721\" data-end=\"733\">Varastointi:<\/strong><br data-start=\"733\" data-end=\"736\" \/>S\u00e4ilyt\u00e4 alle 25 \u00b0C:n l\u00e4mp\u00f6tilassa ja alle 75%:n suhteellisessa kosteudessa.<br \/>\nValmistaja: Saksa<\/p>","protected":false},"excerpt":{"rendered":"<p>J\u00e4lkiruokien koristeluun tarkoitettuja str\u00f6sseleit\u00e4. Syd\u00e4men koko: 6 mm. Paino: 45 g. Ainesosat: Valkoinen sokeri, riisijauho, puhdistettu hajuton palmu\u00f6ljy, maissit\u00e4rkkelys, melassi, sakeuttamisaine: karboksimetyyliselluloosa (CMC) (E466), pintak\u00e4sittelyaineet: arabikumi (E414), talkki (E553b), aromi: vanilja, elintarvikev\u00e4rit: Briljanttimusta BN (E151). Ravintosis\u00e4lt\u00f6: 1544 kJ\/369 kcal. Rasvaa (tyydyttynytt\u00e4): 3,8 (1,6) g. Hiilihydraattia (sokeria): 82 (67) g. Proteiinia: 1,7 g. Suolaa: 0 g. [\u2026]<\/p>","protected":false},"featured_media":14912,"template":"","meta":{"_seopress_robots_primary_cat":"none","_seopress_titles_title":"","_seopress_titles_desc":"","_seopress_robots_index":""},"product_brand":[],"product_cat":[183,15,104],"product_tag":[],"class_list":{"0":"post-14911","1":"product","2":"type-product","3":"status-publish","4":"has-post-thumbnail","6":"product_cat-valentines-day","7":"product_cat-all-products","8":"product_cat-sprinkles","10":"first","11":"instock","12":"taxable","13":"shipping-taxable","14":"purchasable","15":"product-type-simple"},"_links":{"self":[{"href":"https:\/\/candeebaar.ee\/fi\/wp-json\/wp\/v2\/product\/14911","targetHints":{"allow":["GET"]}}],"collection":[{"href":"https:\/\/candeebaar.ee\/fi\/wp-json\/wp\/v2\/product"}],"about":[{"href":"https:\/\/candeebaar.ee\/fi\/wp-json\/wp\/v2\/types\/product"}],"version-history":[{"count":1,"href":"https:\/\/candeebaar.ee\/fi\/wp-json\/wp\/v2\/product\/14911\/revisions"}],"predecessor-version":[{"id":14913,"href":"https:\/\/candeebaar.ee\/fi\/wp-json\/wp\/v2\/product\/14911\/revisions\/14913"}],"wp:featuredmedia":[{"embeddable":true,"href":"https:\/\/candeebaar.ee\/fi\/wp-json\/wp\/v2\/media\/14912"}],"wp:attachment":[{"href":"https:\/\/candeebaar.ee\/fi\/wp-json\/wp\/v2\/media?parent=14911"}],"wp:term":[{"taxonomy":"product_brand","embeddable":true,"href":"https:\/\/candeebaar.ee\/fi\/wp-json\/wp\/v2\/product_brand?post=14911"},{"taxonomy":"product_cat","embeddable":true,"href":"https:\/\/candeebaar.ee\/fi\/wp-json\/wp\/v2\/product_cat?post=14911"},{"taxonomy":"product_tag","embeddable":true,"href":"https:\/\/candeebaar.ee\/fi\/wp-json\/wp\/v2\/product_tag?post=14911"}],"curies":[{"name":"wp","href":"https:\/\/api.w.org\/{rel}","templated":true}]}}