{"id":15060,"date":"2026-01-16T11:09:19","date_gmt":"2026-01-16T09:09:19","guid":{"rendered":"https:\/\/candeebaar.ee\/?post_type=product&#038;p=15060"},"modified":"2026-03-02T15:03:39","modified_gmt":"2026-03-02T13:03:39","slug":"valkoinen-kakkupohja-8-cm-3-mm","status":"publish","type":"product","link":"https:\/\/candeebaar.ee\/fi\/kauppa\/valkoinen-kakkupohja-8-cm-3-mm\/","title":{"rendered":"Valkoinen kakkupohja 8cm * 3mm"},"content":{"rendered":"<p>Py\u00f6re\u00e4 pohja tiivist\u00e4 vahvistetusta kartongista, kosteutta ja rasvaa hylkiv\u00e4.<br \/>\nV\u00e4ri: valkoinen<br \/>\nHalkaisija: 80 mm<br \/>\nPaksuus: 3mm<\/p>","protected":false},"excerpt":{"rendered":"<p>Py\u00f6re\u00e4 pohja tihe\u00e4st\u00e4 vahvistetusta pahvista, kosteutta ja rasvaa hylkiv\u00e4. V\u00e4ri: valkoinen. Halkaisija: 80 mm. Paksuus: 3 mm.<\/p>","protected":false},"featured_media":7250,"template":"","meta":{"_seopress_robots_primary_cat":"none","_seopress_titles_title":"","_seopress_titles_desc":"","_seopress_robots_index":""},"product_brand":[],"product_cat":[15,139,106],"product_tag":[],"class_list":{"0":"post-15060","1":"product","2":"type-product","3":"status-publish","4":"has-post-thumbnail","6":"product_cat-all-products","7":"product_cat-small-size","8":"product_cat-new","10":"first","11":"instock","12":"taxable","13":"shipping-taxable","14":"purchasable","15":"product-type-simple"},"_links":{"self":[{"href":"https:\/\/candeebaar.ee\/fi\/wp-json\/wp\/v2\/product\/15060","targetHints":{"allow":["GET"]}}],"collection":[{"href":"https:\/\/candeebaar.ee\/fi\/wp-json\/wp\/v2\/product"}],"about":[{"href":"https:\/\/candeebaar.ee\/fi\/wp-json\/wp\/v2\/types\/product"}],"version-history":[{"count":1,"href":"https:\/\/candeebaar.ee\/fi\/wp-json\/wp\/v2\/product\/15060\/revisions"}],"predecessor-version":[{"id":15061,"href":"https:\/\/candeebaar.ee\/fi\/wp-json\/wp\/v2\/product\/15060\/revisions\/15061"}],"wp:featuredmedia":[{"embeddable":true,"href":"https:\/\/candeebaar.ee\/fi\/wp-json\/wp\/v2\/media\/7250"}],"wp:attachment":[{"href":"https:\/\/candeebaar.ee\/fi\/wp-json\/wp\/v2\/media?parent=15060"}],"wp:term":[{"taxonomy":"product_brand","embeddable":true,"href":"https:\/\/candeebaar.ee\/fi\/wp-json\/wp\/v2\/product_brand?post=15060"},{"taxonomy":"product_cat","embeddable":true,"href":"https:\/\/candeebaar.ee\/fi\/wp-json\/wp\/v2\/product_cat?post=15060"},{"taxonomy":"product_tag","embeddable":true,"href":"https:\/\/candeebaar.ee\/fi\/wp-json\/wp\/v2\/product_tag?post=15060"}],"curies":[{"name":"wp","href":"https:\/\/api.w.org\/{rel}","templated":true}]}}