{"id":15366,"date":"2026-02-10T10:04:56","date_gmt":"2026-02-10T08:04:56","guid":{"rendered":"https:\/\/candeebaar.ee\/?post_type=product&#038;p=15366"},"modified":"2026-04-12T20:39:34","modified_gmt":"2026-04-12T18:39:34","slug":"strosselit-valkoinen-ruusu-45g","status":"publish","type":"product","link":"https:\/\/candeebaar.ee\/fi\/kauppa\/strosselit-valkoinen-ruusu-45g\/","title":{"rendered":"Str\u00f6sselit \u201cValkoinen ruusu\u201d 45g"},"content":{"rendered":"<p>Str\u00f6sselit j\u00e4lkiruokien koristeluun.<br \/>\nRuusun koko: 12 mm<br \/>\nPaino: 45g<br \/>\nAinekset: <span style=\"font-style: inherit; font-weight: inherit;\">paisutettu riisi, sokeri, sokerisiirappi, maissit\u00e4rkkelys,\u00a0<strong style=\"font-style: inherit; font-weight: 600;\">VEHN\u00c4\u00a0<\/strong>jauhot, arabikumi, E170, E122, E131,\u00a0<\/span><span style=\"font-style: inherit; font-weight: inherit;\">\u0415<\/span><span style=\"font-style: inherit; font-weight: inherit;\">102, Capol\u00ae-kiillotusaine<\/span><span style=\"font-style: inherit; font-weight: inherit;\">Sis\u00e4lt\u00e4\u00e4 E122-v\u00e4riainetta,\u00a0<\/span><span style=\"font-style: inherit; font-weight: inherit;\">\u0415<\/span><span style=\"font-style: inherit; font-weight: inherit;\">102, jolla voi olla haitallinen vaikutus lasten aktiivisuuteen ja tarkkaavaisuuteen.<\/span><\/p>\n<p>Ravintoarvo: 1545 kJ\/369 kcal<br \/>\nRasvaa (tyydyttynytt\u00e4): 0,3 (0,1) g<br \/>\nHiilihydraatit (sokeri): 91 (72,4) g<br \/>\nProteiineja: 3,4 g<br \/>\nSuola: 0 g<br \/>\nEi sovellu alle 3-vuotiaille lapsille.<\/p>\n<p><strong data-start=\"721\" data-end=\"733\">Varastointi:<\/strong><br data-start=\"733\" data-end=\"736\" \/>S\u00e4ilyt\u00e4 alle 25 \u00b0C:n l\u00e4mp\u00f6tilassa ja alle 75%:n suhteellisessa kosteudessa.<br \/>\nValmistaja: Saksa<\/p>","protected":false},"excerpt":{"rendered":"<p>J\u00e4lkiruokien koristeluun str\u00f6sseleit\u00e4. Ruusun koko: 12 mm Paino: 45 g Ainesosat: paisutettu riisi, sokeri, sokerisiirappi, maissit\u00e4rkkelys, VEHN\u00c4jauho, arabikumi, E170, E122, E131, E102, Capol\u00ae-kiillotusaineSis\u00e4lt\u00e4\u00e4 E122:ta ja E102:ta, joilla voi olla haitallinen vaikutus lasten aktiivisuuteen ja tarkkaavaisuuteen. Ravintosis\u00e4lt\u00f6: 1545 kJ\/369 kcal Rasvaa (tyydyttynytt\u00e4): 0,3 (0,1) g Hiilihydraattia (sokeria): 91 (72,4) g Proteiinia: 3,4 g Suolaa: 0 g Ei sovellu lapsille [\u2026]<\/p>","protected":false},"featured_media":15367,"template":"","meta":{"_seopress_robots_primary_cat":"none","_seopress_titles_title":"","_seopress_titles_desc":"","_seopress_robots_index":""},"product_brand":[],"product_cat":[183,15,104,106],"product_tag":[],"class_list":{"0":"post-15366","1":"product","2":"type-product","3":"status-publish","4":"has-post-thumbnail","6":"product_cat-valentines-day","7":"product_cat-all-products","8":"product_cat-sprinkles","9":"product_cat-new","11":"first","12":"instock","13":"taxable","14":"shipping-taxable","15":"purchasable","16":"product-type-simple"},"_links":{"self":[{"href":"https:\/\/candeebaar.ee\/fi\/wp-json\/wp\/v2\/product\/15366","targetHints":{"allow":["GET"]}}],"collection":[{"href":"https:\/\/candeebaar.ee\/fi\/wp-json\/wp\/v2\/product"}],"about":[{"href":"https:\/\/candeebaar.ee\/fi\/wp-json\/wp\/v2\/types\/product"}],"version-history":[{"count":1,"href":"https:\/\/candeebaar.ee\/fi\/wp-json\/wp\/v2\/product\/15366\/revisions"}],"predecessor-version":[{"id":15368,"href":"https:\/\/candeebaar.ee\/fi\/wp-json\/wp\/v2\/product\/15366\/revisions\/15368"}],"wp:featuredmedia":[{"embeddable":true,"href":"https:\/\/candeebaar.ee\/fi\/wp-json\/wp\/v2\/media\/15367"}],"wp:attachment":[{"href":"https:\/\/candeebaar.ee\/fi\/wp-json\/wp\/v2\/media?parent=15366"}],"wp:term":[{"taxonomy":"product_brand","embeddable":true,"href":"https:\/\/candeebaar.ee\/fi\/wp-json\/wp\/v2\/product_brand?post=15366"},{"taxonomy":"product_cat","embeddable":true,"href":"https:\/\/candeebaar.ee\/fi\/wp-json\/wp\/v2\/product_cat?post=15366"},{"taxonomy":"product_tag","embeddable":true,"href":"https:\/\/candeebaar.ee\/fi\/wp-json\/wp\/v2\/product_tag?post=15366"}],"curies":[{"name":"wp","href":"https:\/\/api.w.org\/{rel}","templated":true}]}}