{"id":15464,"date":"2026-02-18T10:59:37","date_gmt":"2026-02-18T08:59:37","guid":{"rendered":"https:\/\/candeebaar.ee\/?post_type=product&#038;p=15464"},"modified":"2026-04-07T13:29:37","modified_gmt":"2026-04-07T11:29:37","slug":"strosselipupu","status":"publish","type":"product","link":"https:\/\/candeebaar.ee\/fi\/kauppa\/strosselipupu\/","title":{"rendered":"Str\u00f6sselit \u201cPupu\u201d 45g"},"content":{"rendered":"<p>Sprinklej\u00e4 j\u00e4lkiruokien koristeluun.<br \/>\nPaino: 45g<br \/>\nSokeri, dekstroosi, maissit\u00e4rkkelys, dekstriini, paisutettu riisi, riisijauho, valkoinen sokeri, puhdistettu deodoroitu palmu\u00f6ljy, melassi, tomusokeri, hydraamaton palmu\u00f6ljy, kookos\u00f6ljy, lesitiini, magnesiumstearaatti, karnaubavaha (E903), pintak\u00e4sittelyaineet: arabikumi (E414), talkki (E553b), sellakka (E904), sakeuttamisaine: karboksimetyyliselluloosa (CMC) (E466), aromi: vanilja, elintarvikev\u00e4rit: tartrasiini (E102), paraoranssi FCF (E110), Ponceau 4R (E124), patenttisininen V (E131), kalsiumkarbonaatti (E170), sy\u00f6t\u00e4v\u00e4 hopea (E174).<br \/>\nSis\u00e4lt\u00f6 per 100g:<br \/>\nEnergia: 1653,33 kJ \/ 394,24 kcal<br data-start=\"1132\" data-end=\"1135\" \/>Rasvaa: 0,72 g<br data-start=\"1146\" data-end=\"1149\" \/>josta tyydyttynytt\u00e4: 0,34 g<br data-start=\"1175\" data-end=\"1178\" \/>Hiilihydraatit: 96,07 g<br data-start=\"1200\" data-end=\"1203\" \/>josta sokereita: 70,02 g<br data-start=\"1227\" data-end=\"1230\" \/>Kuitu: 0,13 g<br data-start=\"1243\" data-end=\"1246\" \/>Proteiinia: 0,33 g<br data-start=\"1261\" data-end=\"1264\" \/>Suola: 0,00 g<\/p>\n<p>Ei sovellu alle 3-vuotiaille lapsille.<br \/>\nValmistaja: Saksa<br \/>\nS\u00e4ilyvyysaika: helmikuu 2027<\/p>","protected":false},"excerpt":{"rendered":"<p>J\u00e4lkiruokien koristeluun tarkoitettuja str\u00f6sseleit\u00e4. Paino: 45 g Sokeri, dekstroosi, maissit\u00e4rkkelys, dekstriini, paisutettu riisi, riisijauho, valkoinen sokeri, puhdistettu deodoroitu palmu\u00f6ljy, melassi, tomusokeri, hydraamaton palmu\u00f6ljy, kookos\u00f6ljy, lesitiini, magnesiumstearaatti, karnaubavaha (E903), pintak\u00e4sittelyaineet: arabikumi (E414), talkki (E553b), sellakka (E904), sakeuttamisaine: karboksimetyyliselluloosa (CMC) (E466), aromi: vanilja, elintarvikev\u00e4rit: tartrasiini (E102), auringonlaskun [\u2026]<\/p>","protected":false},"featured_media":15465,"template":"","meta":{"_seopress_robots_primary_cat":"none","_seopress_titles_title":"","_seopress_titles_desc":"","_seopress_robots_index":""},"product_brand":[],"product_cat":[178,78,15,104,109,106],"product_tag":[175],"class_list":{"0":"post-15464","1":"product","2":"type-product","3":"status-publish","4":"has-post-thumbnail","6":"product_cat-easter-products","7":"product_cat-deal-of-the-day","8":"product_cat-all-products","9":"product_cat-sprinkles","10":"product_cat-sale","11":"product_cat-new","12":"product_tag-easter","14":"first","15":"instock","16":"sale","17":"taxable","18":"shipping-taxable","19":"purchasable","20":"product-type-simple"},"_links":{"self":[{"href":"https:\/\/candeebaar.ee\/fi\/wp-json\/wp\/v2\/product\/15464","targetHints":{"allow":["GET"]}}],"collection":[{"href":"https:\/\/candeebaar.ee\/fi\/wp-json\/wp\/v2\/product"}],"about":[{"href":"https:\/\/candeebaar.ee\/fi\/wp-json\/wp\/v2\/types\/product"}],"version-history":[{"count":1,"href":"https:\/\/candeebaar.ee\/fi\/wp-json\/wp\/v2\/product\/15464\/revisions"}],"predecessor-version":[{"id":15466,"href":"https:\/\/candeebaar.ee\/fi\/wp-json\/wp\/v2\/product\/15464\/revisions\/15466"}],"wp:featuredmedia":[{"embeddable":true,"href":"https:\/\/candeebaar.ee\/fi\/wp-json\/wp\/v2\/media\/15465"}],"wp:attachment":[{"href":"https:\/\/candeebaar.ee\/fi\/wp-json\/wp\/v2\/media?parent=15464"}],"wp:term":[{"taxonomy":"product_brand","embeddable":true,"href":"https:\/\/candeebaar.ee\/fi\/wp-json\/wp\/v2\/product_brand?post=15464"},{"taxonomy":"product_cat","embeddable":true,"href":"https:\/\/candeebaar.ee\/fi\/wp-json\/wp\/v2\/product_cat?post=15464"},{"taxonomy":"product_tag","embeddable":true,"href":"https:\/\/candeebaar.ee\/fi\/wp-json\/wp\/v2\/product_tag?post=15464"}],"curies":[{"name":"wp","href":"https:\/\/api.w.org\/{rel}","templated":true}]}}