{"id":15504,"date":"2026-02-20T09:45:01","date_gmt":"2026-02-20T07:45:01","guid":{"rendered":"https:\/\/candeebaar.ee\/?post_type=product&#038;p=15504"},"modified":"2026-04-07T13:56:24","modified_gmt":"2026-04-07T11:56:24","slug":"viiriaisen-munia-53-g","status":"publish","type":"product","link":"https:\/\/candeebaar.ee\/fi\/kauppa\/viiriaisen-munia-53-g\/","title":{"rendered":"\u201cViiri\u00e4isenmunat t\u00e4plikk\u00e4\u00e4t 53g"},"content":{"rendered":"<p>J\u00e4lkiruokien koristeluun tarkoitettuja str\u00f6sseleit\u00e4. Munissa (20 * 28 mm, 7 kpl) on pehme\u00e4 ja maukas suklaapohja.<br \/>\nPaino: 45g (+-3g)<br \/>\nV\u00e4ri: t\u00e4plik\u00e4s, sekoitettu<br \/>\nAinekset:<br \/>\nSokeri, <strong>maitoa<\/strong>, muunneltuja palmu- ja kasvi\u00f6ljyj\u00e4, makeuttamatonta suklaata, kaakaovoita,<strong> soija<\/strong> lesitiini, elintarvikev\u00e4rit: indigokarmiini (E132), kurkumiini (E100), tartrasiini (E102), Ponceau 4R (E124), briljanttisininen FCF (E131), pintak\u00e4sittelyaine: arabikumi.<br \/>\nSis\u00e4lt\u00e4\u00e4 tartrasiinia (E102) ja Ponceau 4R:\u00e4\u00e4 (E124), jotka voivat vaikuttaa lasten aktiivisuuteen ja tarkkaavaisuuteen.<br \/>\nSis\u00e4lt\u00f6 per 100g:<br \/>\n<strong data-start=\"631\" data-end=\"642\">Energia:<\/strong> 2300 kJ \/ 550 kcal<br \/>\n<strong data-start=\"666\" data-end=\"674\">Rasva:<\/strong> 33,0 g, josta tyydyttynytt\u00e4: 19,0 g<br \/>\n<strong data-start=\"719\" data-end=\"737\">Hiilihydraatit:<\/strong> 55,0 g, josta sokereita: 50,0 g<br \/>\n<strong data-start=\"779\" data-end=\"791\">Proteiini:<\/strong>\u00a07,0 g<br \/>\n<strong data-start=\"802\" data-end=\"811\">Suolaa:<\/strong>\u00a00,2 grammaa<\/p>\n<p>Ei sovellu alle 3-vuotiaille lapsille.<br \/>\nValmistaja: Saksa<br \/>\nS\u00e4ilyvyysaika: helmikuu 2027<\/p>","protected":false},"excerpt":{"rendered":"<p>J\u00e4lkiruokien koristeluun tarkoitettuja str\u00f6sseleit\u00e4. Munissa (20 * 28 mm, 7 kpl) on pehme\u00e4 ja maukas suklaapohja. Paino: 45 g (+-3 g) V\u00e4ri: t\u00e4plik\u00e4s, sekoitettu Ainesosat: Sokeri, maito, muunnetut palmu- ja kasvi\u00f6ljyt, makeuttamaton suklaa, kaakaovoi, soijalesitiini, elintarvikev\u00e4rit: indigokarmiini (E132), kurkumiini (E100), tartrasiini (E102), Ponceau 4R (E124), briljanttisininen FCF (E131), pintak\u00e4sittelyaine: arabikumi. Sis\u00e4lt\u00e4\u00e4 [\u2026]<\/p>","protected":false},"featured_media":15505,"template":"","meta":{"_seopress_robots_primary_cat":"none","_seopress_titles_title":"","_seopress_titles_desc":"","_seopress_robots_index":""},"product_brand":[],"product_cat":[178,15,104,106],"product_tag":[175],"class_list":{"0":"post-15504","1":"product","2":"type-product","3":"status-publish","4":"has-post-thumbnail","6":"product_cat-easter-products","7":"product_cat-all-products","8":"product_cat-sprinkles","9":"product_cat-new","10":"product_tag-easter","12":"first","13":"instock","14":"taxable","15":"shipping-taxable","16":"purchasable","17":"product-type-simple"},"_links":{"self":[{"href":"https:\/\/candeebaar.ee\/fi\/wp-json\/wp\/v2\/product\/15504","targetHints":{"allow":["GET"]}}],"collection":[{"href":"https:\/\/candeebaar.ee\/fi\/wp-json\/wp\/v2\/product"}],"about":[{"href":"https:\/\/candeebaar.ee\/fi\/wp-json\/wp\/v2\/types\/product"}],"version-history":[{"count":4,"href":"https:\/\/candeebaar.ee\/fi\/wp-json\/wp\/v2\/product\/15504\/revisions"}],"predecessor-version":[{"id":16265,"href":"https:\/\/candeebaar.ee\/fi\/wp-json\/wp\/v2\/product\/15504\/revisions\/16265"}],"wp:featuredmedia":[{"embeddable":true,"href":"https:\/\/candeebaar.ee\/fi\/wp-json\/wp\/v2\/media\/15505"}],"wp:attachment":[{"href":"https:\/\/candeebaar.ee\/fi\/wp-json\/wp\/v2\/media?parent=15504"}],"wp:term":[{"taxonomy":"product_brand","embeddable":true,"href":"https:\/\/candeebaar.ee\/fi\/wp-json\/wp\/v2\/product_brand?post=15504"},{"taxonomy":"product_cat","embeddable":true,"href":"https:\/\/candeebaar.ee\/fi\/wp-json\/wp\/v2\/product_cat?post=15504"},{"taxonomy":"product_tag","embeddable":true,"href":"https:\/\/candeebaar.ee\/fi\/wp-json\/wp\/v2\/product_tag?post=15504"}],"curies":[{"name":"wp","href":"https:\/\/api.w.org\/{rel}","templated":true}]}}