{"id":15517,"date":"2026-02-20T15:15:19","date_gmt":"2026-02-20T13:15:19","guid":{"rendered":"https:\/\/candeebaar.ee\/?post_type=product&#038;p=15517"},"modified":"2026-04-09T20:38:27","modified_gmt":"2026-04-09T18:38:27","slug":"lasitetut-mantelit-50-g","status":"publish","type":"product","link":"https:\/\/candeebaar.ee\/fi\/kauppa\/lasitetut-mantelit-50-g\/","title":{"rendered":"Kuorrutetut mantelit 50g"},"content":{"rendered":"<p>Str\u00f6sselit j\u00e4lkiruokien koristeluun.<br \/>\nKoko: noin 25 * 20 mm (noin 14 kpl)<br \/>\nPaino: 50 g (+-3 g)<br \/>\nV\u00e4ri: matta, sekoitettu<br \/>\nAinekset:<br \/>\nSokeri,\u00a0<strong>MANTELIT<\/strong>, kaakaomassa, t\u00e4rkkelys (riisi), kaakaovoi, glukoosisiirappi, v\u00e4ri (E100, E120, E132, E141, E163, E170), luontainen vaniljan aromi, vaniljauute, sakeuttamisaine (E414), emulgointiaine (lesitiini (<strong>SOIJA<\/strong>)), gelatiini (sika), kasvi\u00f6ljyt (rypsi, kookos). Saattaa sis\u00e4lt\u00e4\u00e4 j\u00e4\u00e4mi\u00e4\u00a0<strong>GLUTEENI<\/strong>,\u00a0<strong>P\u00c4HKIN\u00c4T<\/strong>,\u00a0<strong>MAITO<\/strong>\u00a0ja\u00a0<strong>MAAP\u00c4HKIN\u00c4T<\/strong>.<br \/>\nSis\u00e4lt\u00e4\u00e4 tartrasiinia (E102) ja Ponceau 4R:\u00e4\u00e4 (E124), jotka voivat vaikuttaa lasten aktiivisuuteen ja tarkkaavaisuuteen.<br \/>\nSis\u00e4lt\u00f6 per 100g:<br \/>\nkcal: 495; kJ: 2073;<br \/>\nrasvaa: 24 g; josta tyydyttynytt\u00e4: 4,3 g;<br \/>\nhiilihydraatteja: 59,5 g; josta sokereita: 49,5 g;<br \/>\nproteiinia: 9 g;<br \/>\nsuola: 0 g<\/p>\n<p>Ei sovellu alle 3-vuotiaille lapsille. Saattaa olla hankalia hampaille.<br \/>\nValmistaja: Saksa<br \/>\nS\u00e4ilyvyys: joulukuu 2027<\/p>","protected":false},"excerpt":{"rendered":"<p>Str\u00f6sselit j\u00e4lkiruokien koristeluun. Koko: n. 25 * 20 mm (n. 14 kpl) Paino: 50 g (+-3 g) V\u00e4ri: matta, sekoitettu Ainesosat: Sokeri, MANTELIT, kaakaomassa, t\u00e4rkkelys (riisi), kaakaovoi, glukoosisiirappi, v\u00e4ri (E100, E120, E132, E141, E163, E170), luontainen vanilja-aromi, vaniljauute, sakeuttamisaine (E414), emulgointiaine (lesitiini (SOIJA)), gelatiini (sika), kasvi\u00f6ljyt (rypsi, kookos). Saattaa sis\u00e4lt\u00e4\u00e4 j\u00e4\u00e4mi\u00e4 GLUTEENISTA, P\u00c4HKIN\u00d6IST\u00c4, MAIDOSTA ja MAAP\u00c4HKIN\u00d6IST\u00c4. Sis\u00e4lt\u00e4\u00e4 tartrasiinia (E102), [\u2026]<\/p>","protected":false},"featured_media":15518,"template":"","meta":{"_seopress_robots_primary_cat":"none","_seopress_titles_title":"","_seopress_titles_desc":"","_seopress_robots_index":""},"product_brand":[],"product_cat":[178,15,104,109,106],"product_tag":[175],"class_list":{"0":"post-15517","1":"product","2":"type-product","3":"status-publish","4":"has-post-thumbnail","6":"product_cat-easter-products","7":"product_cat-all-products","8":"product_cat-sprinkles","9":"product_cat-sale","10":"product_cat-new","11":"product_tag-easter","13":"first","14":"instock","15":"sale","16":"taxable","17":"shipping-taxable","18":"purchasable","19":"product-type-simple"},"_links":{"self":[{"href":"https:\/\/candeebaar.ee\/fi\/wp-json\/wp\/v2\/product\/15517","targetHints":{"allow":["GET"]}}],"collection":[{"href":"https:\/\/candeebaar.ee\/fi\/wp-json\/wp\/v2\/product"}],"about":[{"href":"https:\/\/candeebaar.ee\/fi\/wp-json\/wp\/v2\/types\/product"}],"version-history":[{"count":1,"href":"https:\/\/candeebaar.ee\/fi\/wp-json\/wp\/v2\/product\/15517\/revisions"}],"predecessor-version":[{"id":15519,"href":"https:\/\/candeebaar.ee\/fi\/wp-json\/wp\/v2\/product\/15517\/revisions\/15519"}],"wp:featuredmedia":[{"embeddable":true,"href":"https:\/\/candeebaar.ee\/fi\/wp-json\/wp\/v2\/media\/15518"}],"wp:attachment":[{"href":"https:\/\/candeebaar.ee\/fi\/wp-json\/wp\/v2\/media?parent=15517"}],"wp:term":[{"taxonomy":"product_brand","embeddable":true,"href":"https:\/\/candeebaar.ee\/fi\/wp-json\/wp\/v2\/product_brand?post=15517"},{"taxonomy":"product_cat","embeddable":true,"href":"https:\/\/candeebaar.ee\/fi\/wp-json\/wp\/v2\/product_cat?post=15517"},{"taxonomy":"product_tag","embeddable":true,"href":"https:\/\/candeebaar.ee\/fi\/wp-json\/wp\/v2\/product_tag?post=15517"}],"curies":[{"name":"wp","href":"https:\/\/api.w.org\/{rel}","templated":true}]}}