{"id":15702,"date":"2026-03-05T15:39:04","date_gmt":"2026-03-05T13:39:04","guid":{"rendered":"https:\/\/candeebaar.ee\/?post_type=product&#038;p=15702"},"modified":"2026-04-17T11:53:29","modified_gmt":"2026-04-17T09:53:29","slug":"kakkulevy-22-cm-1-mm-valkoinen","status":"publish","type":"product","link":"https:\/\/candeebaar.ee\/fi\/kauppa\/kakkulevy-22-cm-1-mm-valkoinen\/","title":{"rendered":"Kakkulevy 22cm * 1mm valkoinen"},"content":{"rendered":"<p>Py\u00f6re\u00e4 pohja bentokakkuille ja pienille j\u00e4lkiruokille.<br \/>\nKoko: 220 * 1 mm<br \/>\nV\u00e4ri: valkoinen<br \/>\nMateriaali: laminoitu pahvi<\/p>","protected":false},"excerpt":{"rendered":"<p>Py\u00f6re\u00e4 pohja bentokakkuihin ja pieniin j\u00e4lkiruokiin. Koko: 220 * 1 mm. V\u00e4ri: valkoinen. Materiaali: laminoitu pahvi.<\/p>","protected":false},"featured_media":7823,"template":"","meta":{"_seopress_robots_primary_cat":"none","_seopress_titles_title":"","_seopress_titles_desc":"","_seopress_robots_index":""},"product_brand":[],"product_cat":[15,142,106],"product_tag":[],"class_list":{"0":"post-15702","1":"product","2":"type-product","3":"status-publish","4":"has-post-thumbnail","6":"product_cat-all-products","7":"product_cat-22cm","8":"product_cat-new","10":"first","11":"instock","12":"taxable","13":"shipping-taxable","14":"purchasable","15":"product-type-simple"},"_links":{"self":[{"href":"https:\/\/candeebaar.ee\/fi\/wp-json\/wp\/v2\/product\/15702","targetHints":{"allow":["GET"]}}],"collection":[{"href":"https:\/\/candeebaar.ee\/fi\/wp-json\/wp\/v2\/product"}],"about":[{"href":"https:\/\/candeebaar.ee\/fi\/wp-json\/wp\/v2\/types\/product"}],"version-history":[{"count":1,"href":"https:\/\/candeebaar.ee\/fi\/wp-json\/wp\/v2\/product\/15702\/revisions"}],"predecessor-version":[{"id":15706,"href":"https:\/\/candeebaar.ee\/fi\/wp-json\/wp\/v2\/product\/15702\/revisions\/15706"}],"wp:featuredmedia":[{"embeddable":true,"href":"https:\/\/candeebaar.ee\/fi\/wp-json\/wp\/v2\/media\/7823"}],"wp:attachment":[{"href":"https:\/\/candeebaar.ee\/fi\/wp-json\/wp\/v2\/media?parent=15702"}],"wp:term":[{"taxonomy":"product_brand","embeddable":true,"href":"https:\/\/candeebaar.ee\/fi\/wp-json\/wp\/v2\/product_brand?post=15702"},{"taxonomy":"product_cat","embeddable":true,"href":"https:\/\/candeebaar.ee\/fi\/wp-json\/wp\/v2\/product_cat?post=15702"},{"taxonomy":"product_tag","embeddable":true,"href":"https:\/\/candeebaar.ee\/fi\/wp-json\/wp\/v2\/product_tag?post=15702"}],"curies":[{"name":"wp","href":"https:\/\/api.w.org\/{rel}","templated":true}]}}