{"id":16728,"date":"2026-05-15T08:58:18","date_gmt":"2026-05-15T06:58:18","guid":{"rendered":"https:\/\/candeebaar.ee\/?post_type=product&#038;p=16728"},"modified":"2026-05-15T09:04:50","modified_gmt":"2026-05-15T07:04:50","slug":"cyprus-lemon-sprinkles","status":"publish","type":"product","link":"https:\/\/candeebaar.ee\/fi\/kauppa\/cyprus-lemon-sprinkles\/","title":{"rendered":"Str\u00f6sselit \u201cKyprosen sitruuna\u201d 45g"},"content":{"rendered":"<p>Str\u00f6sselit j\u00e4lkiruoan koristeluun.<\/p>\n<p><strong>Ainesosat<\/strong>:<\/p>\n<p>Sugar, starch (WHEAT, corn, potato, rice), flour (WHEAT, malted WHEAT, rice), WHEAT semolina, WHEAT gluten, vegetable oils (rapeseed, rapeseed fully hydrogenated, coconut), glucose syrup, whole MILK powder, cocoa butter, cocoa mass, coloring (E100, E101, E131, E160a, E174), flavour, natural vanilla flavour, glazing agent (E901, E903, E904), thickener (E406, E414), emulsifier (lecithine (sunflower, SOY), E473), release agent (E553b), acidifier (E330), salt. May contain traces of NUTS.<\/p>\n<p>Saattaa sis\u00e4lt\u00e4\u00e4 j\u00e4lki\u00e4 <strong>munat, maito ja p\u00e4hkin\u00e4t<\/strong>.<\/p>\n<p>Contains dyes, which can have a harmful effect on activity and attention in children.<\/p>\n<p><strong>Ravitsemustietoa:<\/strong><\/p>\n<table width=\"510\">\n<tbody>\n<tr>\n<td colspan=\"2\" width=\"510\">100g sis\u00e4lt\u00e4\u00e4 keskiarvon:<\/td>\n<\/tr>\n<tr>\n<td width=\"200\">Energia-arvo<\/td>\n<td width=\"310\">1778kJ \/ 420kcal<\/td>\n<\/tr>\n<tr>\n<td width=\"200\">Proteiinit<\/td>\n<td width=\"310\">1.3g<\/td>\n<\/tr>\n<tr>\n<td width=\"200\">Rasvat<\/p>\n<p>\u2013 Kyll\u00e4stynyt<\/td>\n<td width=\"310\">5,1 g<\/p>\n<p>\u2013 2.9g<\/td>\n<\/tr>\n<tr>\n<td width=\"200\">Kokonaishiilihydraatti - Sokeri<\/td>\n<td width=\"310\">91.7g\u2013 84.9g<\/td>\n<\/tr>\n<tr>\n<td width=\"200\">Suolaa<\/td>\n<td width=\"310\">0,1 g<\/td>\n<\/tr>\n<\/tbody>\n<\/table>\n<p style=\"font-weight: 400;\">Ei sovellu alle 3-vuotiaille lapsille. Useimmissa elementeiss\u00e4 on pehme\u00e4 riisipohja sis\u00e4ll\u00e4, kun taas jotkut voivat olla kovia.<br \/>\nS\u00e4ilyt\u00e4 suljettuna huoneenl\u00e4mm\u00f6ss\u00e4 ja normaalissa (40-75%) kosteudessa.<br \/>\nValmistaja: Saksa<br \/>\nS\u00e4ilyvyysaika: huhtikuu 2028<\/p>","protected":false},"excerpt":{"rendered":"<p>J\u00e4lkiruoan koristeluun str\u00f6sseleit\u00e4. Ainesosat: Sokeri, t\u00e4rkkelys (VEHN\u00c4, maissi, peruna, riisi), jauhot (VEHN\u00c4, mallastettu VEHN\u00c4, riisi), VEHN\u00c4jauho, VEHN\u00c4gluteeni, kasvi\u00f6ljyt (rypsi, t\u00e4ysin kovetettu rypsi, kookos), glukoosisiirappi, t\u00e4ysMAITOjauhe, kaakaovoi, kaakaomassa, v\u00e4rit (E100, E101, E131, E160a, E174), aromi, luontainen vaniljan aromi, pintak\u00e4sittelyaine (E901, E903, E904), sakeuttamisaine (E406, E414), emulgointiaine [\u2026]<\/p>","protected":false},"featured_media":16729,"template":"","meta":{"_seopress_robots_primary_cat":"none","_seopress_titles_title":"","_seopress_titles_desc":"","_seopress_robots_index":""},"product_brand":[],"product_cat":[182,181,78,15,104,106],"product_tag":[],"class_list":{"0":"post-16728","1":"product","2":"type-product","3":"status-publish","4":"has-post-thumbnail","6":"product_cat-christmas","7":"product_cat-christmas-new-year","8":"product_cat-deal-of-the-day","9":"product_cat-all-products","10":"product_cat-sprinkles","11":"product_cat-new","13":"first","14":"instock","15":"taxable","16":"shipping-taxable","17":"purchasable","18":"product-type-simple"},"_links":{"self":[{"href":"https:\/\/candeebaar.ee\/fi\/wp-json\/wp\/v2\/product\/16728","targetHints":{"allow":["GET"]}}],"collection":[{"href":"https:\/\/candeebaar.ee\/fi\/wp-json\/wp\/v2\/product"}],"about":[{"href":"https:\/\/candeebaar.ee\/fi\/wp-json\/wp\/v2\/types\/product"}],"version-history":[{"count":3,"href":"https:\/\/candeebaar.ee\/fi\/wp-json\/wp\/v2\/product\/16728\/revisions"}],"predecessor-version":[{"id":16732,"href":"https:\/\/candeebaar.ee\/fi\/wp-json\/wp\/v2\/product\/16728\/revisions\/16732"}],"wp:featuredmedia":[{"embeddable":true,"href":"https:\/\/candeebaar.ee\/fi\/wp-json\/wp\/v2\/media\/16729"}],"wp:attachment":[{"href":"https:\/\/candeebaar.ee\/fi\/wp-json\/wp\/v2\/media?parent=16728"}],"wp:term":[{"taxonomy":"product_brand","embeddable":true,"href":"https:\/\/candeebaar.ee\/fi\/wp-json\/wp\/v2\/product_brand?post=16728"},{"taxonomy":"product_cat","embeddable":true,"href":"https:\/\/candeebaar.ee\/fi\/wp-json\/wp\/v2\/product_cat?post=16728"},{"taxonomy":"product_tag","embeddable":true,"href":"https:\/\/candeebaar.ee\/fi\/wp-json\/wp\/v2\/product_tag?post=16728"}],"curies":[{"name":"wp","href":"https:\/\/api.w.org\/{rel}","templated":true}]}}