{"id":4843,"date":"2024-12-31T20:06:31","date_gmt":"2024-12-31T20:06:31","guid":{"rendered":"https:\/\/storetest.ivi.ee\/product\/box-for-12-cupcakes-double-sided-with-a-window\/"},"modified":"2026-04-08T06:57:39","modified_gmt":"2026-04-08T04:57:39","slug":"laatikko-12-cupcakelle-kaksipuolinen-ikkunallinen","status":"publish","type":"product","link":"https:\/\/candeebaar.ee\/fi\/kauppa\/laatikko-12-cupcakelle-kaksipuolinen-ikkunallinen\/","title":{"rendered":"Laatikko 12 cupcakelle Kaksipuolinen ikkunallinen"},"content":{"rendered":"<p>Cupcake laatikko.<br \/>\nSiin\u00e4 on erityinen sis\u00e4osa, joka pit\u00e4\u00e4 kuppikakut tiukasti paikoillaan. Ikkuna l\u00e4pin\u00e4kyv\u00e4st\u00e4 muovista.<br \/>\nLeveys 25cm<br \/>\nPituus 33cm<br \/>\nKorkeus 10 cm<br \/>\nV\u00e4ri: valkoinen, kraft<br \/>\nMateriaali: pahvi<br \/>\nHelppo koota.<\/p>\n<p>&nbsp;<\/p>","protected":false},"excerpt":{"rendered":"<p>Cupcake laatikko. Siin\u00e4 on erityinen sis\u00e4osa, joka pit\u00e4\u00e4 kuppikakut tiukasti paikoillaan. Ikkuna l\u00e4pin\u00e4kyv\u00e4st\u00e4 muovista. Leveys 25cm Pituus 33cm Korkeus 10cm V\u00e4ri: valkoinen, kraft Materiaali: pahvi Helppo koota. &nbsp;<\/p>","protected":false},"featured_media":9786,"template":"","meta":{"_seopress_robots_primary_cat":"none","_seopress_titles_title":"","_seopress_titles_desc":"","_seopress_robots_index":""},"product_brand":[],"product_cat":[15,152],"product_tag":[],"class_list":{"0":"post-4843","1":"product","2":"type-product","3":"status-publish","4":"has-post-thumbnail","6":"product_cat-all-products","7":"product_cat-cupcakes","9":"first","10":"instock","11":"taxable","12":"shipping-taxable","13":"purchasable","14":"product-type-simple"},"_links":{"self":[{"href":"https:\/\/candeebaar.ee\/fi\/wp-json\/wp\/v2\/product\/4843","targetHints":{"allow":["GET"]}}],"collection":[{"href":"https:\/\/candeebaar.ee\/fi\/wp-json\/wp\/v2\/product"}],"about":[{"href":"https:\/\/candeebaar.ee\/fi\/wp-json\/wp\/v2\/types\/product"}],"version-history":[{"count":2,"href":"https:\/\/candeebaar.ee\/fi\/wp-json\/wp\/v2\/product\/4843\/revisions"}],"predecessor-version":[{"id":9787,"href":"https:\/\/candeebaar.ee\/fi\/wp-json\/wp\/v2\/product\/4843\/revisions\/9787"}],"wp:featuredmedia":[{"embeddable":true,"href":"https:\/\/candeebaar.ee\/fi\/wp-json\/wp\/v2\/media\/9786"}],"wp:attachment":[{"href":"https:\/\/candeebaar.ee\/fi\/wp-json\/wp\/v2\/media?parent=4843"}],"wp:term":[{"taxonomy":"product_brand","embeddable":true,"href":"https:\/\/candeebaar.ee\/fi\/wp-json\/wp\/v2\/product_brand?post=4843"},{"taxonomy":"product_cat","embeddable":true,"href":"https:\/\/candeebaar.ee\/fi\/wp-json\/wp\/v2\/product_cat?post=4843"},{"taxonomy":"product_tag","embeddable":true,"href":"https:\/\/candeebaar.ee\/fi\/wp-json\/wp\/v2\/product_tag?post=4843"}],"curies":[{"name":"wp","href":"https:\/\/api.w.org\/{rel}","templated":true}]}}