{"id":4848,"date":"2024-12-31T20:06:31","date_gmt":"2024-12-31T20:06:31","guid":{"rendered":"https:\/\/storetest.ivi.ee\/product\/almond-flour-lubeca-200g\/"},"modified":"2026-03-11T12:10:54","modified_gmt":"2026-03-11T10:10:54","slug":"mantelijauho-lubeca-200g","status":"publish","type":"product","link":"https:\/\/candeebaar.ee\/fi\/kauppa\/mantelijauho-lubeca-200g\/","title":{"rendered":"Mantelijauho Lubeca 200g"},"content":{"rendered":"<p>Laadukas mantelijauho.<br \/>\nT\u00e4ydellinen macaronien leivontaan ja muihin tarkoituksiin.<br \/>\nPakkaus: 200g<br \/>\nAinesosat: makea <strong>manteli<br \/>\n<\/strong>Rasvapitoisuus: 55%<br \/>\nKosteuspitoisuus jopa 5%<br \/>\nS\u00e4ilyt\u00e4 ilmatiiviiss\u00e4 astiassa kuivassa, pime\u00e4ss\u00e4 paikassa.<br \/>\nValmistaja: LUBECA Saksa<\/p>","protected":false},"excerpt":{"rendered":"<p>Laadukas mantelijauho. T\u00e4ydellinen macaronien leivontaan ja muihin tarkoituksiin. Pakkaus: 200g Ainesosat: makea manteli Rasvapitoisuus: 55% Kosteuspitoisuus enint\u00e4\u00e4n 5% S\u00e4ilyt\u00e4 ilmatiiviiss\u00e4 astiassa kuivassa, pime\u00e4ss\u00e4 paikassa. Valmistaja: LUBECA Saksa<\/p>","protected":false},"featured_media":4850,"template":"","meta":{"_seopress_robots_primary_cat":"none","_seopress_titles_title":"","_seopress_titles_desc":"","_seopress_robots_index":""},"product_brand":[],"product_cat":[15,101],"product_tag":[],"class_list":{"0":"post-4848","1":"product","2":"type-product","3":"status-publish","4":"has-post-thumbnail","6":"product_cat-all-products","7":"product_cat-nut-products","9":"first","10":"instock","11":"taxable","12":"shipping-taxable","13":"purchasable","14":"product-type-simple"},"_links":{"self":[{"href":"https:\/\/candeebaar.ee\/fi\/wp-json\/wp\/v2\/product\/4848","targetHints":{"allow":["GET"]}}],"collection":[{"href":"https:\/\/candeebaar.ee\/fi\/wp-json\/wp\/v2\/product"}],"about":[{"href":"https:\/\/candeebaar.ee\/fi\/wp-json\/wp\/v2\/types\/product"}],"version-history":[{"count":1,"href":"https:\/\/candeebaar.ee\/fi\/wp-json\/wp\/v2\/product\/4848\/revisions"}],"predecessor-version":[{"id":4849,"href":"https:\/\/candeebaar.ee\/fi\/wp-json\/wp\/v2\/product\/4848\/revisions\/4849"}],"wp:featuredmedia":[{"embeddable":true,"href":"https:\/\/candeebaar.ee\/fi\/wp-json\/wp\/v2\/media\/4850"}],"wp:attachment":[{"href":"https:\/\/candeebaar.ee\/fi\/wp-json\/wp\/v2\/media?parent=4848"}],"wp:term":[{"taxonomy":"product_brand","embeddable":true,"href":"https:\/\/candeebaar.ee\/fi\/wp-json\/wp\/v2\/product_brand?post=4848"},{"taxonomy":"product_cat","embeddable":true,"href":"https:\/\/candeebaar.ee\/fi\/wp-json\/wp\/v2\/product_cat?post=4848"},{"taxonomy":"product_tag","embeddable":true,"href":"https:\/\/candeebaar.ee\/fi\/wp-json\/wp\/v2\/product_tag?post=4848"}],"curies":[{"name":"wp","href":"https:\/\/api.w.org\/{rel}","templated":true}]}}