{"id":4856,"date":"2024-12-31T20:06:31","date_gmt":"2024-12-31T20:06:31","guid":{"rendered":"https:\/\/storetest.ivi.ee\/product\/callebaut-w2-white-chocolate-28-400g\/"},"modified":"2026-02-11T17:48:23","modified_gmt":"2026-02-11T15:48:23","slug":"callebaut-w2-valkosuklaa-28-400g","status":"publish","type":"product","link":"https:\/\/candeebaar.ee\/fi\/kauppa\/callebaut-w2-valkosuklaa-28-400g\/","title":{"rendered":"Callebaut W2 White Chocolate (28%) 400g"},"content":{"rendered":"<p>Tunnettua suklaata. On korkein laatu.<br \/>\nPaino: 400g<br \/>\nAinesosat: sokeri, kaakaovoi, kokonaisena <strong>maitoa<\/strong> jauhe, <strong>soija<\/strong> lesitiini (emulgointiaine), luonnollinen vanilja-aromi.<br \/>\nUudelleenpakatut tuotteet voivat sis\u00e4lt\u00e4\u00e4 tai olla k\u00e4sitelty laitteilla, jotka joutuvat kosketuksiin VEHN\u00c4N, MUNIEN, <strong>MAAP\u00c4HKIN\u00c4T<\/strong>, <strong>SOIJA<\/strong>, <strong>P\u00c4HKIN\u00c4T<\/strong>ja\/tai <strong>MAITO<\/strong>.<\/p>\n<table style=\"height: 160px; width: 409px;\" width=\"409\">\n<tbody>\n<tr>\n<td style=\"width: 244px;\">Sis\u00e4lt\u00f6 per<\/td>\n<td style=\"width: 150.4px;\">100g<\/td>\n<\/tr>\n<tr>\n<td style=\"width: 244px;\">Ravintoarvo<\/td>\n<td style=\"width: 150.4px;\">569 kcal 2379 kJ<\/td>\n<\/tr>\n<tr>\n<td style=\"width: 244px;\">Rasvat (mukaan lukien tyydyttyneet)<\/td>\n<td style=\"width: 150.4px;\">36 g (22 g)<\/td>\n<\/tr>\n<tr>\n<td style=\"width: 244px;\">Hiilihydraatit (sokeri)<\/td>\n<td style=\"width: 150.4px;\">55 g (55 g)<\/td>\n<\/tr>\n<tr>\n<td style=\"width: 244px;\">Proteiinit<\/td>\n<td style=\"width: 150.4px;\">6,0 g<\/td>\n<\/tr>\n<tr>\n<td style=\"width: 244px;\">Suolaa<\/td>\n<td style=\"width: 150.4px;\">0,21 g<\/td>\n<\/tr>\n<\/tbody>\n<\/table>\n<p>Varastointil\u00e4mp\u00f6tila: <strong>12-20 \u00b0C<br \/>\n<\/strong>Saattaa sis\u00e4lt\u00e4\u00e4 <strong>maitoa<\/strong><br \/>\nValmistaja: CALLEBAUT Belgia.<br \/>\nLis\u00e4ksi l\u00f6yd\u00e4t nettisivuilta monia uusia reseptej\u00e4 ja tutustut niihin <a href=\"https:\/\/www.callebaut.com\/\">callebaut.com<\/a>tuotteidensa kanssa.<\/p>\n<p>&nbsp;<\/p>","protected":false},"excerpt":{"rendered":"<p>Tunnettua suklaata. On korkein laatu. Massa: 400g Ainesosat: sokeri, kaakaovoi, t\u00e4ysmaitojauhe, soijalesitiini (emulgointiaine), luonnollinen vanilja-aromi. Uudelleenpakatut tuotteet voivat sis\u00e4lt\u00e4\u00e4 tai niit\u00e4 voidaan k\u00e4sitell\u00e4 laitteilla, jotka joutuvat kosketuksiin VEHN\u00c4N, MUNIEN, MAAP\u00c4HKIN\u00d6IDEN, SOIJAN, P\u00c4HKIN\u00d6IDEN ja\/tai MAIDEN kanssa. Sis\u00e4lt\u00f6 per 100 g Ravintoarvo 569 kcal 2379 kJ Rasvat (mukaan lukien tyydyttyneet) 36 g [\u2026]<\/p>","protected":false},"featured_media":4858,"template":"","meta":{"_seopress_robots_primary_cat":"none","_seopress_titles_title":"","_seopress_titles_desc":"","_seopress_robots_index":""},"product_brand":[],"product_cat":[183,180,15,110],"product_tag":[],"class_list":{"0":"post-4856","1":"product","2":"type-product","3":"status-publish","4":"has-post-thumbnail","6":"product_cat-valentines-day","7":"product_cat-wedding-products","8":"product_cat-all-products","9":"product_cat-callebaut","10":"brand-callebaut","12":"first","13":"outofstock","14":"taxable","15":"shipping-taxable","16":"purchasable","17":"product-type-simple"},"_links":{"self":[{"href":"https:\/\/candeebaar.ee\/fi\/wp-json\/wp\/v2\/product\/4856","targetHints":{"allow":["GET"]}}],"collection":[{"href":"https:\/\/candeebaar.ee\/fi\/wp-json\/wp\/v2\/product"}],"about":[{"href":"https:\/\/candeebaar.ee\/fi\/wp-json\/wp\/v2\/types\/product"}],"version-history":[{"count":2,"href":"https:\/\/candeebaar.ee\/fi\/wp-json\/wp\/v2\/product\/4856\/revisions"}],"predecessor-version":[{"id":11893,"href":"https:\/\/candeebaar.ee\/fi\/wp-json\/wp\/v2\/product\/4856\/revisions\/11893"}],"wp:featuredmedia":[{"embeddable":true,"href":"https:\/\/candeebaar.ee\/fi\/wp-json\/wp\/v2\/media\/4858"}],"wp:attachment":[{"href":"https:\/\/candeebaar.ee\/fi\/wp-json\/wp\/v2\/media?parent=4856"}],"wp:term":[{"taxonomy":"product_brand","embeddable":true,"href":"https:\/\/candeebaar.ee\/fi\/wp-json\/wp\/v2\/product_brand?post=4856"},{"taxonomy":"product_cat","embeddable":true,"href":"https:\/\/candeebaar.ee\/fi\/wp-json\/wp\/v2\/product_cat?post=4856"},{"taxonomy":"product_tag","embeddable":true,"href":"https:\/\/candeebaar.ee\/fi\/wp-json\/wp\/v2\/product_tag?post=4856"}],"curies":[{"name":"wp","href":"https:\/\/api.w.org\/{rel}","templated":true}]}}