{"id":4863,"date":"2024-12-31T20:06:31","date_gmt":"2024-12-31T20:06:31","guid":{"rendered":"https:\/\/storetest.ivi.ee\/product\/callebaut-823-milk-chocolate-33-6-400g\/"},"modified":"2025-05-06T09:12:04","modified_gmt":"2025-05-06T07:12:04","slug":"callebaut-823-maitosuklaa-33-6-400g","status":"publish","type":"product","link":"https:\/\/candeebaar.ee\/fi\/kauppa\/callebaut-823-maitosuklaa-33-6-400g\/","title":{"rendered":"Callebaut 823 Maitosuklaa (33.6%) 400g"},"content":{"rendered":"<p>Tunnettua suklaata. On korkein laatu.<br \/>\nPaino: 400g<br \/>\nAinesosat: sokeri, kaakaovoi, kokonaisena <strong>MAITO<\/strong> jauhe, kaakaomassa, emulgointiaine: lesitiinit (<strong>SOIJA<\/strong>), luonnollinen vanilja-aromi.<\/p>\n<table style=\"height: 160px; width: 409px;\" width=\"409\">\n<tbody>\n<tr>\n<td style=\"width: 244px;\">Sis\u00e4lt\u00f6 per<\/td>\n<td style=\"width: 150.4px;\">100g<\/td>\n<\/tr>\n<tr>\n<td style=\"width: 244px;\">Ravintoarvo<\/td>\n<td style=\"width: 150.4px;\">563 kcal 2338 kJ<\/td>\n<\/tr>\n<tr>\n<td style=\"width: 244px;\">Rasvat (joista tyydyttyneit\u00e4)<\/td>\n<td style=\"width: 150.4px;\">36 g (22 g)<\/td>\n<\/tr>\n<tr>\n<td style=\"width: 244px;\">Hiilihydraatit (sokeri)<\/td>\n<td style=\"width: 150.4px;\">51 g (50 g)<\/td>\n<\/tr>\n<tr>\n<td style=\"width: 244px;\">Proteiinit<\/td>\n<td style=\"width: 150.4px;\">7 g<\/td>\n<\/tr>\n<tr>\n<td style=\"width: 244px;\">Suolaa<\/td>\n<td style=\"width: 150.4px;\">0,21 g<\/td>\n<\/tr>\n<\/tbody>\n<\/table>\n<p>Valmistaja: CALLEBAUT Belgia<br \/>\nVarastointil\u00e4mp\u00f6tila: <strong>12-20 \u00b0C<br \/>\n<\/strong>Saattaa sis\u00e4lt\u00e4\u00e4 <strong>maitoa.<br \/>\n<\/strong>Lis\u00e4ksi sivustolta l\u00f6ytyy paljon uusia reseptej\u00e4 ja vinkkej\u00e4 <a href=\"https:\/\/www.callebaut.com\/\">callebaut.com<\/a>Tutustu heid\u00e4n tuotteisiinsa.<\/p>\n<p>&nbsp;<\/p>","protected":false},"excerpt":{"rendered":"<p>Tunnettua suklaata. On korkein laatu. Massa: 400g Ainesosat: sokeri, kaakaovoi, t\u00e4ysMAITOjauhe, kaakaomassa, emulgointiaine: lesitiinit (SOIJA), luonnollinen vanilja-aromi. Sis\u00e4lt\u00f6 per 100 g Ravintoarvo 563 kcal 2338 kJ Rasvat (joista tyydyttyneit\u00e4) 36 g (22 g) Hiilihydraatit (sokeri) 51 g (50 g) Proteiinit 7 g Suola 0,21 g Valmistaja: CALLEBAUT Belgia S\u00e4ilytysl\u00e4mp\u00f6tila: 20 \u00b0C [\u2026] 12 \u2013<\/p>","protected":false},"featured_media":4865,"template":"","meta":{"_seopress_robots_primary_cat":"none","_seopress_titles_title":"","_seopress_titles_desc":"","_seopress_robots_index":""},"product_brand":[],"product_cat":[15,110],"product_tag":[],"class_list":{"0":"post-4863","1":"product","2":"type-product","3":"status-publish","4":"has-post-thumbnail","6":"product_cat-all-products","7":"product_cat-callebaut","8":"brand-callebaut","10":"first","11":"instock","12":"taxable","13":"shipping-taxable","14":"purchasable","15":"product-type-simple"},"_links":{"self":[{"href":"https:\/\/candeebaar.ee\/fi\/wp-json\/wp\/v2\/product\/4863","targetHints":{"allow":["GET"]}}],"collection":[{"href":"https:\/\/candeebaar.ee\/fi\/wp-json\/wp\/v2\/product"}],"about":[{"href":"https:\/\/candeebaar.ee\/fi\/wp-json\/wp\/v2\/types\/product"}],"version-history":[{"count":3,"href":"https:\/\/candeebaar.ee\/fi\/wp-json\/wp\/v2\/product\/4863\/revisions"}],"predecessor-version":[{"id":11901,"href":"https:\/\/candeebaar.ee\/fi\/wp-json\/wp\/v2\/product\/4863\/revisions\/11901"}],"wp:featuredmedia":[{"embeddable":true,"href":"https:\/\/candeebaar.ee\/fi\/wp-json\/wp\/v2\/media\/4865"}],"wp:attachment":[{"href":"https:\/\/candeebaar.ee\/fi\/wp-json\/wp\/v2\/media?parent=4863"}],"wp:term":[{"taxonomy":"product_brand","embeddable":true,"href":"https:\/\/candeebaar.ee\/fi\/wp-json\/wp\/v2\/product_brand?post=4863"},{"taxonomy":"product_cat","embeddable":true,"href":"https:\/\/candeebaar.ee\/fi\/wp-json\/wp\/v2\/product_cat?post=4863"},{"taxonomy":"product_tag","embeddable":true,"href":"https:\/\/candeebaar.ee\/fi\/wp-json\/wp\/v2\/product_tag?post=4863"}],"curies":[{"name":"wp","href":"https:\/\/api.w.org\/{rel}","templated":true}]}}