{"id":4867,"date":"2024-12-31T20:06:31","date_gmt":"2024-12-31T20:06:31","guid":{"rendered":"https:\/\/storetest.ivi.ee\/product\/pastry-bags-23x35cm-100pcs\/"},"modified":"2026-04-15T11:47:25","modified_gmt":"2026-04-15T09:47:25","slug":"leivonnaiset-pussit-23x35cm-100kpl","status":"publish","type":"product","link":"https:\/\/candeebaar.ee\/fi\/kauppa\/leivonnaiset-pussit-23x35cm-100kpl\/","title":{"rendered":"Leivonnaiset pussit 23x35cm 100kpl"},"content":{"rendered":"<p>Kertak\u00e4ytt\u00f6iset pussit kerman, taikinan, kuorrutuksen jne.<br \/>\nVoidaan k\u00e4ytt\u00e4\u00e4 useita kertoja normaalik\u00e4yt\u00f6ss\u00e4.<br \/>\nLeveys: 23 cm<br \/>\nPituus: 35 cm<br \/>\n100 kpl per pakkaus<br \/>\nMateriaali: polyeteeni<br \/>\nValmistettu: Kiinassa<\/p>","protected":false},"excerpt":{"rendered":"<p>Kertak\u00e4ytt\u00f6iset pussit kerman, taikinan, kuorrutuksen jne. leikkaamiseen. Voidaan k\u00e4ytt\u00e4\u00e4 useita kertoja normaalik\u00e4yt\u00f6ss\u00e4. Leveys: 23cm Pituus: 35cm 100kpl per pakkaus Materiaali: polyeteeni Valmistettu: Kiina<\/p>","protected":false},"featured_media":4869,"template":"","meta":{"_seopress_robots_primary_cat":"none","_seopress_titles_title":"","_seopress_titles_desc":"","_seopress_robots_index":""},"product_brand":[],"product_cat":[15,85],"product_tag":[],"class_list":{"0":"post-4867","1":"product","2":"type-product","3":"status-publish","4":"has-post-thumbnail","6":"product_cat-all-products","7":"product_cat-piping-bags","9":"first","10":"instock","11":"taxable","12":"shipping-taxable","13":"purchasable","14":"product-type-simple"},"_links":{"self":[{"href":"https:\/\/candeebaar.ee\/fi\/wp-json\/wp\/v2\/product\/4867","targetHints":{"allow":["GET"]}}],"collection":[{"href":"https:\/\/candeebaar.ee\/fi\/wp-json\/wp\/v2\/product"}],"about":[{"href":"https:\/\/candeebaar.ee\/fi\/wp-json\/wp\/v2\/types\/product"}],"version-history":[{"count":1,"href":"https:\/\/candeebaar.ee\/fi\/wp-json\/wp\/v2\/product\/4867\/revisions"}],"predecessor-version":[{"id":4868,"href":"https:\/\/candeebaar.ee\/fi\/wp-json\/wp\/v2\/product\/4867\/revisions\/4868"}],"wp:featuredmedia":[{"embeddable":true,"href":"https:\/\/candeebaar.ee\/fi\/wp-json\/wp\/v2\/media\/4869"}],"wp:attachment":[{"href":"https:\/\/candeebaar.ee\/fi\/wp-json\/wp\/v2\/media?parent=4867"}],"wp:term":[{"taxonomy":"product_brand","embeddable":true,"href":"https:\/\/candeebaar.ee\/fi\/wp-json\/wp\/v2\/product_brand?post=4867"},{"taxonomy":"product_cat","embeddable":true,"href":"https:\/\/candeebaar.ee\/fi\/wp-json\/wp\/v2\/product_cat?post=4867"},{"taxonomy":"product_tag","embeddable":true,"href":"https:\/\/candeebaar.ee\/fi\/wp-json\/wp\/v2\/product_tag?post=4867"}],"curies":[{"name":"wp","href":"https:\/\/api.w.org\/{rel}","templated":true}]}}