{"id":4875,"date":"2024-12-31T20:06:31","date_gmt":"2024-12-31T20:06:31","guid":{"rendered":"https:\/\/storetest.ivi.ee\/product\/ewald-gelatin-50g\/"},"modified":"2026-04-13T18:24:44","modified_gmt":"2026-04-13T16:24:44","slug":"ewald-gelatiini-50g","status":"publish","type":"product","link":"https:\/\/candeebaar.ee\/fi\/kauppa\/ewald-gelatiini-50g\/","title":{"rendered":"Ewald gelatiini 50g"},"content":{"rendered":"<p>Vahvuus: 240 bloom (platina)<br \/>\nEritt\u00e4in vahvat gelatiinilevyt.<br \/>\nAmmattik\u00e4ytt\u00f6\u00f6n.<br \/>\nPaino: 50g<br \/>\nKoostumus: gelatiini<br \/>\nS\u00e4ilyvyys: katso pakkaus<br \/>\nValmistaja: Saksa<\/p>\n<p>&nbsp;<\/p>\n<p>&nbsp;<\/p>","protected":false},"excerpt":{"rendered":"<p>Vahvuus: 240 bloom (platina) Eritt\u00e4in vahvat gelatiinilevyt. Ammattik\u00e4ytt\u00f6\u00f6n. Paino: 50g Koostumus: gelatiini S\u00e4ilyvyys: katso pakkaus Valmistaja: Saksa &nbsp; &nbsp;<\/p>","protected":false},"featured_media":4877,"template":"","meta":{"_seopress_robots_primary_cat":"none","_seopress_titles_title":"","_seopress_titles_desc":"","_seopress_robots_index":""},"product_brand":[],"product_cat":[15,100],"product_tag":[],"class_list":{"0":"post-4875","1":"product","2":"type-product","3":"status-publish","4":"has-post-thumbnail","6":"product_cat-all-products","7":"product_cat-thickeners","9":"first","10":"instock","11":"taxable","12":"shipping-taxable","13":"purchasable","14":"product-type-simple"},"_links":{"self":[{"href":"https:\/\/candeebaar.ee\/fi\/wp-json\/wp\/v2\/product\/4875","targetHints":{"allow":["GET"]}}],"collection":[{"href":"https:\/\/candeebaar.ee\/fi\/wp-json\/wp\/v2\/product"}],"about":[{"href":"https:\/\/candeebaar.ee\/fi\/wp-json\/wp\/v2\/types\/product"}],"version-history":[{"count":2,"href":"https:\/\/candeebaar.ee\/fi\/wp-json\/wp\/v2\/product\/4875\/revisions"}],"predecessor-version":[{"id":10480,"href":"https:\/\/candeebaar.ee\/fi\/wp-json\/wp\/v2\/product\/4875\/revisions\/10480"}],"wp:featuredmedia":[{"embeddable":true,"href":"https:\/\/candeebaar.ee\/fi\/wp-json\/wp\/v2\/media\/4877"}],"wp:attachment":[{"href":"https:\/\/candeebaar.ee\/fi\/wp-json\/wp\/v2\/media?parent=4875"}],"wp:term":[{"taxonomy":"product_brand","embeddable":true,"href":"https:\/\/candeebaar.ee\/fi\/wp-json\/wp\/v2\/product_brand?post=4875"},{"taxonomy":"product_cat","embeddable":true,"href":"https:\/\/candeebaar.ee\/fi\/wp-json\/wp\/v2\/product_cat?post=4875"},{"taxonomy":"product_tag","embeddable":true,"href":"https:\/\/candeebaar.ee\/fi\/wp-json\/wp\/v2\/product_tag?post=4875"}],"curies":[{"name":"wp","href":"https:\/\/api.w.org\/{rel}","templated":true}]}}