{"id":4880,"date":"2024-12-31T20:06:31","date_gmt":"2024-12-31T20:06:31","guid":{"rendered":"https:\/\/storetest.ivi.ee\/product\/heat-resistant-silicone-mat-3040cm\/"},"modified":"2026-04-07T20:31:52","modified_gmt":"2026-04-07T18:31:52","slug":"lammonkestava-silikonimatto-3040cm","status":"publish","type":"product","link":"https:\/\/candeebaar.ee\/fi\/kauppa\/lammonkestava-silikonimatto-3040cm\/","title":{"rendered":"L\u00e4mm\u00f6nkest\u00e4v\u00e4 silikonimatto 30*40cm"},"content":{"rendered":"<p>Vahvistettu silikonimatto, joka soveltuu leivonnaisten leivontaan, marenkien ja vaahtokarkkien leivontaan sek\u00e4 tikkarien valmistukseen.<br \/>\nKorvaa pergamenttipaperin.<br \/>\nKoko 40x30cm<br \/>\nK\u00e4ytt\u00f6l\u00e4mp\u00f6tila: -40\u00b0 - 240\u00b0C<br \/>\nMateriaali: elintarvikesilikoni, lasikuitu<\/p>","protected":false},"excerpt":{"rendered":"<p>Vahvistettu silikonimatto, joka soveltuu leivonnaisten leivontaan, marenkien ja vaahtokarkkien leivontaan sek\u00e4 tikkarien valmistukseen. Korvaa pergamenttipaperin. Koko 40x30cm K\u00e4ytt\u00f6l\u00e4mp\u00f6tila: -40\u00b0 - 240\u00b0C Materiaali: elintarvikesilikoni, lasikuitu<\/p>","protected":false},"featured_media":10491,"template":"","meta":{"_seopress_robots_primary_cat":"none","_seopress_titles_title":"","_seopress_titles_desc":"","_seopress_robots_index":""},"product_brand":[],"product_cat":[15,84],"product_tag":[],"class_list":{"0":"post-4880","1":"product","2":"type-product","3":"status-publish","4":"has-post-thumbnail","6":"product_cat-all-products","7":"product_cat-tools","9":"first","10":"instock","11":"taxable","12":"shipping-taxable","13":"purchasable","14":"product-type-simple"},"_links":{"self":[{"href":"https:\/\/candeebaar.ee\/fi\/wp-json\/wp\/v2\/product\/4880","targetHints":{"allow":["GET"]}}],"collection":[{"href":"https:\/\/candeebaar.ee\/fi\/wp-json\/wp\/v2\/product"}],"about":[{"href":"https:\/\/candeebaar.ee\/fi\/wp-json\/wp\/v2\/types\/product"}],"version-history":[{"count":1,"href":"https:\/\/candeebaar.ee\/fi\/wp-json\/wp\/v2\/product\/4880\/revisions"}],"predecessor-version":[{"id":4881,"href":"https:\/\/candeebaar.ee\/fi\/wp-json\/wp\/v2\/product\/4880\/revisions\/4881"}],"wp:featuredmedia":[{"embeddable":true,"href":"https:\/\/candeebaar.ee\/fi\/wp-json\/wp\/v2\/media\/10491"}],"wp:attachment":[{"href":"https:\/\/candeebaar.ee\/fi\/wp-json\/wp\/v2\/media?parent=4880"}],"wp:term":[{"taxonomy":"product_brand","embeddable":true,"href":"https:\/\/candeebaar.ee\/fi\/wp-json\/wp\/v2\/product_brand?post=4880"},{"taxonomy":"product_cat","embeddable":true,"href":"https:\/\/candeebaar.ee\/fi\/wp-json\/wp\/v2\/product_cat?post=4880"},{"taxonomy":"product_tag","embeddable":true,"href":"https:\/\/candeebaar.ee\/fi\/wp-json\/wp\/v2\/product_tag?post=4880"}],"curies":[{"name":"wp","href":"https:\/\/api.w.org\/{rel}","templated":true}]}}