{"id":4892,"date":"2024-12-31T20:06:31","date_gmt":"2024-12-31T20:06:31","guid":{"rendered":"https:\/\/storetest.ivi.ee\/product\/callebaut-dark-chocolate-70-30-38-70-5-400g\/"},"modified":"2025-04-22T09:07:23","modified_gmt":"2025-04-22T07:07:23","slug":"callebaut-tummaa-suklaata-70-30-38-70-5-400g","status":"publish","type":"product","link":"https:\/\/candeebaar.ee\/fi\/kauppa\/callebaut-tummaa-suklaata-70-30-38-70-5-400g\/","title":{"rendered":"Callebaut tumma suklaa 70 30 38 (70.5%) 400g"},"content":{"rendered":"<pre id=\"tw-target-text\" class=\"tw-data-text tw-ta tw-text-small\" dir=\"ltr\" data-placeholder=\"Translation\"><\/pre>\n<p>Callebaut Dark Chocolate 70 30 38 (70.5%)<\/p>\n<p>Ainesosat: kaakaomassa, sokeri, v\u00e4h\u00e4rasvainen kaakaojauhe, emulgointiaine: <strong>soija<\/strong> lesitiini, luonnollinen vanilja-aromi.<iframe src=\"\/\/www.youtube.com\/embed\/aoRkCCt3Hbc\" width=\"560\" height=\"314\" allowfullscreen=\"allowfullscreen\"><\/iframe><br \/>\nPaino: 400g<br \/>\nSis\u00e4lt\u00f6 per 100g:<br \/>\nEnergiaa: 539kcal\/2255kJ<br \/>\nRasvat: 39 g (josta tyydyttyneit\u00e4 23 g)<br \/>\nHiilihydraatit: 31g (sokeri 26g)<br \/>\nProteiinit: 8,8 g<br \/>\nSuola: 0,02 g<br \/>\nKaakaopitoisuus: 70.5%<\/p>\n<p>Valmistaja: CALLEBAUT<br \/>\nVarastointil\u00e4mp\u00f6tila: <strong>12-20 \u00b0C<br \/>\n<\/strong>Saattaa sis\u00e4lt\u00e4\u00e4 <strong>maitoa.<br \/>\n<\/strong>Lis\u00e4ksi nettisivuilla <a href=\"https:\/\/www.callebaut.com\/\">callebaut.com<\/a>, voit l\u00f6yt\u00e4\u00e4 monia uusia reseptej\u00e4 ja oppia muista yrityksen tuotteista.<\/p>","protected":false},"excerpt":{"rendered":"<p>Callebaut Dark Chocolate 70 30 38 (70.5%) Ainesosat: kaakaomassa, sokeri, v\u00e4h\u00e4rasvainen kaakaojauhe, emulgointiaine: soijalesitiini, luonnollinen vanilja-aromi. Paino: 400g Sis\u00e4lt\u00f6 per 100g: Energia: 539kcal\/2255kJ Rasvat: 39g (joista tyydyttynytt\u00e4 23g) Hiilihydraatit: 31g (sokeri 26g) Proteiinit: 8.8g Suola: 0.02g Kaakaopitoisuus: S\u00e4ilytysl\u00e4mp\u00f6tila: 70.51:faALLUTTP3T 12 \u2013 20 \u00b0C Saattaa sis\u00e4lt\u00e4\u00e4 maitoa. [\u2026]<\/p>","protected":false},"featured_media":4894,"template":"","meta":{"_seopress_robots_primary_cat":"none","_seopress_titles_title":"","_seopress_titles_desc":"","_seopress_robots_index":""},"product_brand":[],"product_cat":[15,110],"product_tag":[],"class_list":{"0":"post-4892","1":"product","2":"type-product","3":"status-publish","4":"has-post-thumbnail","6":"product_cat-all-products","7":"product_cat-callebaut","8":"brand-callebaut","10":"first","11":"instock","12":"taxable","13":"shipping-taxable","14":"purchasable","15":"product-type-simple"},"_links":{"self":[{"href":"https:\/\/candeebaar.ee\/fi\/wp-json\/wp\/v2\/product\/4892","targetHints":{"allow":["GET"]}}],"collection":[{"href":"https:\/\/candeebaar.ee\/fi\/wp-json\/wp\/v2\/product"}],"about":[{"href":"https:\/\/candeebaar.ee\/fi\/wp-json\/wp\/v2\/types\/product"}],"version-history":[{"count":3,"href":"https:\/\/candeebaar.ee\/fi\/wp-json\/wp\/v2\/product\/4892\/revisions"}],"predecessor-version":[{"id":11911,"href":"https:\/\/candeebaar.ee\/fi\/wp-json\/wp\/v2\/product\/4892\/revisions\/11911"}],"wp:featuredmedia":[{"embeddable":true,"href":"https:\/\/candeebaar.ee\/fi\/wp-json\/wp\/v2\/media\/4894"}],"wp:attachment":[{"href":"https:\/\/candeebaar.ee\/fi\/wp-json\/wp\/v2\/media?parent=4892"}],"wp:term":[{"taxonomy":"product_brand","embeddable":true,"href":"https:\/\/candeebaar.ee\/fi\/wp-json\/wp\/v2\/product_brand?post=4892"},{"taxonomy":"product_cat","embeddable":true,"href":"https:\/\/candeebaar.ee\/fi\/wp-json\/wp\/v2\/product_cat?post=4892"},{"taxonomy":"product_tag","embeddable":true,"href":"https:\/\/candeebaar.ee\/fi\/wp-json\/wp\/v2\/product_tag?post=4892"}],"curies":[{"name":"wp","href":"https:\/\/api.w.org\/{rel}","templated":true}]}}