{"id":4901,"date":"2024-12-31T20:06:31","date_gmt":"2024-12-31T20:06:31","guid":{"rendered":"https:\/\/storetest.ivi.ee\/product\/glucose-syrup-dan-sukker-400g\/"},"modified":"2026-04-13T12:03:17","modified_gmt":"2026-04-13T10:03:17","slug":"glukoosisiirappia-ja-sukkeria-400g","status":"publish","type":"product","link":"https:\/\/candeebaar.ee\/fi\/kauppa\/glukoosisiirappia-ja-sukkeria-400g\/","title":{"rendered":"Glukoosisiirappi Dan Sukker 400g"},"content":{"rendered":"<div class=\"product-content\">\n<div class=\"row-fluid\">\n<div class=\"span8\"><\/div>\n<\/div>\n<\/div>\n<div class=\"tab-content\">\n<div id=\"desc\" class=\"tab-pane active\" role=\"tabpanel\">\n<div id=\"product-full-desc\" class=\"user-inner\" data-ng-non-bindable=\"\">\n<p style=\"padding-left: 30px;\">K\u00e4ytet\u00e4\u00e4n karamellien, lasitteen, moussien jne. valmistukseen.<br \/>\nKoostumus: glukoosisiirappi.<br \/>\n100g tuotetta sis\u00e4lt\u00e4\u00e4:<br \/>\nProteiinia 0 g<br \/>\nRasvat 0 g<br \/>\nHiilihydraatteja 77g (josta sokereita 23g)<br \/>\nkcal 310<br \/>\n1300 kJ<br \/>\nS\u00e4ilyvyys: katso pakkaus<br \/>\nS\u00e4ilyt\u00e4 huoneenl\u00e4mm\u00f6ss\u00e4.<br \/>\nNettopaino: 400g.<br \/>\nValmistaja: Dan Sukker Sweden<\/p>\n<\/div>\n<\/div>\n<\/div>","protected":false},"excerpt":{"rendered":"<p>K\u00e4ytet\u00e4\u00e4n karamellien, lasitteen, vaahdon jne. valmistukseen. Koostumus: glukoosisiirappi. 100g tuotetta sis\u00e4lt\u00e4\u00e4: Proteiinit 0g Rasvat 0g Hiilihydraatit 77g (josta sokereita 23g) kCal 310 kJ 1300 S\u00e4ilyvyys: katso pakkaus S\u00e4ilytett\u00e4v\u00e4 huoneenl\u00e4mm\u00f6ss\u00e4. Nettopaino: 400g. Valmistaja: Dan Sukker Sweden<\/p>","protected":false},"featured_media":4903,"template":"","meta":{"_seopress_robots_primary_cat":"none","_seopress_titles_title":"","_seopress_titles_desc":"","_seopress_robots_index":""},"product_brand":[],"product_cat":[15,102],"product_tag":[],"class_list":{"0":"post-4901","1":"product","2":"type-product","3":"status-publish","4":"has-post-thumbnail","6":"product_cat-all-products","7":"product_cat-sugars","9":"first","10":"instock","11":"taxable","12":"shipping-taxable","13":"purchasable","14":"product-type-simple"},"_links":{"self":[{"href":"https:\/\/candeebaar.ee\/fi\/wp-json\/wp\/v2\/product\/4901","targetHints":{"allow":["GET"]}}],"collection":[{"href":"https:\/\/candeebaar.ee\/fi\/wp-json\/wp\/v2\/product"}],"about":[{"href":"https:\/\/candeebaar.ee\/fi\/wp-json\/wp\/v2\/types\/product"}],"version-history":[{"count":1,"href":"https:\/\/candeebaar.ee\/fi\/wp-json\/wp\/v2\/product\/4901\/revisions"}],"predecessor-version":[{"id":4902,"href":"https:\/\/candeebaar.ee\/fi\/wp-json\/wp\/v2\/product\/4901\/revisions\/4902"}],"wp:featuredmedia":[{"embeddable":true,"href":"https:\/\/candeebaar.ee\/fi\/wp-json\/wp\/v2\/media\/4903"}],"wp:attachment":[{"href":"https:\/\/candeebaar.ee\/fi\/wp-json\/wp\/v2\/media?parent=4901"}],"wp:term":[{"taxonomy":"product_brand","embeddable":true,"href":"https:\/\/candeebaar.ee\/fi\/wp-json\/wp\/v2\/product_brand?post=4901"},{"taxonomy":"product_cat","embeddable":true,"href":"https:\/\/candeebaar.ee\/fi\/wp-json\/wp\/v2\/product_cat?post=4901"},{"taxonomy":"product_tag","embeddable":true,"href":"https:\/\/candeebaar.ee\/fi\/wp-json\/wp\/v2\/product_tag?post=4901"}],"curies":[{"name":"wp","href":"https:\/\/api.w.org\/{rel}","templated":true}]}}