{"id":4915,"date":"2024-12-31T20:07:25","date_gmt":"2024-12-31T20:07:25","guid":{"rendered":"https:\/\/storetest.ivi.ee\/product\/callebaut-strawberry-chocolate-30-200g\/"},"modified":"2026-02-18T10:27:42","modified_gmt":"2026-02-18T08:27:42","slug":"callebaut-mansikkasuklaa-30-200g","status":"publish","type":"product","link":"https:\/\/candeebaar.ee\/fi\/kauppa\/callebaut-mansikkasuklaa-30-200g\/","title":{"rendered":"Callebaut mansikkasuklaa (30%) 200g"},"content":{"rendered":"<p>Vaaleanpunainen mansikan makuinen suklaa. T\u00e4ydellinen koristeluun, ganachesiin ja karkkeihin.<br \/>\nValmistettu valkosuklaasta, se on temperoitu aivan kuten tavallinen valkosuklaa.<br \/>\nKaakaopitoisuus 30%.<br \/>\nAinesosat: sokeri, kaakaovoi (30%), t\u00e4ysmaitojauhe, emulgointiaine: soijalesitiini, aromi, v\u00e4ri: E120, luonnollinen vanilja-aromi.<br \/>\n200g<\/p>\n<table style=\"height: 160px; width: 409px;\" width=\"409\">\n<tbody>\n<tr>\n<td style=\"width: 244px;\">Sis\u00e4lt\u00f6 per<\/td>\n<td style=\"width: 150.4px;\">100g<\/td>\n<\/tr>\n<tr>\n<td style=\"width: 244px;\">Ravintoarvo<\/td>\n<td style=\"width: 150.4px;\">567 kcal 2374 kJ<\/td>\n<\/tr>\n<tr>\n<td style=\"width: 244px;\">Rasvat (joista tyydyttyneit\u00e4)<\/td>\n<td style=\"width: 150.4px;\">36 g (22 g)<\/td>\n<\/tr>\n<tr>\n<td style=\"width: 244px;\">Hiilihydraatit (sokeri)<\/td>\n<td style=\"width: 150.4px;\">55 g (55 g)<\/td>\n<\/tr>\n<tr>\n<td style=\"width: 244px;\">Proteiinit<\/td>\n<td style=\"width: 150.4px;\">6,1 g<\/td>\n<\/tr>\n<tr>\n<td style=\"width: 244px;\">Suolaa<\/td>\n<td style=\"width: 150.4px;\">0,23 g<\/td>\n<\/tr>\n<\/tbody>\n<\/table>\n<p>Varastointil\u00e4mp\u00f6tila: <strong>12-20 \u00b0C<br \/>\n<\/strong>Sis\u00e4lt\u00e4\u00e4 <strong>maitoa, soijaa,<\/strong> aromilis\u00e4aineet, v\u00e4riaine E120<br \/>\nValmistettu Valmistaja: CALLEBAUT Belgia.<br \/>\nLis\u00e4ksi voit l\u00f6yt\u00e4\u00e4 verkkosivustolta monia uusia reseptej\u00e4 ja oppia heid\u00e4n tuotteistaan <a href=\"https:\/\/www.callebaut.com\/\">callebaut.com<\/a>.<\/p>\n<p>&nbsp;<\/p>","protected":false},"excerpt":{"rendered":"<p>Vaaleanpunainen mansikan makuinen suklaa. T\u00e4ydellinen koristeluun, ganachesiin ja karkkeihin. Valmistettu valkosuklaasta, se on temperoitu aivan kuten tavallinen valkosuklaa. Kaakaopitoisuus 30%. Ainesosat: sokeri, kaakaovoi (30%), t\u00e4ysmaitojauhe, emulgointiaine: soijalesitiini, aromi, v\u00e4ri: E120, luonnollinen vanilja-aromi. 200 g Sis\u00e4lt\u00f6 per 100 g Ravintoarvo 567 kcal 2374 kJ Rasvat ([\u2026<\/p>","protected":false},"featured_media":4861,"template":"","meta":{"_seopress_robots_primary_cat":"none","_seopress_titles_title":"","_seopress_titles_desc":"","_seopress_robots_index":""},"product_brand":[],"product_cat":[183,15,110],"product_tag":[],"class_list":{"0":"post-4915","1":"product","2":"type-product","3":"status-publish","4":"has-post-thumbnail","6":"product_cat-valentines-day","7":"product_cat-all-products","8":"product_cat-callebaut","9":"brand-callebaut","11":"first","12":"instock","13":"taxable","14":"shipping-taxable","15":"purchasable","16":"product-type-simple"},"_links":{"self":[{"href":"https:\/\/candeebaar.ee\/fi\/wp-json\/wp\/v2\/product\/4915","targetHints":{"allow":["GET"]}}],"collection":[{"href":"https:\/\/candeebaar.ee\/fi\/wp-json\/wp\/v2\/product"}],"about":[{"href":"https:\/\/candeebaar.ee\/fi\/wp-json\/wp\/v2\/types\/product"}],"version-history":[{"count":3,"href":"https:\/\/candeebaar.ee\/fi\/wp-json\/wp\/v2\/product\/4915\/revisions"}],"predecessor-version":[{"id":11921,"href":"https:\/\/candeebaar.ee\/fi\/wp-json\/wp\/v2\/product\/4915\/revisions\/11921"}],"wp:featuredmedia":[{"embeddable":true,"href":"https:\/\/candeebaar.ee\/fi\/wp-json\/wp\/v2\/media\/4861"}],"wp:attachment":[{"href":"https:\/\/candeebaar.ee\/fi\/wp-json\/wp\/v2\/media?parent=4915"}],"wp:term":[{"taxonomy":"product_brand","embeddable":true,"href":"https:\/\/candeebaar.ee\/fi\/wp-json\/wp\/v2\/product_brand?post=4915"},{"taxonomy":"product_cat","embeddable":true,"href":"https:\/\/candeebaar.ee\/fi\/wp-json\/wp\/v2\/product_cat?post=4915"},{"taxonomy":"product_tag","embeddable":true,"href":"https:\/\/candeebaar.ee\/fi\/wp-json\/wp\/v2\/product_tag?post=4915"}],"curies":[{"name":"wp","href":"https:\/\/api.w.org\/{rel}","templated":true}]}}