{"id":4924,"date":"2024-12-31T20:07:25","date_gmt":"2024-12-31T20:07:25","guid":{"rendered":"https:\/\/storetest.ivi.ee\/product\/salliselta-edible-pearls-80g-soft\/"},"modified":"2025-06-08T15:27:38","modified_gmt":"2025-06-08T13:27:38","slug":"salliselta-syotavat-helmet-80g-pehmeita","status":"publish","type":"product","link":"https:\/\/candeebaar.ee\/fi\/kauppa\/salliselta-syotavat-helmet-80g-pehmeita\/","title":{"rendered":"Salliselta sy\u00f6t\u00e4v\u00e4t helmet 80g (pehme\u00e4)"},"content":{"rendered":"<p>Sy\u00f6t\u00e4v\u00e4t helmikoristeet.<br \/>\nKoko: \u22484mm<br \/>\nV\u00e4ri: metallinen helmi<br \/>\nKoostumus: dekstroosi, sokeri, riisijauho, glukoosisiirappi, E173, aromit, E330, suola, gelatiini, E903<br \/>\nNettopaino: 80g<br \/>\nPakattu Suomessa.<\/p>","protected":false},"excerpt":{"rendered":"<p>Sy\u00f6t\u00e4v\u00e4t helmikoristeet. Koko: \u22484mm V\u00e4ri: metallihelmi Koostumus: dekstroosi, sokeri, riisijauho, glukoosisiirappi, E173, aromit, E330, suola, gelatiini, E903 Nettopaino: 80g Pakattu Suomessa.<\/p>","protected":false},"featured_media":4926,"template":"","meta":{"_seopress_robots_primary_cat":"","_seopress_titles_title":"","_seopress_titles_desc":"","_seopress_robots_index":""},"product_brand":[],"product_cat":[15,104],"product_tag":[],"class_list":{"0":"post-4924","1":"product","2":"type-product","3":"status-publish","4":"has-post-thumbnail","6":"product_cat-all-products","7":"product_cat-sprinkles","9":"first","10":"outofstock","11":"taxable","12":"shipping-taxable","13":"purchasable","14":"product-type-simple"},"_links":{"self":[{"href":"https:\/\/candeebaar.ee\/fi\/wp-json\/wp\/v2\/product\/4924","targetHints":{"allow":["GET"]}}],"collection":[{"href":"https:\/\/candeebaar.ee\/fi\/wp-json\/wp\/v2\/product"}],"about":[{"href":"https:\/\/candeebaar.ee\/fi\/wp-json\/wp\/v2\/types\/product"}],"version-history":[{"count":1,"href":"https:\/\/candeebaar.ee\/fi\/wp-json\/wp\/v2\/product\/4924\/revisions"}],"predecessor-version":[{"id":4925,"href":"https:\/\/candeebaar.ee\/fi\/wp-json\/wp\/v2\/product\/4924\/revisions\/4925"}],"wp:featuredmedia":[{"embeddable":true,"href":"https:\/\/candeebaar.ee\/fi\/wp-json\/wp\/v2\/media\/4926"}],"wp:attachment":[{"href":"https:\/\/candeebaar.ee\/fi\/wp-json\/wp\/v2\/media?parent=4924"}],"wp:term":[{"taxonomy":"product_brand","embeddable":true,"href":"https:\/\/candeebaar.ee\/fi\/wp-json\/wp\/v2\/product_brand?post=4924"},{"taxonomy":"product_cat","embeddable":true,"href":"https:\/\/candeebaar.ee\/fi\/wp-json\/wp\/v2\/product_cat?post=4924"},{"taxonomy":"product_tag","embeddable":true,"href":"https:\/\/candeebaar.ee\/fi\/wp-json\/wp\/v2\/product_tag?post=4924"}],"curies":[{"name":"wp","href":"https:\/\/api.w.org\/{rel}","templated":true}]}}