{"id":4932,"date":"2024-12-31T20:07:25","date_gmt":"2024-12-31T20:07:25","guid":{"rendered":"https:\/\/storetest.ivi.ee\/product\/box-for-cakes-30-30-10-with-double-sided-base\/"},"modified":"2026-02-23T11:35:47","modified_gmt":"2026-02-23T09:35:47","slug":"kakkulaatikko-30-30-10-kaksipuoleisella-pohjalla","status":"publish","type":"product","link":"https:\/\/candeebaar.ee\/fi\/kauppa\/kakkulaatikko-30-30-10-kaksipuoleisella-pohjalla\/","title":{"rendered":"Kakkurasia 30 30 10 kaksipuolinen"},"content":{"rendered":"<p>Laatikko sopii kevyille kakuille ja leivonnaisille.<br \/>\nSarja sis\u00e4lt\u00e4\u00e4 alustan.<br \/>\nMateriaali: pahvi<br \/>\nMitat: 30 x 30 x 10 cm<br \/>\nV\u00e4ri: kraft, valkoinen<br \/>\nToimitus vain Smartpost Itellan kautta<\/p>","protected":false},"excerpt":{"rendered":"<p>Laatikko sopii kevyille kakuille ja leivonnaisille. Setti sis\u00e4lt\u00e4\u00e4 alustan. Materiaali: pahvi Mitat: 30x30x10cm V\u00e4ri: kraft, valkoinen Toimitus vain Smartpost Itellan kautta<\/p>","protected":false},"featured_media":4934,"template":"","meta":{"_seopress_robots_primary_cat":"none","_seopress_titles_title":"","_seopress_titles_desc":"","_seopress_robots_index":""},"product_brand":[],"product_cat":[15,134],"product_tag":[],"class_list":{"0":"post-4932","1":"product","2":"type-product","3":"status-publish","4":"has-post-thumbnail","6":"product_cat-all-products","7":"product_cat-30cm-base","9":"first","10":"instock","11":"taxable","12":"shipping-taxable","13":"purchasable","14":"product-type-simple"},"_links":{"self":[{"href":"https:\/\/candeebaar.ee\/fi\/wp-json\/wp\/v2\/product\/4932","targetHints":{"allow":["GET"]}}],"collection":[{"href":"https:\/\/candeebaar.ee\/fi\/wp-json\/wp\/v2\/product"}],"about":[{"href":"https:\/\/candeebaar.ee\/fi\/wp-json\/wp\/v2\/types\/product"}],"version-history":[{"count":3,"href":"https:\/\/candeebaar.ee\/fi\/wp-json\/wp\/v2\/product\/4932\/revisions"}],"predecessor-version":[{"id":10247,"href":"https:\/\/candeebaar.ee\/fi\/wp-json\/wp\/v2\/product\/4932\/revisions\/10247"}],"wp:featuredmedia":[{"embeddable":true,"href":"https:\/\/candeebaar.ee\/fi\/wp-json\/wp\/v2\/media\/4934"}],"wp:attachment":[{"href":"https:\/\/candeebaar.ee\/fi\/wp-json\/wp\/v2\/media?parent=4932"}],"wp:term":[{"taxonomy":"product_brand","embeddable":true,"href":"https:\/\/candeebaar.ee\/fi\/wp-json\/wp\/v2\/product_brand?post=4932"},{"taxonomy":"product_cat","embeddable":true,"href":"https:\/\/candeebaar.ee\/fi\/wp-json\/wp\/v2\/product_cat?post=4932"},{"taxonomy":"product_tag","embeddable":true,"href":"https:\/\/candeebaar.ee\/fi\/wp-json\/wp\/v2\/product_tag?post=4932"}],"curies":[{"name":"wp","href":"https:\/\/api.w.org\/{rel}","templated":true}]}}