{"id":4938,"date":"2024-12-31T20:07:25","date_gmt":"2024-12-31T20:07:25","guid":{"rendered":"https:\/\/storetest.ivi.ee\/product\/box-for-9-cupcakes-double-sided-with-a-window\/"},"modified":"2026-04-24T16:04:59","modified_gmt":"2026-04-24T14:04:59","slug":"laatikko-9-cupcakelle-kaksipuolinen-ikkunallinen","status":"publish","type":"product","link":"https:\/\/candeebaar.ee\/fi\/kauppa\/laatikko-9-cupcakelle-kaksipuolinen-ikkunallinen\/","title":{"rendered":"Laatikko 9 cupcakelle, kaksipuolinen ikkunallinen"},"content":{"rendered":"<p>Laatikko cupcakeille<br \/>\nSiin\u00e4 on erityinen sis\u00e4osa, joka pit\u00e4\u00e4 kuppikakut tiukasti paikoillaan. Ikkuna l\u00e4pin\u00e4kyv\u00e4st\u00e4 muovista (ikkuna voi olla suorakaiteen muotoinen tai py\u00f6re\u00e4).<br \/>\nLeveys: 25 cm<br \/>\nPituus: 25 cm<br \/>\nKorkeus: 10 cm<br \/>\nKaksiv\u00e4rinen: valkoinen ja kraft<br \/>\nMateriaali: pahvi<br \/>\nHelppo koota.<\/p>\n<p>&nbsp;<\/p>","protected":false},"excerpt":{"rendered":"<p>Kuppikakkujen laatikko Sis\u00e4lt\u00e4\u00e4 erityisen sis\u00e4osan, joka pit\u00e4\u00e4 kuppikakut tiukasti paikoillaan. Ikkuna l\u00e4pin\u00e4kyv\u00e4st\u00e4 muovista (ikkuna voi olla suorakaiteen muotoinen tai py\u00f6re\u00e4). Leveys: 25cm Pituus: 25cm Korkeus: 10cm Kaksiv\u00e4rinen: valkoinen ja kraft Materiaali: pahvi Helppo koota. &nbsp;<\/p>","protected":false},"featured_media":4940,"template":"","meta":{"_seopress_robots_primary_cat":"none","_seopress_titles_title":"","_seopress_titles_desc":"","_seopress_robots_index":""},"product_brand":[],"product_cat":[15,152],"product_tag":[],"class_list":{"0":"post-4938","1":"product","2":"type-product","3":"status-publish","4":"has-post-thumbnail","6":"product_cat-all-products","7":"product_cat-cupcakes","9":"first","10":"instock","11":"taxable","12":"shipping-taxable","13":"purchasable","14":"product-type-simple"},"_links":{"self":[{"href":"https:\/\/candeebaar.ee\/fi\/wp-json\/wp\/v2\/product\/4938","targetHints":{"allow":["GET"]}}],"collection":[{"href":"https:\/\/candeebaar.ee\/fi\/wp-json\/wp\/v2\/product"}],"about":[{"href":"https:\/\/candeebaar.ee\/fi\/wp-json\/wp\/v2\/types\/product"}],"version-history":[{"count":2,"href":"https:\/\/candeebaar.ee\/fi\/wp-json\/wp\/v2\/product\/4938\/revisions"}],"predecessor-version":[{"id":9820,"href":"https:\/\/candeebaar.ee\/fi\/wp-json\/wp\/v2\/product\/4938\/revisions\/9820"}],"wp:featuredmedia":[{"embeddable":true,"href":"https:\/\/candeebaar.ee\/fi\/wp-json\/wp\/v2\/media\/4940"}],"wp:attachment":[{"href":"https:\/\/candeebaar.ee\/fi\/wp-json\/wp\/v2\/media?parent=4938"}],"wp:term":[{"taxonomy":"product_brand","embeddable":true,"href":"https:\/\/candeebaar.ee\/fi\/wp-json\/wp\/v2\/product_brand?post=4938"},{"taxonomy":"product_cat","embeddable":true,"href":"https:\/\/candeebaar.ee\/fi\/wp-json\/wp\/v2\/product_cat?post=4938"},{"taxonomy":"product_tag","embeddable":true,"href":"https:\/\/candeebaar.ee\/fi\/wp-json\/wp\/v2\/product_tag?post=4938"}],"curies":[{"name":"wp","href":"https:\/\/api.w.org\/{rel}","templated":true}]}}