{"id":4941,"date":"2024-12-31T20:07:25","date_gmt":"2024-12-31T20:07:25","guid":{"rendered":"https:\/\/storetest.ivi.ee\/product\/box-for-2-cupcakes-double-sided-with-a-window\/"},"modified":"2026-03-31T00:49:23","modified_gmt":"2026-03-30T22:49:23","slug":"laatikko-kahdelle-kakulle-kaksipuolinen-ikkunallinen","status":"publish","type":"product","link":"https:\/\/candeebaar.ee\/fi\/kauppa\/laatikko-kahdelle-kakulle-kaksipuolinen-ikkunallinen\/","title":{"rendered":"Laatikko kahdelle kakulle, kaksipuolinen ikkunallinen"},"content":{"rendered":"<p>Laatikko cupcakeille<br \/>\nSiin\u00e4 on erityinen sis\u00e4osa, joka pit\u00e4\u00e4 kuppikakut tiukasti paikoillaan. Ikkuna l\u00e4pin\u00e4kyv\u00e4st\u00e4 muovista.<br \/>\nLeveys 10 cm<br \/>\nPituus 16cm<br \/>\nKorkeus 10 cm<br \/>\nKaksiv\u00e4rinen: valkoinen ja kraft<br \/>\nMateriaali: pahvi<br \/>\nHelppo koota.<\/p>\n<p>&nbsp;<\/p>","protected":false},"excerpt":{"rendered":"<p>Kuppikakkujen laatikko Sis\u00e4lt\u00e4\u00e4 erityisen sis\u00e4osan, joka pit\u00e4\u00e4 kuppikakut tiukasti paikoillaan. Ikkuna l\u00e4pin\u00e4kyv\u00e4st\u00e4 muovista. Leveys 10cm Pituus 16cm Korkeus 10cm Kaksiv\u00e4rinen: valkoinen ja kraft Materiaali: pahvi Helppo koota. &nbsp;<\/p>","protected":false},"featured_media":4943,"template":"","meta":{"_seopress_robots_primary_cat":"none","_seopress_titles_title":"","_seopress_titles_desc":"","_seopress_robots_index":""},"product_brand":[],"product_cat":[15,152],"product_tag":[],"class_list":{"0":"post-4941","1":"product","2":"type-product","3":"status-publish","4":"has-post-thumbnail","6":"product_cat-all-products","7":"product_cat-cupcakes","9":"first","10":"instock","11":"taxable","12":"shipping-taxable","13":"purchasable","14":"product-type-simple"},"_links":{"self":[{"href":"https:\/\/candeebaar.ee\/fi\/wp-json\/wp\/v2\/product\/4941","targetHints":{"allow":["GET"]}}],"collection":[{"href":"https:\/\/candeebaar.ee\/fi\/wp-json\/wp\/v2\/product"}],"about":[{"href":"https:\/\/candeebaar.ee\/fi\/wp-json\/wp\/v2\/types\/product"}],"version-history":[{"count":2,"href":"https:\/\/candeebaar.ee\/fi\/wp-json\/wp\/v2\/product\/4941\/revisions"}],"predecessor-version":[{"id":13814,"href":"https:\/\/candeebaar.ee\/fi\/wp-json\/wp\/v2\/product\/4941\/revisions\/13814"}],"wp:featuredmedia":[{"embeddable":true,"href":"https:\/\/candeebaar.ee\/fi\/wp-json\/wp\/v2\/media\/4943"}],"wp:attachment":[{"href":"https:\/\/candeebaar.ee\/fi\/wp-json\/wp\/v2\/media?parent=4941"}],"wp:term":[{"taxonomy":"product_brand","embeddable":true,"href":"https:\/\/candeebaar.ee\/fi\/wp-json\/wp\/v2\/product_brand?post=4941"},{"taxonomy":"product_cat","embeddable":true,"href":"https:\/\/candeebaar.ee\/fi\/wp-json\/wp\/v2\/product_cat?post=4941"},{"taxonomy":"product_tag","embeddable":true,"href":"https:\/\/candeebaar.ee\/fi\/wp-json\/wp\/v2\/product_tag?post=4941"}],"curies":[{"name":"wp","href":"https:\/\/api.w.org\/{rel}","templated":true}]}}