{"id":4946,"date":"2024-12-31T20:07:25","date_gmt":"2024-12-31T20:07:25","guid":{"rendered":"https:\/\/storetest.ivi.ee\/product\/corn-starch-ruf-400g\/"},"modified":"2026-04-23T08:09:23","modified_gmt":"2026-04-23T06:09:23","slug":"maissitarkkelys-ruf-400g","status":"publish","type":"product","link":"https:\/\/candeebaar.ee\/fi\/kauppa\/maissitarkkelys-ruf-400g\/","title":{"rendered":"Maissit\u00e4rkkelys Ruf 400g"},"content":{"rendered":"<p>Maissit\u00e4rkkelyst\u00e4 elintarvikelis\u00e4aineena k\u00e4ytet\u00e4\u00e4n monien elintarvikkeiden sakeuttamiseen, hyytel\u00f6iden, kastikkeiden ja kastikkeiden valmistukseen.<br \/>\nSis\u00e4lt\u00f6 per 100g:<br \/>\n1488kJ 350kcal<br \/>\nRasvat (tyydyttyneet): 0,5 g (0 g)<br \/>\nHiilihydraatit (sokeri): 87g (0g)<br \/>\nProteiinit: 0,5 g<br \/>\nSuola: 0,09 g<br \/>\nPaino: 400g<br \/>\nSaattaa sis\u00e4lt\u00e4\u00e4 j\u00e4lki\u00e4 <strong>gluteenia<\/strong> ja <strong>laktoosi<\/strong>.<br \/>\nS\u00e4ilyt\u00e4 kuivassa paikassa suljetussa pakkauksessa.<\/p>","protected":false},"excerpt":{"rendered":"<p>Maissit\u00e4rkkelyst\u00e4 elintarvikelis\u00e4aineena k\u00e4ytet\u00e4\u00e4n monien elintarvikkeiden sakeuttamiseen, hyytel\u00f6iden, kastikkeiden ja kastikkeiden valmistukseen. Sis\u00e4lt\u00f6 per 100g: 1488kJ 350kcal Rasvat (tyydyttyneet): 0,5g (0g) Hiilihydraatit (sokerit): 87g (0g) Proteiinit: 0,5g Suola: 0,09g Paino: 400g Saattaa sis\u00e4lt\u00e4\u00e4 j\u00e4\u00e4mi\u00e4 gluteenista ja laktoosista. S\u00e4ilyt\u00e4 kuivassa paikassa suljetussa pakkauksessa.<\/p>","protected":false},"featured_media":4948,"template":"","meta":{"_seopress_robots_primary_cat":"","_seopress_titles_title":"","_seopress_titles_desc":"","_seopress_robots_index":""},"product_brand":[],"product_cat":[15,100,109],"product_tag":[],"class_list":{"0":"post-4946","1":"product","2":"type-product","3":"status-publish","4":"has-post-thumbnail","6":"product_cat-all-products","7":"product_cat-thickeners","8":"product_cat-sale","10":"first","11":"instock","12":"sale","13":"taxable","14":"shipping-taxable","15":"purchasable","16":"product-type-simple"},"_links":{"self":[{"href":"https:\/\/candeebaar.ee\/fi\/wp-json\/wp\/v2\/product\/4946","targetHints":{"allow":["GET"]}}],"collection":[{"href":"https:\/\/candeebaar.ee\/fi\/wp-json\/wp\/v2\/product"}],"about":[{"href":"https:\/\/candeebaar.ee\/fi\/wp-json\/wp\/v2\/types\/product"}],"version-history":[{"count":1,"href":"https:\/\/candeebaar.ee\/fi\/wp-json\/wp\/v2\/product\/4946\/revisions"}],"predecessor-version":[{"id":4947,"href":"https:\/\/candeebaar.ee\/fi\/wp-json\/wp\/v2\/product\/4946\/revisions\/4947"}],"wp:featuredmedia":[{"embeddable":true,"href":"https:\/\/candeebaar.ee\/fi\/wp-json\/wp\/v2\/media\/4948"}],"wp:attachment":[{"href":"https:\/\/candeebaar.ee\/fi\/wp-json\/wp\/v2\/media?parent=4946"}],"wp:term":[{"taxonomy":"product_brand","embeddable":true,"href":"https:\/\/candeebaar.ee\/fi\/wp-json\/wp\/v2\/product_brand?post=4946"},{"taxonomy":"product_cat","embeddable":true,"href":"https:\/\/candeebaar.ee\/fi\/wp-json\/wp\/v2\/product_cat?post=4946"},{"taxonomy":"product_tag","embeddable":true,"href":"https:\/\/candeebaar.ee\/fi\/wp-json\/wp\/v2\/product_tag?post=4946"}],"curies":[{"name":"wp","href":"https:\/\/api.w.org\/{rel}","templated":true}]}}