{"id":4958,"date":"2024-12-31T20:07:25","date_gmt":"2024-12-31T20:07:25","guid":{"rendered":"https:\/\/storetest.ivi.ee\/product\/gift-card-20e\/"},"modified":"2024-12-31T20:07:35","modified_gmt":"2024-12-31T20:07:35","slug":"lahjakortti-20e","status":"publish","type":"product","link":"https:\/\/candeebaar.ee\/fi\/kauppa\/lahjakortti-20e\/","title":{"rendered":"Lahjakortti 20\u20ac"},"content":{"rendered":"<p>Lahjakortti ostoksille myym\u00e4l\u00e4ss\u00e4mme.<br \/>\n Myym\u00e4l\u00e4mme tarjoaa lahjakorttipalvelun, jossa on mahdollisuus k\u00e4ytt\u00e4\u00e4 sek\u00e4 digitaalista ett\u00e4 fyysist\u00e4 versiota. Jokaiselle kortille on annettu yksil\u00f6llinen numero, joka tulee sy\u00f6tt\u00e4\u00e4 oston yhteydess\u00e4 tilauksen kommentteihin. Kun ostat lahjakortin, ilmoita mink\u00e4 korttivaihtoehdon haluat vastaanottaa. Korttia kannattaa k\u00e4ytt\u00e4\u00e4 yhdess\u00e4 tapahtumassa. Kortti on voimassa 1 vuoden.<\/p>","protected":false},"excerpt":{"rendered":"<p>Lahjakortti ostoksille myym\u00e4l\u00e4ss\u00e4mme. Myym\u00e4l\u00e4mme tarjoaa lahjakorttipalvelun, jossa on mahdollisuus k\u00e4ytt\u00e4\u00e4 sek\u00e4 digitaalista ett\u00e4 fyysist\u00e4 versiota. Jokaiselle kortille on annettu yksil\u00f6llinen numero, joka tulee sy\u00f6tt\u00e4\u00e4 oston yhteydess\u00e4 tilauksen kommentteihin. Kun ostat lahjakortin, ilmoita mink\u00e4 korttivaihtoehdon haluat [\u2026]<\/p>","protected":false},"featured_media":4960,"template":"","meta":{"_seopress_robots_primary_cat":"","_seopress_titles_title":"","_seopress_titles_desc":"","_seopress_robots_index":""},"product_brand":[],"product_cat":[15],"product_tag":[],"class_list":{"0":"post-4958","1":"product","2":"type-product","3":"status-publish","4":"has-post-thumbnail","6":"product_cat-all-products","8":"first","9":"instock","10":"taxable","11":"shipping-taxable","12":"purchasable","13":"product-type-simple"},"_links":{"self":[{"href":"https:\/\/candeebaar.ee\/fi\/wp-json\/wp\/v2\/product\/4958","targetHints":{"allow":["GET"]}}],"collection":[{"href":"https:\/\/candeebaar.ee\/fi\/wp-json\/wp\/v2\/product"}],"about":[{"href":"https:\/\/candeebaar.ee\/fi\/wp-json\/wp\/v2\/types\/product"}],"version-history":[{"count":1,"href":"https:\/\/candeebaar.ee\/fi\/wp-json\/wp\/v2\/product\/4958\/revisions"}],"predecessor-version":[{"id":4959,"href":"https:\/\/candeebaar.ee\/fi\/wp-json\/wp\/v2\/product\/4958\/revisions\/4959"}],"wp:featuredmedia":[{"embeddable":true,"href":"https:\/\/candeebaar.ee\/fi\/wp-json\/wp\/v2\/media\/4960"}],"wp:attachment":[{"href":"https:\/\/candeebaar.ee\/fi\/wp-json\/wp\/v2\/media?parent=4958"}],"wp:term":[{"taxonomy":"product_brand","embeddable":true,"href":"https:\/\/candeebaar.ee\/fi\/wp-json\/wp\/v2\/product_brand?post=4958"},{"taxonomy":"product_cat","embeddable":true,"href":"https:\/\/candeebaar.ee\/fi\/wp-json\/wp\/v2\/product_cat?post=4958"},{"taxonomy":"product_tag","embeddable":true,"href":"https:\/\/candeebaar.ee\/fi\/wp-json\/wp\/v2\/product_tag?post=4958"}],"curies":[{"name":"wp","href":"https:\/\/api.w.org\/{rel}","templated":true}]}}