{"id":4965,"date":"2024-12-31T20:07:25","date_gmt":"2024-12-31T20:07:25","guid":{"rendered":"https:\/\/storetest.ivi.ee\/product\/callebaut-chocolate-power-80-400g\/"},"modified":"2025-04-22T09:10:54","modified_gmt":"2025-04-22T07:10:54","slug":"callebaut-suklaa-teho-80-400g","status":"publish","type":"product","link":"https:\/\/candeebaar.ee\/fi\/kauppa\/callebaut-suklaa-teho-80-400g\/","title":{"rendered":"Callebaut Chocolate Power 80% 400g"},"content":{"rendered":"<p>Karvas Callebaut-suklaa.<br \/>\nKaakaopitoisuus 80%.<br \/>\nAinesosat: Kaakaomassa, Sokeri, v\u00e4h\u00e4rasvainen kaakaojauhe, Emulgointiaine: Lesitiini (<strong>soija<\/strong>), luonnollinen vanilja-aromi.<br \/>\nPaino: 400g<\/p>\n<table style=\"height: 160px; width: 409px;\" width=\"409\">\n<tbody>\n<tr>\n<td style=\"width: 244px;\">Sis\u00e4lt\u00f6 per<\/td>\n<td style=\"width: 150.4px;\">100g<\/td>\n<\/tr>\n<tr>\n<td style=\"width: 244px;\">Ravintoarvo<\/td>\n<td style=\"width: 150.4px;\">561 kcal 2374 kJ<\/td>\n<\/tr>\n<tr>\n<td style=\"width: 244px;\">Rasvat (joista tyydyttyneit\u00e4)<\/td>\n<td style=\"width: 150.4px;\">45 g (27 g)<\/td>\n<\/tr>\n<tr>\n<td style=\"width: 244px;\">Hiilihydraatit (sokeri)<\/td>\n<td style=\"width: 150.4px;\">21 g (16 g)<\/td>\n<\/tr>\n<tr>\n<td style=\"width: 244px;\">Proteiinit<\/td>\n<td style=\"width: 150.4px;\">10g<\/td>\n<\/tr>\n<tr>\n<td style=\"width: 244px;\">Suolaa<\/td>\n<td style=\"width: 150.4px;\">0,02 g<\/td>\n<\/tr>\n<\/tbody>\n<\/table>\n<p>Varastointil\u00e4mp\u00f6tila: <strong>12-20 \u00b0C<br \/>\n<\/strong>Saattaa sis\u00e4lt\u00e4\u00e4 <strong>maitoa.<\/strong><br \/>\nValmistaja: CALLEBAUT Belgia.<br \/>\nLis\u00e4tietoja on osoitteessa <a href=\"https:\/\/www.callebaut.com\/\">callebaut.com<\/a> Voit l\u00f6yt\u00e4\u00e4 monia uusia reseptej\u00e4 ja tutustua heid\u00e4n tuotteisiinsa.<\/p>\n<p>&nbsp;<\/p>","protected":false},"excerpt":{"rendered":"<p>Karvas Callebaut-suklaa. Kaakaopitoisuus 80%. Ainesosat: Kaakaomassa, Sokeri, v\u00e4h\u00e4rasvainen kaakaojauhe, Emulgointiaine: lesitiini (soija), luonnollinen vanilja-aromi. Paino: 400g Sis\u00e4lt\u00f6 per 100g Ravintoarvo 561 kcal 2374 kJ Rasvat (joista tyydyttyneit\u00e4) 45g (27g) Hiilihydraatit (sokeri) 21g (16g) Proteiinit 10g Suola 0,02g S\u00e4ilytysl\u00e4mp\u00f6tila: 12 - 20 \u00b0C Saa sis\u00e4lt\u00e4\u00e4 maitoa. Valmistaja: [\u2026]<\/p>","protected":false},"featured_media":4967,"template":"","meta":{"_seopress_robots_primary_cat":"none","_seopress_titles_title":"","_seopress_titles_desc":"","_seopress_robots_index":""},"product_brand":[],"product_cat":[15,110],"product_tag":[],"class_list":{"0":"post-4965","1":"product","2":"type-product","3":"status-publish","4":"has-post-thumbnail","6":"product_cat-all-products","7":"product_cat-callebaut","8":"brand-callebaut","10":"first","11":"instock","12":"taxable","13":"shipping-taxable","14":"purchasable","15":"product-type-simple"},"_links":{"self":[{"href":"https:\/\/candeebaar.ee\/fi\/wp-json\/wp\/v2\/product\/4965","targetHints":{"allow":["GET"]}}],"collection":[{"href":"https:\/\/candeebaar.ee\/fi\/wp-json\/wp\/v2\/product"}],"about":[{"href":"https:\/\/candeebaar.ee\/fi\/wp-json\/wp\/v2\/types\/product"}],"version-history":[{"count":3,"href":"https:\/\/candeebaar.ee\/fi\/wp-json\/wp\/v2\/product\/4965\/revisions"}],"predecessor-version":[{"id":11916,"href":"https:\/\/candeebaar.ee\/fi\/wp-json\/wp\/v2\/product\/4965\/revisions\/11916"}],"wp:featuredmedia":[{"embeddable":true,"href":"https:\/\/candeebaar.ee\/fi\/wp-json\/wp\/v2\/media\/4967"}],"wp:attachment":[{"href":"https:\/\/candeebaar.ee\/fi\/wp-json\/wp\/v2\/media?parent=4965"}],"wp:term":[{"taxonomy":"product_brand","embeddable":true,"href":"https:\/\/candeebaar.ee\/fi\/wp-json\/wp\/v2\/product_brand?post=4965"},{"taxonomy":"product_cat","embeddable":true,"href":"https:\/\/candeebaar.ee\/fi\/wp-json\/wp\/v2\/product_cat?post=4965"},{"taxonomy":"product_tag","embeddable":true,"href":"https:\/\/candeebaar.ee\/fi\/wp-json\/wp\/v2\/product_tag?post=4965"}],"curies":[{"name":"wp","href":"https:\/\/api.w.org\/{rel}","templated":true}]}}