{"id":4971,"date":"2024-12-31T20:07:40","date_gmt":"2024-12-31T20:07:40","guid":{"rendered":"https:\/\/storetest.ivi.ee\/product\/callebaut-lemon-chocolate-27-5-200g\/"},"modified":"2025-12-16T09:54:01","modified_gmt":"2025-12-16T07:54:01","slug":"callebaut-sitruunasuklaa-27-5-200g","status":"publish","type":"product","link":"https:\/\/candeebaar.ee\/fi\/kauppa\/callebaut-sitruunasuklaa-27-5-200g\/","title":{"rendered":"Callebaut Sitruunasuklaa 27.5% 200g"},"content":{"rendered":"<p>Callebaut Sitruunasuklaa. Valmistettu sitruunamakuisesta valkosuklaasta.<br \/>\nV\u00e4ri: vihre\u00e4<br \/>\nKaakaopitoisuus 27.5%.<br \/>\nAinesosat: sokeri, kaakaovoi, kokonainen <strong>MAITO<\/strong> Jauhe, emulgointiaine: Lesitiinit (<strong>SOIJA<\/strong>), luonnollinen sitruunaaromi, v\u00e4rit: E132, E100, luonnollinen vanilja-aromi<br \/>\n200g<\/p>\n<table style=\"height: 138px; width: 409px;\" width=\"409\">\n<tbody>\n<tr style=\"height: 23px;\">\n<td style=\"width: 244px; height: 23px;\">Sis\u00e4lt\u00f6 per<\/td>\n<td style=\"width: 150.4px; height: 23px;\">100g<\/td>\n<\/tr>\n<tr style=\"height: 23px;\">\n<td style=\"width: 244px; height: 23px;\">Ravintoarvo<\/td>\n<td style=\"width: 150.4px; height: 23px;\">559 kcal 2340 kJ<\/td>\n<\/tr>\n<tr style=\"height: 23px;\">\n<td style=\"width: 244px; height: 23px;\">Rasvat (mukaan lukien tyydyttyneet)<\/td>\n<td style=\"width: 150.4px; height: 23px;\">34 g (20 g)<\/td>\n<\/tr>\n<tr style=\"height: 23px;\">\n<td style=\"width: 244px; height: 23px;\">Hiilihydraatit (sokeri)<\/td>\n<td style=\"width: 150.4px; height: 23px;\">59 g (58 g)<\/td>\n<\/tr>\n<tr style=\"height: 23px;\">\n<td style=\"width: 244px; height: 23px;\">Proteiinit<\/td>\n<td style=\"width: 150.4px; height: 23px;\">5,1 g<\/td>\n<\/tr>\n<tr style=\"height: 23px;\">\n<td style=\"width: 244px; height: 23px;\">Suolaa<\/td>\n<td style=\"width: 150.4px; height: 23px;\">0,18 g<\/td>\n<\/tr>\n<\/tbody>\n<\/table>\n<p>Varastointil\u00e4mp\u00f6tila: <strong>12-20 \u00b0C<br \/>\n<\/strong>Valmistaja: CALLEBAUT Belgia.<br \/>\nLis\u00e4ksi voit l\u00f6yt\u00e4\u00e4 verkkosivuilta monia uusia reseptej\u00e4 ja tutustua heid\u00e4n tuotteisiinsa <a href=\"https:\/\/www.callebaut.com\/\">callebaut.com<\/a>.<\/p>\n<p>&nbsp;<\/p>","protected":false},"excerpt":{"rendered":"<p>Callebaut Sitruunasuklaa. Valmistettu sitruunamakuisesta valkosuklaasta. V\u00e4ri: vihre\u00e4 Kaakaopitoisuus 27.5%. Ainesosat: sokeri, kaakaovoi, t\u00e4ysmaitojauhe, emulgointiaine: lesitiinit (SOIJA), luontainen sitruunaaromi, v\u00e4rit: E132, E100, luonnollinen vanilja-aromi 200g 100g:n pitoisuus Ravintoarvo 559 kcal 2340 kJ (sis\u00e4lt\u00e4\u00e4 hiilihydraattia)0g. (sokeri) 59 g (58 g) Proteiinit 5,1 g [\u2026]<\/p>","protected":false},"featured_media":4973,"template":"","meta":{"_seopress_robots_primary_cat":"none","_seopress_titles_title":"","_seopress_titles_desc":"","_seopress_robots_index":""},"product_brand":[],"product_cat":[15,110],"product_tag":[],"class_list":{"0":"post-4971","1":"product","2":"type-product","3":"status-publish","4":"has-post-thumbnail","6":"product_cat-all-products","7":"product_cat-callebaut","8":"brand-callebaut","10":"first","11":"instock","12":"taxable","13":"shipping-taxable","14":"purchasable","15":"product-type-simple"},"_links":{"self":[{"href":"https:\/\/candeebaar.ee\/fi\/wp-json\/wp\/v2\/product\/4971","targetHints":{"allow":["GET"]}}],"collection":[{"href":"https:\/\/candeebaar.ee\/fi\/wp-json\/wp\/v2\/product"}],"about":[{"href":"https:\/\/candeebaar.ee\/fi\/wp-json\/wp\/v2\/types\/product"}],"version-history":[{"count":2,"href":"https:\/\/candeebaar.ee\/fi\/wp-json\/wp\/v2\/product\/4971\/revisions"}],"predecessor-version":[{"id":11925,"href":"https:\/\/candeebaar.ee\/fi\/wp-json\/wp\/v2\/product\/4971\/revisions\/11925"}],"wp:featuredmedia":[{"embeddable":true,"href":"https:\/\/candeebaar.ee\/fi\/wp-json\/wp\/v2\/media\/4973"}],"wp:attachment":[{"href":"https:\/\/candeebaar.ee\/fi\/wp-json\/wp\/v2\/media?parent=4971"}],"wp:term":[{"taxonomy":"product_brand","embeddable":true,"href":"https:\/\/candeebaar.ee\/fi\/wp-json\/wp\/v2\/product_brand?post=4971"},{"taxonomy":"product_cat","embeddable":true,"href":"https:\/\/candeebaar.ee\/fi\/wp-json\/wp\/v2\/product_cat?post=4971"},{"taxonomy":"product_tag","embeddable":true,"href":"https:\/\/candeebaar.ee\/fi\/wp-json\/wp\/v2\/product_tag?post=4971"}],"curies":[{"name":"wp","href":"https:\/\/api.w.org\/{rel}","templated":true}]}}