{"id":4992,"date":"2024-12-31T20:07:40","date_gmt":"2024-12-31T20:07:40","guid":{"rendered":"https:\/\/storetest.ivi.ee\/product\/base-200x1mm\/"},"modified":"2025-10-18T10:14:47","modified_gmt":"2025-10-18T08:14:47","slug":"pohja-200x1mm","status":"publish","type":"product","link":"https:\/\/candeebaar.ee\/fi\/kauppa\/pohja-200x1mm\/","title":{"rendered":"Kakkulauta 200x1mm"},"content":{"rendered":"<p>Pohja kosteutta kest\u00e4v\u00e4st\u00e4 pahvista.<br \/>\nTarvitaan j\u00e4lkiruokien asianmukaiseen s\u00e4ilytykseen, kuljetukseen ja tarjoiluun.<br \/>\nSopii minikakkuihin ja suuriin leivonnaisiin.<br \/>\nPaksuus: 1mm<br \/>\nHalkaisija: 200mm<br \/>\nV\u00e4ri: kulta<\/p>","protected":false},"excerpt":{"rendered":"<p>Pohja kosteutta kest\u00e4v\u00e4st\u00e4 pahvista. Tarvitaan j\u00e4lkiruokien asianmukaiseen s\u00e4ilytykseen, kuljetukseen ja tarjoiluun. Sopii minikakkuihin ja suuriin leivonnaisiin. Paksuus: 1mm Halkaisija: 200mm V\u00e4ri: kulta<\/p>","protected":false},"featured_media":0,"template":"","meta":{"_seopress_robots_primary_cat":"none","_seopress_titles_title":"","_seopress_titles_desc":"","_seopress_robots_index":""},"product_brand":[],"product_cat":[15,141],"product_tag":[],"class_list":{"0":"post-4992","1":"product","2":"type-product","3":"status-publish","5":"product_cat-all-products","6":"product_cat-20cm","8":"first","9":"outofstock","10":"taxable","11":"shipping-taxable","12":"purchasable","13":"product-type-simple"},"_links":{"self":[{"href":"https:\/\/candeebaar.ee\/fi\/wp-json\/wp\/v2\/product\/4992","targetHints":{"allow":["GET"]}}],"collection":[{"href":"https:\/\/candeebaar.ee\/fi\/wp-json\/wp\/v2\/product"}],"about":[{"href":"https:\/\/candeebaar.ee\/fi\/wp-json\/wp\/v2\/types\/product"}],"version-history":[{"count":2,"href":"https:\/\/candeebaar.ee\/fi\/wp-json\/wp\/v2\/product\/4992\/revisions"}],"predecessor-version":[{"id":9152,"href":"https:\/\/candeebaar.ee\/fi\/wp-json\/wp\/v2\/product\/4992\/revisions\/9152"}],"wp:attachment":[{"href":"https:\/\/candeebaar.ee\/fi\/wp-json\/wp\/v2\/media?parent=4992"}],"wp:term":[{"taxonomy":"product_brand","embeddable":true,"href":"https:\/\/candeebaar.ee\/fi\/wp-json\/wp\/v2\/product_brand?post=4992"},{"taxonomy":"product_cat","embeddable":true,"href":"https:\/\/candeebaar.ee\/fi\/wp-json\/wp\/v2\/product_cat?post=4992"},{"taxonomy":"product_tag","embeddable":true,"href":"https:\/\/candeebaar.ee\/fi\/wp-json\/wp\/v2\/product_tag?post=4992"}],"curies":[{"name":"wp","href":"https:\/\/api.w.org\/{rel}","templated":true}]}}