{"id":4994,"date":"2024-12-31T20:07:40","date_gmt":"2024-12-31T20:07:40","guid":{"rendered":"https:\/\/storetest.ivi.ee\/product\/base-240x1mm-gold\/"},"modified":"2025-04-02T11:23:22","modified_gmt":"2025-04-02T09:23:22","slug":"pohja-240x1mm-kultaa","status":"publish","type":"product","link":"https:\/\/candeebaar.ee\/fi\/kauppa\/pohja-240x1mm-kultaa\/","title":{"rendered":"Cake Board 240x1mm kultaa"},"content":{"rendered":"<p>Pohja on valmistettu kosteutta kest\u00e4v\u00e4st\u00e4 pahvista ja on kaksipuolinen.<br \/>\nSe on v\u00e4ltt\u00e4m\u00e4t\u00f6n j\u00e4lkiruokien asianmukaisen varastoinnin, kuljetuksen ja tarjoilun kannalta.<br \/>\nSopii minikakkuihin ja suuriin leivonnaisiin.<br \/>\nPaksuus 1mm<br \/>\nHalkaisija 240mm<br \/>\nV\u00e4ri: kulta<\/p>","protected":false},"excerpt":{"rendered":"<p>Pohja on valmistettu kosteutta kest\u00e4v\u00e4st\u00e4 pahvista ja on kaksipuolinen. Se on v\u00e4ltt\u00e4m\u00e4t\u00f6n j\u00e4lkiruokien asianmukaisen varastoinnin, kuljetuksen ja tarjoilun kannalta. Sopii minikakkuihin ja suuriin leivonnaisiin. Paksuus 1mm Halkaisija 240mm V\u00e4ri: kulta<\/p>","protected":false},"featured_media":0,"template":"","meta":{"_seopress_robots_primary_cat":"","_seopress_titles_title":"","_seopress_titles_desc":"","_seopress_robots_index":""},"product_brand":[],"product_cat":[15,143],"product_tag":[],"class_list":{"0":"post-4994","1":"product","2":"type-product","3":"status-publish","5":"product_cat-all-products","6":"product_cat-24cm","8":"first","9":"outofstock","10":"taxable","11":"shipping-taxable","12":"purchasable","13":"product-type-simple"},"_links":{"self":[{"href":"https:\/\/candeebaar.ee\/fi\/wp-json\/wp\/v2\/product\/4994","targetHints":{"allow":["GET"]}}],"collection":[{"href":"https:\/\/candeebaar.ee\/fi\/wp-json\/wp\/v2\/product"}],"about":[{"href":"https:\/\/candeebaar.ee\/fi\/wp-json\/wp\/v2\/types\/product"}],"version-history":[{"count":2,"href":"https:\/\/candeebaar.ee\/fi\/wp-json\/wp\/v2\/product\/4994\/revisions"}],"predecessor-version":[{"id":9154,"href":"https:\/\/candeebaar.ee\/fi\/wp-json\/wp\/v2\/product\/4994\/revisions\/9154"}],"wp:attachment":[{"href":"https:\/\/candeebaar.ee\/fi\/wp-json\/wp\/v2\/media?parent=4994"}],"wp:term":[{"taxonomy":"product_brand","embeddable":true,"href":"https:\/\/candeebaar.ee\/fi\/wp-json\/wp\/v2\/product_brand?post=4994"},{"taxonomy":"product_cat","embeddable":true,"href":"https:\/\/candeebaar.ee\/fi\/wp-json\/wp\/v2\/product_cat?post=4994"},{"taxonomy":"product_tag","embeddable":true,"href":"https:\/\/candeebaar.ee\/fi\/wp-json\/wp\/v2\/product_tag?post=4994"}],"curies":[{"name":"wp","href":"https:\/\/api.w.org\/{rel}","templated":true}]}}